{"id":45,"date":"2020-02-18T11:52:31","date_gmt":"2020-02-18T11:52:31","guid":{"rendered":"https:\/\/demo04.houzez.co\/?page_id=45"},"modified":"2020-02-18T11:52:31","modified_gmt":"2020-02-18T11:52:31","slug":"with-content-bottom","status":"publish","type":"page","link":"https:\/\/aslan-invest.com\/tr\/with-content-bottom\/","title":{"rendered":"\u0130\u00e7erik Alt K\u0131sm\u0131 ile"},"content":{"rendered":"<div data-elementor-type=\"wp-page\" data-elementor-id=\"45\" class=\"elementor elementor-45\" data-elementor-post-type=\"page\">\n\t\t\t\t\t\t<section class=\"elementor-section elementor-top-section elementor-element elementor-element-62a94b62 elementor-section-boxed elementor-section-height-default elementor-section-height-default\" data-id=\"62a94b62\" data-element_type=\"section\">\n\t\t\t\t\t\t<div class=\"elementor-container elementor-column-gap-default\">\n\t\t\t\t\t<div class=\"elementor-column elementor-col-100 elementor-top-column elementor-element elementor-element-33cb1e23\" data-id=\"33cb1e23\" data-element_type=\"column\">\n\t\t\t<div class=\"elementor-widget-wrap elementor-element-populated\">\n\t\t\t\t\t\t<div class=\"elementor-element elementor-element-6c6a0c36 elementor-widget elementor-widget-text-editor\" data-id=\"6c6a0c36\" data-element_type=\"widget\" data-widget_type=\"text-editor.default\">\n\t\t\t\t<div class=\"elementor-widget-container\">\n\t\t\t<style>\/*! elementor - v3.23.0 - 05-08-2024 *\/\n.elementor-widget-text-editor.elementor-drop-cap-view-stacked .elementor-drop-cap{background-color:#69727d;color:#fff}.elementor-widget-text-editor.elementor-drop-cap-view-framed .elementor-drop-cap{color:#69727d;border:3px solid;background-color:transparent}.elementor-widget-text-editor:not(.elementor-drop-cap-view-default) .elementor-drop-cap{margin-top:8px}.elementor-widget-text-editor:not(.elementor-drop-cap-view-default) .elementor-drop-cap-letter{width:1em;height:1em}.elementor-widget-text-editor .elementor-drop-cap{float:left;text-align:center;line-height:1;font-size:50px}.elementor-widget-text-editor .elementor-drop-cap-letter{display:inline-block}<\/style>\t\t\t\t<!-- wp:paragraph -->\n<p>Quisque purus metus, feugiat faucibus faucibus ut, vestibulum vitae mi. Praesent tortor nulla, fringilla ut efficitur quis, rutrum eget lectus. Ba\u015fka bir \u015fey de\u011fil, ba\u015fka bir \u015fey de\u011fil. Hayat\u0131n\u0131 bir an \u00f6nce anlatman\u0131n bir yolu var. Donec ut metus in nulla convallis porta. Odio orci&#039;de Sed. Nam rutrum ipsum elit, id facilisis nisi rutrum quis.<\/p>\n<!-- \/wp:paragraph -->\n\n<!-- wp:paragraph -->\n<p>Lorem ipsum dolor sit amet, consectetur adipiscing elit. Nunc pretium, eleifend molestie&#039;de lorem, mauris tortor rutrum quam, sed gravida justo ligula non eros. Sed rutrum nisi vitae eros ultrices, vitae rutrum mi semper.<\/p>\n<!-- \/wp:paragraph -->\t\t\t\t\t\t<\/div>\n\t\t\t\t<\/div>\n\t\t\t\t\t<\/div>\n\t\t<\/div>\n\t\t\t\t\t<\/div>\n\t\t<\/section>\n\t\t\t\t<\/div>","protected":false},"excerpt":{"rendered":"<p>Quisque purus metus, feugiat faucibus faucibus ut, vestibulum vitae mi. Praesent tortor nulla, fringilla ut efficitur quis, rutrum eget lectus. Ba\u015fka bir \u015fey de\u011fil, ba\u015fka bir \u015fey de\u011fil. Hayat\u0131n\u0131 bir an \u00f6nce anlatmal\u0131s\u0131n. Donec ut metus in nulla convallis porta. Odio orci&#039;de Sed. Nam rutrum ipsum elit, id facilisis nisi [\u2026]<\/p>","protected":false},"author":1,"featured_media":0,"parent":0,"menu_order":0,"comment_status":"closed","ping_status":"closed","template":"template\/template-listing-grid-v5.php","meta":{"_monsterinsights_skip_tracking":false,"_monsterinsights_sitenote_active":false,"_monsterinsights_sitenote_note":"","_monsterinsights_sitenote_category":0,"footnotes":""},"class_list":["post-45","page","type-page","status-publish","hentry"],"yoast_head":"<!-- This site is optimized with the Yoast SEO plugin v23.4 - https:\/\/yoast.com\/wordpress\/plugins\/seo\/ -->\n<title>With Content Bottom - Aslan Invest Real Estate<\/title>\n<meta name=\"robots\" content=\"index, follow, max-snippet:-1, max-image-preview:large, max-video-preview:-1\" \/>\n<link rel=\"canonical\" href=\"https:\/\/aslan-invest.com\/tr\/with-content-bottom\/\" \/>\n<meta property=\"og:locale\" content=\"tr_TR\" \/>\n<meta property=\"og:type\" content=\"article\" \/>\n<meta property=\"og:title\" content=\"With Content Bottom - Aslan Invest Real Estate\" \/>\n<meta property=\"og:description\" content=\"Quisque purus metus, feugiat faucibus faucibus ut, vestibulum vitae mi. Praesent tortor nulla, fringilla ut efficitur quis, rutrum eget lectus. Fusce nec dui nec neque volutpat egestas. Maecenas vitae diam ac tellus aliquet volutpat eget vitae nisl. Donec ut metus in nulla convallis porta. Sed in odio orci. Nam rutrum ipsum elit, id facilisis nisi [&hellip;]\" \/>\n<meta property=\"og:url\" content=\"https:\/\/aslan-invest.com\/tr\/with-content-bottom\/\" \/>\n<meta property=\"og:site_name\" content=\"Aslan Invest Real Estate\" \/>\n<meta name=\"twitter:card\" content=\"summary_large_image\" \/>\n<script type=\"application\/ld+json\" class=\"yoast-schema-graph\">{\"@context\":\"https:\/\/schema.org\",\"@graph\":[{\"@type\":\"WebPage\",\"@id\":\"https:\/\/aslan-invest.com\/with-content-bottom\/\",\"url\":\"https:\/\/aslan-invest.com\/with-content-bottom\/\",\"name\":\"With Content Bottom - Aslan Invest Real Estate\",\"isPartOf\":{\"@id\":\"https:\/\/aslan-invest.com\/#website\"},\"datePublished\":\"2020-02-18T11:52:31+00:00\",\"dateModified\":\"2020-02-18T11:52:31+00:00\",\"breadcrumb\":{\"@id\":\"https:\/\/aslan-invest.com\/with-content-bottom\/#breadcrumb\"},\"inLanguage\":\"tr\",\"potentialAction\":[{\"@type\":\"ReadAction\",\"target\":[\"https:\/\/aslan-invest.com\/with-content-bottom\/\"]}]},{\"@type\":\"BreadcrumbList\",\"@id\":\"https:\/\/aslan-invest.com\/with-content-bottom\/#breadcrumb\",\"itemListElement\":[{\"@type\":\"ListItem\",\"position\":1,\"name\":\"Anasayfa\",\"item\":\"https:\/\/aslan-invest.com\/\"},{\"@type\":\"ListItem\",\"position\":2,\"name\":\"With Content Bottom\"}]},{\"@type\":\"WebSite\",\"@id\":\"https:\/\/aslan-invest.com\/#website\",\"url\":\"https:\/\/aslan-invest.com\/\",\"name\":\"Aslan Invest Real Estate\",\"description\":\"Alanya Real Estate | Investment\",\"publisher\":{\"@id\":\"https:\/\/aslan-invest.com\/#organization\"},\"potentialAction\":[{\"@type\":\"SearchAction\",\"target\":{\"@type\":\"EntryPoint\",\"urlTemplate\":\"https:\/\/aslan-invest.com\/?s={search_term_string}\"},\"query-input\":{\"@type\":\"PropertyValueSpecification\",\"valueRequired\":true,\"valueName\":\"search_term_string\"}}],\"inLanguage\":\"tr\"},{\"@type\":\"Organization\",\"@id\":\"https:\/\/aslan-invest.com\/#organization\",\"name\":\"Aslan Invest Real Estate\",\"url\":\"https:\/\/aslan-invest.com\/\",\"logo\":{\"@type\":\"ImageObject\",\"inLanguage\":\"tr\",\"@id\":\"https:\/\/aslan-invest.com\/#\/schema\/logo\/image\/\",\"url\":\"https:\/\/aslan-invest.com\/wp-content\/uploads\/2026\/01\/aslan-invest-LOGO-1-1-scaled-e1769624144110.png\",\"contentUrl\":\"https:\/\/aslan-invest.com\/wp-content\/uploads\/2026\/01\/aslan-invest-LOGO-1-1-scaled-e1769624144110.png\",\"width\":2517,\"height\":1479,\"caption\":\"Aslan Invest Real Estate\"},\"image\":{\"@id\":\"https:\/\/aslan-invest.com\/#\/schema\/logo\/image\/\"},\"sameAs\":[\"https:\/\/www.instagram.com\/.aslaninvest.realestate\"]}]}<\/script>\n<!-- \/ Yoast SEO plugin. -->","yoast_head_json":{"title":"With Content Bottom - Aslan Invest Real Estate","robots":{"index":"index","follow":"follow","max-snippet":"max-snippet:-1","max-image-preview":"max-image-preview:large","max-video-preview":"max-video-preview:-1"},"canonical":"https:\/\/aslan-invest.com\/tr\/with-content-bottom\/","og_locale":"tr_TR","og_type":"article","og_title":"With Content Bottom - Aslan Invest Real Estate","og_description":"Quisque purus metus, feugiat faucibus faucibus ut, vestibulum vitae mi. Praesent tortor nulla, fringilla ut efficitur quis, rutrum eget lectus. Fusce nec dui nec neque volutpat egestas. Maecenas vitae diam ac tellus aliquet volutpat eget vitae nisl. Donec ut metus in nulla convallis porta. Sed in odio orci. Nam rutrum ipsum elit, id facilisis nisi [&hellip;]","og_url":"https:\/\/aslan-invest.com\/tr\/with-content-bottom\/","og_site_name":"Aslan Invest Real Estate","twitter_card":"summary_large_image","schema":{"@context":"https:\/\/schema.org","@graph":[{"@type":"WebPage","@id":"https:\/\/aslan-invest.com\/with-content-bottom\/","url":"https:\/\/aslan-invest.com\/with-content-bottom\/","name":"With Content Bottom - Aslan Invest Real Estate","isPartOf":{"@id":"https:\/\/aslan-invest.com\/#website"},"datePublished":"2020-02-18T11:52:31+00:00","dateModified":"2020-02-18T11:52:31+00:00","breadcrumb":{"@id":"https:\/\/aslan-invest.com\/with-content-bottom\/#breadcrumb"},"inLanguage":"tr","potentialAction":[{"@type":"ReadAction","target":["https:\/\/aslan-invest.com\/with-content-bottom\/"]}]},{"@type":"BreadcrumbList","@id":"https:\/\/aslan-invest.com\/with-content-bottom\/#breadcrumb","itemListElement":[{"@type":"ListItem","position":1,"name":"Anasayfa","item":"https:\/\/aslan-invest.com\/"},{"@type":"ListItem","position":2,"name":"With Content Bottom"}]},{"@type":"WebSite","@id":"https:\/\/aslan-invest.com\/#website","url":"https:\/\/aslan-invest.com\/","name":"Aslan Invest Real Estate","description":"Alanya Real Estate | Investment","publisher":{"@id":"https:\/\/aslan-invest.com\/#organization"},"potentialAction":[{"@type":"SearchAction","target":{"@type":"EntryPoint","urlTemplate":"https:\/\/aslan-invest.com\/?s={search_term_string}"},"query-input":{"@type":"PropertyValueSpecification","valueRequired":true,"valueName":"search_term_string"}}],"inLanguage":"tr"},{"@type":"Organization","@id":"https:\/\/aslan-invest.com\/#organization","name":"Aslan Invest Real Estate","url":"https:\/\/aslan-invest.com\/","logo":{"@type":"ImageObject","inLanguage":"tr","@id":"https:\/\/aslan-invest.com\/#\/schema\/logo\/image\/","url":"https:\/\/aslan-invest.com\/wp-content\/uploads\/2026\/01\/aslan-invest-LOGO-1-1-scaled-e1769624144110.png","contentUrl":"https:\/\/aslan-invest.com\/wp-content\/uploads\/2026\/01\/aslan-invest-LOGO-1-1-scaled-e1769624144110.png","width":2517,"height":1479,"caption":"Aslan Invest Real Estate"},"image":{"@id":"https:\/\/aslan-invest.com\/#\/schema\/logo\/image\/"},"sameAs":["https:\/\/www.instagram.com\/.aslaninvest.realestate"]}]}},"_links":{"self":[{"href":"https:\/\/aslan-invest.com\/tr\/wp-json\/wp\/v2\/pages\/45","targetHints":{"allow":["GET"]}}],"collection":[{"href":"https:\/\/aslan-invest.com\/tr\/wp-json\/wp\/v2\/pages"}],"about":[{"href":"https:\/\/aslan-invest.com\/tr\/wp-json\/wp\/v2\/types\/page"}],"author":[{"embeddable":true,"href":"https:\/\/aslan-invest.com\/tr\/wp-json\/wp\/v2\/users\/1"}],"replies":[{"embeddable":true,"href":"https:\/\/aslan-invest.com\/tr\/wp-json\/wp\/v2\/comments?post=45"}],"version-history":[{"count":0,"href":"https:\/\/aslan-invest.com\/tr\/wp-json\/wp\/v2\/pages\/45\/revisions"}],"wp:attachment":[{"href":"https:\/\/aslan-invest.com\/tr\/wp-json\/wp\/v2\/media?parent=45"}],"curies":[{"name":"wp","href":"https:\/\/api.w.org\/{rel}","templated":true}]}}