{"id":27993,"date":"2024-11-22T22:16:43","date_gmt":"2024-11-22T19:16:43","guid":{"rendered":"https:\/\/aslan-invest.com\/?page_id=27993"},"modified":"2024-12-10T20:44:56","modified_gmt":"2024-12-10T17:44:56","slug":"alanya-for-sale-property-4","status":"publish","type":"page","link":"https:\/\/aslan-invest.com\/tr\/alanya-for-sale-property-4\/","title":{"rendered":"Alanya Sat\u0131l\u0131k Emlak"},"content":{"rendered":"<div data-elementor-type=\"wp-page\" data-elementor-id=\"27993\" class=\"elementor elementor-27993\" data-elementor-post-type=\"page\">\n\t\t\t\t<div class=\"elementor-element elementor-element-db4c734 e-flex e-con-boxed e-con e-parent\" data-id=\"db4c734\" data-element_type=\"container\">\n\t\t\t\t\t<div class=\"e-con-inner\">\n\t\t\t\t<div class=\"elementor-element elementor-element-5a8476b elementor-widget elementor-widget-heading\" data-id=\"5a8476b\" data-element_type=\"widget\" data-widget_type=\"heading.default\">\n\t\t\t\t<div class=\"elementor-widget-container\">\n\t\t\t<style>\/*! elementor - v3.23.0 - 05-08-2024 *\/\n.elementor-heading-title{padding:0;margin:0;line-height:1}.elementor-widget-heading .elementor-heading-title[class*=elementor-size-]>a{color:inherit;font-size:inherit;line-height:inherit}.elementor-widget-heading .elementor-heading-title.elementor-size-small{font-size:15px}.elementor-widget-heading .elementor-heading-title.elementor-size-medium{font-size:19px}.elementor-widget-heading .elementor-heading-title.elementor-size-large{font-size:29px}.elementor-widget-heading .elementor-heading-title.elementor-size-xl{font-size:39px}.elementor-widget-heading .elementor-heading-title.elementor-size-xxl{font-size:59px}<\/style><h1 class=\"elementor-heading-title elementor-size-default\">Alanya Sat\u0131l\u0131k Emlak - Aslan Invest ile G\u00fcvenilir Orta\u011f\u0131n\u0131z<\/h1>\t\t<\/div>\n\t\t\t\t<\/div>\n\t\t\t\t<div class=\"elementor-element elementor-element-aa385a5 elementor-widget elementor-widget-text-editor\" data-id=\"aa385a5\" data-element_type=\"widget\" data-widget_type=\"text-editor.default\">\n\t\t\t\t<div class=\"elementor-widget-container\">\n\t\t\t<style>\/*! elementor - v3.23.0 - 05-08-2024 *\/\n.elementor-widget-text-editor.elementor-drop-cap-view-stacked .elementor-drop-cap{background-color:#69727d;color:#fff}.elementor-widget-text-editor.elementor-drop-cap-view-framed .elementor-drop-cap{color:#69727d;border:3px solid;background-color:transparent}.elementor-widget-text-editor:not(.elementor-drop-cap-view-default) .elementor-drop-cap{margin-top:8px}.elementor-widget-text-editor:not(.elementor-drop-cap-view-default) .elementor-drop-cap-letter{width:1em;height:1em}.elementor-widget-text-editor .elementor-drop-cap{float:left;text-align:center;line-height:1;font-size:50px}.elementor-widget-text-editor .elementor-drop-cap-letter{display:inline-block}<\/style>\t\t\t\t<h3>Alanya Sat\u0131l\u0131k Emlak: Aslan Invest ile hayalinizdeki yat\u0131r\u0131m\u0131 bulun<\/h3><h4>Alanya&#039;da Ola\u011fan\u00fcst\u00fc Emlaklar\u0131 Ke\u015ffedin<\/h4><p>T\u00fcrkiye&#039;nin muhte\u015fem Akdeniz k\u0131y\u0131s\u0131nda bulunan Alanya, gayrimenkul al\u0131c\u0131lar\u0131 ve yat\u0131r\u0131mc\u0131lar\u0131 i\u00e7in birinci s\u0131n\u0131f bir destinasyondur. &quot;Alanya Sat\u0131l\u0131k Emlak&quot; pazar\u0131, l\u00fcks villalardan modern dairelere ve ticari alanlara kadar \u00e7ok \u00e7e\u015fitli se\u00e7enekler sunar. \u0130ster kal\u0131c\u0131 bir ikametgah, ister bir tatil evi veya kazan\u00e7l\u0131 bir yat\u0131r\u0131m ar\u0131yor olun, Aslan Invest m\u00fckemmel m\u00fclk\u00fc bulman\u0131z\u0131 sa\u011flar.<\/p><h4>Neden Alanya Sat\u0131l\u0131k Emlak&#039;\u0131 Se\u00e7melisiniz?<\/h4><h5>Akdeniz Ya\u015fam Tarz\u0131<\/h5><p>Alanya, alt\u0131n rengi plajlar\u0131, turkuaz sular\u0131 ve Toros Da\u011flar\u0131&#039;n\u0131n muhte\u015fem manzaralar\u0131yla \u00fcnl\u00fcd\u00fcr. Burada m\u00fclk sahibi olmak, her g\u00fcn rahat ve l\u00fcks bir Akdeniz ya\u015fam tarz\u0131n\u0131 deneyimlemek anlam\u0131na gelir.<\/p><h5>Y\u00fcksek Yat\u0131r\u0131m Getirileri<\/h5><p>\u201cAlanya Sat\u0131l\u0131k Emlak\u201d pazar\u0131, uluslararas\u0131 al\u0131c\u0131lar aras\u0131nda artan pop\u00fclaritesi nedeniyle geli\u015fiyor. Uygun emlak fiyatlar\u0131 ve y\u00fcksek kira getirileri, onu karl\u0131 yat\u0131r\u0131mlar i\u00e7in m\u00fckemmel bir konum haline getiriyor.<\/p><h5>\u00c7e\u015fitli Emlak Se\u00e7enekleri<\/h5><p>Denize s\u0131f\u0131r konutlardan merkezi konumdaki dairelere ve ticari m\u00fclklere kadar Alanya her b\u00fct\u00e7eye ve tercihe uygun gayrimenkul se\u00e7enekleri sunuyor.<\/p><h4>Aslan Invest Taraf\u0131ndan Sunulan Emlak T\u00fcrleri<\/h4><h5>L\u00fcks Villalar<\/h5><p>Alanya&#039;n\u0131n villalar\u0131 geni\u015f ya\u015fam alanlar\u0131, \u00f6zel havuzlar ve nefes kesen manzaralar sunar. Bu m\u00fclkler aileler ve ayr\u0131cal\u0131k ve konfor arayanlar i\u00e7in idealdir.<\/p><h5>Modern Daireler<\/h5><p>Alanya daireleri \u00e7a\u011fda\u015f tasar\u0131mlara ve y\u00fczme havuzlar\u0131, fitness merkezleri ve g\u00fcvenli otopark gibi son teknoloji olanaklara sahiptir. Bunlar profesyoneller, aileler ve emekliler i\u00e7in m\u00fckemmeldir.<\/p><h5>Ticari Alanlar<\/h5><p>Aslan Invest, giri\u015fimcileri, y\u00fcksek talep g\u00f6ren lokasyonlarda perakende alanlar\u0131 ve ofisler de dahil olmak \u00fczere birinci s\u0131n\u0131f ticari m\u00fclklerle bulu\u015fturuyor.<\/p><h4>Neden Aslan Invest&#039;i Se\u00e7melisiniz?<\/h4><h5>Alanya Emlak Sekt\u00f6r\u00fcnde Derin Uzmanl\u0131k<\/h5><p>Aslan Invest&#039;in &quot;Alanya Sat\u0131l\u0131k Emlak&quot; piyasas\u0131ndaki kapsaml\u0131 deneyimi, emlak yolculu\u011funuz boyunca uzman rehberlik alman\u0131z\u0131 sa\u011flar.<\/p><h5>Ki\u015fiselle\u015ftirilmi\u015f Hizmet<\/h5><p>Her m\u00fc\u015fterinin benzersiz oldu\u011funu anl\u0131yoruz. Aslan Invest, ister ev sat\u0131n al\u0131yor olun ister kiral\u0131k m\u00fclklere yat\u0131r\u0131m yap\u0131yor olun, hizmetlerini \u00f6zel ihtiya\u00e7lar\u0131n\u0131za uyacak \u015fekilde \u00f6zelle\u015ftirir.<\/p><h5>Sorunsuz Sat\u0131n Alma S\u00fcreci<\/h5><p>Aslan Invest, m\u00fclk se\u00e7iminden yasal evrak i\u015flerine kadar t\u00fcm sat\u0131n alma s\u00fcrecini stressiz ve verimli hale getiriyor.<\/p><h4>Alanya Sat\u0131l\u0131k Emlak Hakk\u0131nda S\u0131k\u00e7a Sorulan Sorular<\/h4><h5>Alanya Emlak Sat\u0131n Almak \u0130\u00e7in \u0130yi Bir Yer mi?<\/h5><p>Evet! Alanya&#039;n\u0131n geli\u015fen emlak piyasas\u0131, pitoresk \u00e7evresi ve g\u00fc\u00e7l\u00fc kiralama potansiyeli, onu al\u0131c\u0131lar ve yat\u0131r\u0131mc\u0131lar i\u00e7in m\u00fckemmel bir se\u00e7im haline getiriyor.<\/p><h5>Alanya Emlaklar\u0131 Hangi Olanaklar\u0131 Sunuyor?<\/h5><p>Alanya&#039;daki konutlar genellikle modern mutfaklar, y\u00fczme havuzlar\u0131, peyzajl\u0131 bah\u00e7eler ve 7\/24 g\u00fcvenlik gibi olanaklara sahip olup y\u00fcksek bir ya\u015fam standard\u0131 sunmaktad\u0131r.<\/p><h5>Aslan Invest Bana Nas\u0131l Yard\u0131mc\u0131 Olabilir?<\/h5><p>Aslan Invest, m\u00fclk sat\u0131n alma s\u00fcrecinin her ad\u0131m\u0131nda size rehberlik ederek, g\u00fcvenli ve bilin\u00e7li bir karar vermenizi sa\u011flayacak kapsaml\u0131 destek sunar.<\/p><h4>Sonu\u00e7: Hayalinizdeki Emlak Alanya&#039;da Sizi Bekliyor<\/h4><p>&quot;Alanya Sat\u0131l\u0131k Emlak&quot; pazar\u0131, ev al\u0131c\u0131lar\u0131 ve yat\u0131r\u0131mc\u0131lar i\u00e7in e\u015fsiz f\u0131rsatlar sunar. Aslan Invest&#039;in uzmanl\u0131\u011f\u0131 ve ba\u011fl\u0131l\u0131\u011f\u0131yla, Alanya&#039;da ideal m\u00fclk\u00fcn\u00fcz\u00fc bulmak basit ve \u00f6d\u00fcllendiricidir. Bu Akdeniz cennetinin bir par\u00e7as\u0131na sahip olma yolculu\u011funuza ba\u015flamak i\u00e7in bug\u00fcn bizimle ileti\u015fime ge\u00e7in.<\/p>\t\t\t\t\t\t<\/div>\n\t\t\t\t<\/div>\n\t\t\t\t\t<\/div>\n\t\t\t\t<\/div>\n\t\t\t\t<\/div>","protected":false},"excerpt":{"rendered":"","protected":false},"author":1,"featured_media":0,"parent":0,"menu_order":0,"comment_status":"closed","ping_status":"closed","template":"elementor_header_footer","meta":{"_monsterinsights_skip_tracking":false,"_monsterinsights_sitenote_active":false,"_monsterinsights_sitenote_note":"","_monsterinsights_sitenote_category":0,"footnotes":""},"class_list":["post-27993","page","type-page","status-publish","hentry"],"yoast_head":"<!-- This site is optimized with the Yoast SEO plugin v23.4 - https:\/\/yoast.com\/wordpress\/plugins\/seo\/ -->\n<title>Alanya For Sale Property - Your Trusted Partner with Aslan Invest<\/title>\n<meta name=\"description\" content=\"Explore the Alanya For Sale Property market with Aslan Invest. From luxury villas to modern apartments, find your dream home or investment today!\" \/>\n<meta name=\"robots\" content=\"index, follow, max-snippet:-1, max-image-preview:large, max-video-preview:-1\" \/>\n<link rel=\"canonical\" href=\"https:\/\/aslan-invest.com\/tr\/alanya-for-sale-property-4\/\" \/>\n<meta property=\"og:locale\" content=\"tr_TR\" \/>\n<meta property=\"og:type\" content=\"article\" \/>\n<meta property=\"og:title\" content=\"Alanya For Sale Property - Your Trusted Partner with Aslan Invest\" \/>\n<meta property=\"og:description\" content=\"Explore the Alanya For Sale Property market with Aslan Invest. From luxury villas to modern apartments, find your dream home or investment today!\" \/>\n<meta property=\"og:url\" content=\"https:\/\/aslan-invest.com\/tr\/alanya-for-sale-property-4\/\" \/>\n<meta property=\"og:site_name\" content=\"Aslan Invest Real Estate\" \/>\n<meta property=\"article:modified_time\" content=\"2024-12-10T17:44:56+00:00\" \/>\n<meta property=\"og:image\" content=\"https:\/\/aslan-invest.com\/wp-content\/uploads\/2024\/11\/2-12.png\" \/>\n\t<meta property=\"og:image:width\" content=\"1080\" \/>\n\t<meta property=\"og:image:height\" content=\"1080\" \/>\n\t<meta property=\"og:image:type\" content=\"image\/png\" \/>\n<meta name=\"twitter:card\" content=\"summary_large_image\" \/>\n<meta name=\"twitter:label1\" content=\"Tahmini okuma s\u00fcresi\" \/>\n\t<meta name=\"twitter:data1\" content=\"1 dakika\" \/>\n<script type=\"application\/ld+json\" class=\"yoast-schema-graph\">{\"@context\":\"https:\/\/schema.org\",\"@graph\":[{\"@type\":\"WebPage\",\"@id\":\"https:\/\/aslan-invest.com\/alanya-for-sale-property-4\/\",\"url\":\"https:\/\/aslan-invest.com\/alanya-for-sale-property-4\/\",\"name\":\"Alanya For Sale Property - Your Trusted Partner with Aslan Invest\",\"isPartOf\":{\"@id\":\"https:\/\/aslan-invest.com\/#website\"},\"datePublished\":\"2024-11-22T19:16:43+00:00\",\"dateModified\":\"2024-12-10T17:44:56+00:00\",\"description\":\"Explore the Alanya For Sale Property market with Aslan Invest. From luxury villas to modern apartments, find your dream home or investment today!\",\"breadcrumb\":{\"@id\":\"https:\/\/aslan-invest.com\/alanya-for-sale-property-4\/#breadcrumb\"},\"inLanguage\":\"tr\",\"potentialAction\":[{\"@type\":\"ReadAction\",\"target\":[\"https:\/\/aslan-invest.com\/alanya-for-sale-property-4\/\"]}]},{\"@type\":\"BreadcrumbList\",\"@id\":\"https:\/\/aslan-invest.com\/alanya-for-sale-property-4\/#breadcrumb\",\"itemListElement\":[{\"@type\":\"ListItem\",\"position\":1,\"name\":\"Anasayfa\",\"item\":\"https:\/\/aslan-invest.com\/\"},{\"@type\":\"ListItem\",\"position\":2,\"name\":\"Alanya For Sale Property\"}]},{\"@type\":\"WebSite\",\"@id\":\"https:\/\/aslan-invest.com\/#website\",\"url\":\"https:\/\/aslan-invest.com\/\",\"name\":\"Aslan Invest Real Estate\",\"description\":\"Alanya Real Estate | Investment\",\"publisher\":{\"@id\":\"https:\/\/aslan-invest.com\/#organization\"},\"potentialAction\":[{\"@type\":\"SearchAction\",\"target\":{\"@type\":\"EntryPoint\",\"urlTemplate\":\"https:\/\/aslan-invest.com\/?s={search_term_string}\"},\"query-input\":{\"@type\":\"PropertyValueSpecification\",\"valueRequired\":true,\"valueName\":\"search_term_string\"}}],\"inLanguage\":\"tr\"},{\"@type\":\"Organization\",\"@id\":\"https:\/\/aslan-invest.com\/#organization\",\"name\":\"Aslan Invest Real Estate\",\"url\":\"https:\/\/aslan-invest.com\/\",\"logo\":{\"@type\":\"ImageObject\",\"inLanguage\":\"tr\",\"@id\":\"https:\/\/aslan-invest.com\/#\/schema\/logo\/image\/\",\"url\":\"https:\/\/aslan-invest.com\/wp-content\/uploads\/2026\/01\/aslan-invest-LOGO-1-1-scaled-e1769624144110.png\",\"contentUrl\":\"https:\/\/aslan-invest.com\/wp-content\/uploads\/2026\/01\/aslan-invest-LOGO-1-1-scaled-e1769624144110.png\",\"width\":2517,\"height\":1479,\"caption\":\"Aslan Invest Real Estate\"},\"image\":{\"@id\":\"https:\/\/aslan-invest.com\/#\/schema\/logo\/image\/\"},\"sameAs\":[\"https:\/\/www.instagram.com\/.aslaninvest.realestate\"]}]}<\/script>\n<!-- \/ Yoast SEO plugin. -->","yoast_head_json":{"title":"Alanya For Sale Property - Your Trusted Partner with Aslan Invest","description":"Explore the Alanya For Sale Property market with Aslan Invest. From luxury villas to modern apartments, find your dream home or investment today!","robots":{"index":"index","follow":"follow","max-snippet":"max-snippet:-1","max-image-preview":"max-image-preview:large","max-video-preview":"max-video-preview:-1"},"canonical":"https:\/\/aslan-invest.com\/tr\/alanya-for-sale-property-4\/","og_locale":"tr_TR","og_type":"article","og_title":"Alanya For Sale Property - Your Trusted Partner with Aslan Invest","og_description":"Explore the Alanya For Sale Property market with Aslan Invest. From luxury villas to modern apartments, find your dream home or investment today!","og_url":"https:\/\/aslan-invest.com\/tr\/alanya-for-sale-property-4\/","og_site_name":"Aslan Invest Real Estate","article_modified_time":"2024-12-10T17:44:56+00:00","og_image":[{"width":1080,"height":1080,"url":"https:\/\/aslan-invest.com\/wp-content\/uploads\/2024\/11\/2-12.png","type":"image\/png"}],"twitter_card":"summary_large_image","twitter_misc":{"Tahmini okuma s\u00fcresi":"1 dakika"},"schema":{"@context":"https:\/\/schema.org","@graph":[{"@type":"WebPage","@id":"https:\/\/aslan-invest.com\/alanya-for-sale-property-4\/","url":"https:\/\/aslan-invest.com\/alanya-for-sale-property-4\/","name":"Alanya For Sale Property - Your Trusted Partner with Aslan Invest","isPartOf":{"@id":"https:\/\/aslan-invest.com\/#website"},"datePublished":"2024-11-22T19:16:43+00:00","dateModified":"2024-12-10T17:44:56+00:00","description":"Explore the Alanya For Sale Property market with Aslan Invest. From luxury villas to modern apartments, find your dream home or investment today!","breadcrumb":{"@id":"https:\/\/aslan-invest.com\/alanya-for-sale-property-4\/#breadcrumb"},"inLanguage":"tr","potentialAction":[{"@type":"ReadAction","target":["https:\/\/aslan-invest.com\/alanya-for-sale-property-4\/"]}]},{"@type":"BreadcrumbList","@id":"https:\/\/aslan-invest.com\/alanya-for-sale-property-4\/#breadcrumb","itemListElement":[{"@type":"ListItem","position":1,"name":"Anasayfa","item":"https:\/\/aslan-invest.com\/"},{"@type":"ListItem","position":2,"name":"Alanya For Sale Property"}]},{"@type":"WebSite","@id":"https:\/\/aslan-invest.com\/#website","url":"https:\/\/aslan-invest.com\/","name":"Aslan Invest Real Estate","description":"Alanya Real Estate | Investment","publisher":{"@id":"https:\/\/aslan-invest.com\/#organization"},"potentialAction":[{"@type":"SearchAction","target":{"@type":"EntryPoint","urlTemplate":"https:\/\/aslan-invest.com\/?s={search_term_string}"},"query-input":{"@type":"PropertyValueSpecification","valueRequired":true,"valueName":"search_term_string"}}],"inLanguage":"tr"},{"@type":"Organization","@id":"https:\/\/aslan-invest.com\/#organization","name":"Aslan Invest Real Estate","url":"https:\/\/aslan-invest.com\/","logo":{"@type":"ImageObject","inLanguage":"tr","@id":"https:\/\/aslan-invest.com\/#\/schema\/logo\/image\/","url":"https:\/\/aslan-invest.com\/wp-content\/uploads\/2026\/01\/aslan-invest-LOGO-1-1-scaled-e1769624144110.png","contentUrl":"https:\/\/aslan-invest.com\/wp-content\/uploads\/2026\/01\/aslan-invest-LOGO-1-1-scaled-e1769624144110.png","width":2517,"height":1479,"caption":"Aslan Invest Real Estate"},"image":{"@id":"https:\/\/aslan-invest.com\/#\/schema\/logo\/image\/"},"sameAs":["https:\/\/www.instagram.com\/.aslaninvest.realestate"]}]}},"_links":{"self":[{"href":"https:\/\/aslan-invest.com\/tr\/wp-json\/wp\/v2\/pages\/27993","targetHints":{"allow":["GET"]}}],"collection":[{"href":"https:\/\/aslan-invest.com\/tr\/wp-json\/wp\/v2\/pages"}],"about":[{"href":"https:\/\/aslan-invest.com\/tr\/wp-json\/wp\/v2\/types\/page"}],"author":[{"embeddable":true,"href":"https:\/\/aslan-invest.com\/tr\/wp-json\/wp\/v2\/users\/1"}],"replies":[{"embeddable":true,"href":"https:\/\/aslan-invest.com\/tr\/wp-json\/wp\/v2\/comments?post=27993"}],"version-history":[{"count":5,"href":"https:\/\/aslan-invest.com\/tr\/wp-json\/wp\/v2\/pages\/27993\/revisions"}],"predecessor-version":[{"id":27998,"href":"https:\/\/aslan-invest.com\/tr\/wp-json\/wp\/v2\/pages\/27993\/revisions\/27998"}],"wp:attachment":[{"href":"https:\/\/aslan-invest.com\/tr\/wp-json\/wp\/v2\/media?parent=27993"}],"curies":[{"name":"wp","href":"https:\/\/api.w.org\/{rel}","templated":true}]}}