{"id":27987,"date":"2024-11-22T22:15:31","date_gmt":"2024-11-22T19:15:31","guid":{"rendered":"https:\/\/aslan-invest.com\/?page_id=27987"},"modified":"2024-12-10T20:44:59","modified_gmt":"2024-12-10T17:44:59","slug":"alanya-for-sale-property-3","status":"publish","type":"page","link":"https:\/\/aslan-invest.com\/tr\/alanya-for-sale-property-3\/","title":{"rendered":"Alanya Sat\u0131l\u0131k Emlak"},"content":{"rendered":"<div data-elementor-type=\"wp-page\" data-elementor-id=\"27987\" class=\"elementor elementor-27987\" data-elementor-post-type=\"page\">\n\t\t\t\t<div class=\"elementor-element elementor-element-80f5081 e-flex e-con-boxed e-con e-parent\" data-id=\"80f5081\" data-element_type=\"container\">\n\t\t\t\t\t<div class=\"e-con-inner\">\n\t\t\t\t<div class=\"elementor-element elementor-element-d3337e6 elementor-widget elementor-widget-heading\" data-id=\"d3337e6\" data-element_type=\"widget\" data-widget_type=\"heading.default\">\n\t\t\t\t<div class=\"elementor-widget-container\">\n\t\t\t<style>\/*! elementor - v3.23.0 - 05-08-2024 *\/\n.elementor-heading-title{padding:0;margin:0;line-height:1}.elementor-widget-heading .elementor-heading-title[class*=elementor-size-]>a{color:inherit;font-size:inherit;line-height:inherit}.elementor-widget-heading .elementor-heading-title.elementor-size-small{font-size:15px}.elementor-widget-heading .elementor-heading-title.elementor-size-medium{font-size:19px}.elementor-widget-heading .elementor-heading-title.elementor-size-large{font-size:29px}.elementor-widget-heading .elementor-heading-title.elementor-size-xl{font-size:39px}.elementor-widget-heading .elementor-heading-title.elementor-size-xxl{font-size:59px}<\/style><h1 class=\"elementor-heading-title elementor-size-default\">Alanya Sat\u0131l\u0131k Emlak - Aslan Invest ile L\u00fcks Ya\u015fam\u0131 Ke\u015ffedin<\/h1>\t\t<\/div>\n\t\t\t\t<\/div>\n\t\t\t\t<div class=\"elementor-element elementor-element-75cd264 elementor-widget elementor-widget-text-editor\" data-id=\"75cd264\" data-element_type=\"widget\" data-widget_type=\"text-editor.default\">\n\t\t\t\t<div class=\"elementor-widget-container\">\n\t\t\t<style>\/*! elementor - v3.23.0 - 05-08-2024 *\/\n.elementor-widget-text-editor.elementor-drop-cap-view-stacked .elementor-drop-cap{background-color:#69727d;color:#fff}.elementor-widget-text-editor.elementor-drop-cap-view-framed .elementor-drop-cap{color:#69727d;border:3px solid;background-color:transparent}.elementor-widget-text-editor:not(.elementor-drop-cap-view-default) .elementor-drop-cap{margin-top:8px}.elementor-widget-text-editor:not(.elementor-drop-cap-view-default) .elementor-drop-cap-letter{width:1em;height:1em}.elementor-widget-text-editor .elementor-drop-cap{float:left;text-align:center;line-height:1;font-size:50px}.elementor-widget-text-editor .elementor-drop-cap-letter{display:inline-block}<\/style>\t\t\t\t<h3>Alanya Sat\u0131l\u0131k Emlak: Aslan Invest ile Akdeniz Ya\u015fam\u0131na A\u00e7\u0131lan Kap\u0131n\u0131z<\/h3><h4>Alanya Neden Emlak \u0130\u00e7in M\u00fckemmel Bir Yerdir?<\/h4><p>T\u00fcrkiye&#039;nin g\u00fczel Akdeniz k\u0131y\u0131s\u0131nda bulunan Alanya, gayrimenkul yat\u0131r\u0131mlar\u0131 i\u00e7in geli\u015fen bir merkezdir. &quot;Alanya Sat\u0131l\u0131k Emlak&quot; pazar\u0131, l\u00fcks villalardan modern dairelere ve ticari alanlara kadar inan\u0131lmaz \u00e7e\u015fitlilikte se\u00e7enekler sunar. Y\u0131l boyu g\u00fcne\u015f \u0131\u015f\u0131\u011f\u0131, muhte\u015fem plajlar\u0131 ve canl\u0131 ya\u015fam tarz\u0131yla Alanya, r\u00fcya gibi bir m\u00fclk veya karl\u0131 bir yat\u0131r\u0131m arayanlar i\u00e7in ideal bir konumdur.<\/p><h4>Alanya Sat\u0131l\u0131k Emlak Se\u00e7menin Faydalar\u0131<\/h4><h5>Akdeniz Ya\u015fam Tarz\u0131<\/h5><p>Alanya&#039;da ya\u015famak, nefes kesen deniz manzaralar\u0131na uyanmak, s\u0131cak bir iklimin tad\u0131n\u0131 \u00e7\u0131karmak ve k\u00fclt\u00fcrel miras ile modern ya\u015fam\u0131n e\u015fsiz bir kar\u0131\u015f\u0131m\u0131n\u0131 deneyimlemek anlam\u0131na gelir. Rahatlama ve rahatl\u0131\u011f\u0131n m\u00fckemmel dengesidir.<\/p><h5>Y\u00fcksek Yat\u0131r\u0131m Potansiyeli<\/h5><p>&quot;Alanya Sat\u0131l\u0131k Emlak&quot; pazar\u0131, g\u00fc\u00e7l\u00fc yerel ve uluslararas\u0131 taleple birlikte h\u0131zla b\u00fcy\u00fcyor. Uygun fiyatl\u0131 emlak fiyatlar\u0131 ve artan kiralama f\u0131rsatlar\u0131, Alanya&#039;y\u0131 karl\u0131 gayrimenkul yat\u0131r\u0131mlar\u0131 i\u00e7in pop\u00fcler bir yer haline getiriyor.<\/p><h5>\u00c7e\u015fitli Se\u00e7enekler<\/h5><p>Deniz k\u0131y\u0131s\u0131ndaki m\u00fclklerden \u015fehir merkezindeki dairelere kadar Alanya, her b\u00fct\u00e7eye ve ya\u015fam tarz\u0131na uygun gayrimenkul \u00e7\u00f6z\u00fcmleri sunuyor.<\/p><h4>Aslan Invest Taraf\u0131ndan Sunulan Emlak T\u00fcrleri<\/h4><h5>L\u00fcks Villalar<\/h5><p>Alanya&#039;daki villalar geni\u015f ya\u015fam alanlar\u0131, \u00f6zel havuzlar ve Akdeniz veya Toros Da\u011flar\u0131&#039;n\u0131n panoramik manzaralar\u0131n\u0131 sunar. Bu m\u00fclkler aileler ve ayr\u0131cal\u0131k arayanlar i\u00e7in m\u00fckemmeldir.<\/p><h5>Modern Daireler<\/h5><p>\u00c7a\u011fda\u015f mimariyle tasarlanan Alanya daireleri, y\u00fcksek kaliteli i\u015f\u00e7ilik, y\u00fczme havuzlar\u0131, fitness merkezleri ve temel olanaklara yak\u0131nl\u0131\u011f\u0131yla profesyonellere, emeklilere ve ailelere hitap ediyor.<\/p><h5>Ticari Alanlar<\/h5><p>Alanya&#039;n\u0131n b\u00fcy\u00fcyen ekonomisi i\u015fletmeler i\u00e7in m\u00fckemmel f\u0131rsatlar sunuyor. Aslan Invest, giri\u015fimcilik hedeflerinize ula\u015fman\u0131za yard\u0131mc\u0131 olmak i\u00e7in sizi birinci s\u0131n\u0131f ticari m\u00fclklerle bulu\u015fturuyor.<\/p><h4>Neden Aslan Invest ile \u00c7al\u0131\u015fmal\u0131s\u0131n\u0131z?<\/h4><h5>Alanya Pazar\u0131 Hakk\u0131nda Uzman Bilgisi<\/h5><p>Aslan Invest, \u201cAlanya Sat\u0131l\u0131k Emlak\u201d pazar\u0131nda kapsaml\u0131 deneyime sahiptir. Ekibimiz, bilin\u00e7li kararlar alman\u0131z\u0131 sa\u011flayarak uzman tavsiyelerde bulunur.<\/p><h5>Ki\u015fiselle\u015ftirilmi\u015f \u00c7\u00f6z\u00fcmler<\/h5><p>Her m\u00fc\u015fteri benzersizdir. \u0130ster tatil evi, ister y\u00fcksek getirili bir yat\u0131r\u0131m ar\u0131yor olun, Aslan Invest hizmetlerini \u00f6zel ihtiya\u00e7lar\u0131n\u0131z\u0131 kar\u015f\u0131layacak \u015fekilde uyarlar.<\/p><h5>Kusursuz Sat\u0131n Alma Deneyimi<\/h5><p>Aslan Invest, gayrimenkul ara\u015ft\u0131rmas\u0131ndan hukuki ve finansal s\u00fcre\u00e7lere kadar t\u00fcm m\u00fc\u015fterilerine sorunsuz ve zahmetsiz bir deneyim sa\u011fl\u0131yor.<\/p><h4>Alanya Sat\u0131l\u0131k Emlak Hakk\u0131nda S\u0131k\u00e7a Sorulan Sorular<\/h4><h5>Alanya Yat\u0131r\u0131m \u0130\u00e7in \u0130yi Bir Yer mi?<\/h5><p>Kesinlikle! Alanya&#039;n\u0131n geli\u015fen emlak piyasas\u0131, g\u00fc\u00e7l\u00fc turizm cazibesi ve uygun emlak fiyatlar\u0131, onu hem yat\u0131r\u0131mc\u0131lar hem de ev sahipleri i\u00e7in m\u00fckemmel bir se\u00e7im haline getiriyor.<\/p><h5>Alanya Emlaklar\u0131 Hangi Olanaklar\u0131 Sunuyor?<\/h5><p>Alanya&#039;daki konutlar, modern mutfaklar, y\u00fczme havuzlar\u0131, peyzajl\u0131 bah\u00e7eler ve 7\/24 g\u00fcvenlik gibi olanaklarla l\u00fcks ve konfor sunmaktad\u0131r.<\/p><h5>Aslan Invest Bana Nas\u0131l Yard\u0131mc\u0131 Olabilir?<\/h5><p>Aslan Invest, m\u00fclk sat\u0131n alma s\u00fcrecinin her a\u015famas\u0131nda, se\u00e7iminden son evrak i\u015flerine kadar size rehberlik ederek u\u00e7tan uca destek sunar.<\/p><h4>Sonu\u00e7: Aslan Invest ile hayalinizdeki m\u00fclk\u00fc bulun<\/h4><p>&quot;Alanya Sat\u0131l\u0131k Emlak&quot; pazar\u0131, al\u0131c\u0131lar ve yat\u0131r\u0131mc\u0131lar i\u00e7in f\u0131rsatlarla doludur. Aslan Invest&#039;in uzmanl\u0131\u011f\u0131 ve \u00f6zverisi sayesinde, bu Akdeniz cennetinde ideal m\u00fclk\u00fcn\u00fcz\u00fc g\u00fcvence alt\u0131na almak basit ve \u00f6d\u00fcllendiricidir. Alanya&#039;n\u0131n bir par\u00e7as\u0131na sahip olma yolculu\u011funuza ba\u015flamak i\u00e7in bug\u00fcn bizimle ileti\u015fime ge\u00e7in.<\/p>\t\t\t\t\t\t<\/div>\n\t\t\t\t<\/div>\n\t\t\t\t\t<\/div>\n\t\t\t\t<\/div>\n\t\t\t\t<\/div>","protected":false},"excerpt":{"rendered":"","protected":false},"author":1,"featured_media":0,"parent":0,"menu_order":0,"comment_status":"closed","ping_status":"closed","template":"elementor_header_footer","meta":{"_monsterinsights_skip_tracking":false,"_monsterinsights_sitenote_active":false,"_monsterinsights_sitenote_note":"","_monsterinsights_sitenote_category":0,"footnotes":""},"class_list":["post-27987","page","type-page","status-publish","hentry"],"yoast_head":"<!-- This site is optimized with the Yoast SEO plugin v23.4 - https:\/\/yoast.com\/wordpress\/plugins\/seo\/ -->\n<title>Alanya For Sale Property - Discover Luxury Living with Aslan Invest<\/title>\n<meta name=\"description\" content=\"Explore the best Alanya For Sale Property options with Aslan Invest. From luxury villas to modern apartments, find your dream home or investment today!\" \/>\n<meta name=\"robots\" content=\"index, follow, max-snippet:-1, max-image-preview:large, max-video-preview:-1\" \/>\n<link rel=\"canonical\" href=\"https:\/\/aslan-invest.com\/tr\/alanya-for-sale-property-3\/\" \/>\n<meta property=\"og:locale\" content=\"tr_TR\" \/>\n<meta property=\"og:type\" content=\"article\" \/>\n<meta property=\"og:title\" content=\"Alanya For Sale Property - Discover Luxury Living with Aslan Invest\" \/>\n<meta property=\"og:description\" content=\"Explore the best Alanya For Sale Property options with Aslan Invest. From luxury villas to modern apartments, find your dream home or investment today!\" \/>\n<meta property=\"og:url\" content=\"https:\/\/aslan-invest.com\/tr\/alanya-for-sale-property-3\/\" \/>\n<meta property=\"og:site_name\" content=\"Aslan Invest Real Estate\" \/>\n<meta property=\"article:modified_time\" content=\"2024-12-10T17:44:59+00:00\" \/>\n<meta property=\"og:image\" content=\"https:\/\/aslan-invest.com\/wp-content\/uploads\/2024\/11\/2-12.png\" \/>\n\t<meta property=\"og:image:width\" content=\"1080\" \/>\n\t<meta property=\"og:image:height\" content=\"1080\" \/>\n\t<meta property=\"og:image:type\" content=\"image\/png\" \/>\n<meta name=\"twitter:card\" content=\"summary_large_image\" \/>\n<meta name=\"twitter:label1\" content=\"Tahmini okuma s\u00fcresi\" \/>\n\t<meta name=\"twitter:data1\" content=\"1 dakika\" \/>\n<script type=\"application\/ld+json\" class=\"yoast-schema-graph\">{\"@context\":\"https:\/\/schema.org\",\"@graph\":[{\"@type\":\"WebPage\",\"@id\":\"https:\/\/aslan-invest.com\/alanya-for-sale-property-3\/\",\"url\":\"https:\/\/aslan-invest.com\/alanya-for-sale-property-3\/\",\"name\":\"Alanya For Sale Property - Discover Luxury Living with Aslan Invest\",\"isPartOf\":{\"@id\":\"https:\/\/aslan-invest.com\/#website\"},\"datePublished\":\"2024-11-22T19:15:31+00:00\",\"dateModified\":\"2024-12-10T17:44:59+00:00\",\"description\":\"Explore the best Alanya For Sale Property options with Aslan Invest. From luxury villas to modern apartments, find your dream home or investment today!\",\"breadcrumb\":{\"@id\":\"https:\/\/aslan-invest.com\/alanya-for-sale-property-3\/#breadcrumb\"},\"inLanguage\":\"tr\",\"potentialAction\":[{\"@type\":\"ReadAction\",\"target\":[\"https:\/\/aslan-invest.com\/alanya-for-sale-property-3\/\"]}]},{\"@type\":\"BreadcrumbList\",\"@id\":\"https:\/\/aslan-invest.com\/alanya-for-sale-property-3\/#breadcrumb\",\"itemListElement\":[{\"@type\":\"ListItem\",\"position\":1,\"name\":\"Anasayfa\",\"item\":\"https:\/\/aslan-invest.com\/\"},{\"@type\":\"ListItem\",\"position\":2,\"name\":\"Alanya For Sale Property\"}]},{\"@type\":\"WebSite\",\"@id\":\"https:\/\/aslan-invest.com\/#website\",\"url\":\"https:\/\/aslan-invest.com\/\",\"name\":\"Aslan Invest Real Estate\",\"description\":\"Alanya Real Estate | Investment\",\"publisher\":{\"@id\":\"https:\/\/aslan-invest.com\/#organization\"},\"potentialAction\":[{\"@type\":\"SearchAction\",\"target\":{\"@type\":\"EntryPoint\",\"urlTemplate\":\"https:\/\/aslan-invest.com\/?s={search_term_string}\"},\"query-input\":{\"@type\":\"PropertyValueSpecification\",\"valueRequired\":true,\"valueName\":\"search_term_string\"}}],\"inLanguage\":\"tr\"},{\"@type\":\"Organization\",\"@id\":\"https:\/\/aslan-invest.com\/#organization\",\"name\":\"Aslan Invest Real Estate\",\"url\":\"https:\/\/aslan-invest.com\/\",\"logo\":{\"@type\":\"ImageObject\",\"inLanguage\":\"tr\",\"@id\":\"https:\/\/aslan-invest.com\/#\/schema\/logo\/image\/\",\"url\":\"https:\/\/aslan-invest.com\/wp-content\/uploads\/2026\/01\/aslan-invest-LOGO-1-1-scaled-e1769624144110.png\",\"contentUrl\":\"https:\/\/aslan-invest.com\/wp-content\/uploads\/2026\/01\/aslan-invest-LOGO-1-1-scaled-e1769624144110.png\",\"width\":2517,\"height\":1479,\"caption\":\"Aslan Invest Real Estate\"},\"image\":{\"@id\":\"https:\/\/aslan-invest.com\/#\/schema\/logo\/image\/\"},\"sameAs\":[\"https:\/\/www.instagram.com\/.aslaninvest.realestate\"]}]}<\/script>\n<!-- \/ Yoast SEO plugin. -->","yoast_head_json":{"title":"Alanya For Sale Property - Discover Luxury Living with Aslan Invest","description":"Explore the best Alanya For Sale Property options with Aslan Invest. From luxury villas to modern apartments, find your dream home or investment today!","robots":{"index":"index","follow":"follow","max-snippet":"max-snippet:-1","max-image-preview":"max-image-preview:large","max-video-preview":"max-video-preview:-1"},"canonical":"https:\/\/aslan-invest.com\/tr\/alanya-for-sale-property-3\/","og_locale":"tr_TR","og_type":"article","og_title":"Alanya For Sale Property - Discover Luxury Living with Aslan Invest","og_description":"Explore the best Alanya For Sale Property options with Aslan Invest. From luxury villas to modern apartments, find your dream home or investment today!","og_url":"https:\/\/aslan-invest.com\/tr\/alanya-for-sale-property-3\/","og_site_name":"Aslan Invest Real Estate","article_modified_time":"2024-12-10T17:44:59+00:00","og_image":[{"width":1080,"height":1080,"url":"https:\/\/aslan-invest.com\/wp-content\/uploads\/2024\/11\/2-12.png","type":"image\/png"}],"twitter_card":"summary_large_image","twitter_misc":{"Tahmini okuma s\u00fcresi":"1 dakika"},"schema":{"@context":"https:\/\/schema.org","@graph":[{"@type":"WebPage","@id":"https:\/\/aslan-invest.com\/alanya-for-sale-property-3\/","url":"https:\/\/aslan-invest.com\/alanya-for-sale-property-3\/","name":"Alanya For Sale Property - Discover Luxury Living with Aslan Invest","isPartOf":{"@id":"https:\/\/aslan-invest.com\/#website"},"datePublished":"2024-11-22T19:15:31+00:00","dateModified":"2024-12-10T17:44:59+00:00","description":"Explore the best Alanya For Sale Property options with Aslan Invest. From luxury villas to modern apartments, find your dream home or investment today!","breadcrumb":{"@id":"https:\/\/aslan-invest.com\/alanya-for-sale-property-3\/#breadcrumb"},"inLanguage":"tr","potentialAction":[{"@type":"ReadAction","target":["https:\/\/aslan-invest.com\/alanya-for-sale-property-3\/"]}]},{"@type":"BreadcrumbList","@id":"https:\/\/aslan-invest.com\/alanya-for-sale-property-3\/#breadcrumb","itemListElement":[{"@type":"ListItem","position":1,"name":"Anasayfa","item":"https:\/\/aslan-invest.com\/"},{"@type":"ListItem","position":2,"name":"Alanya For Sale Property"}]},{"@type":"WebSite","@id":"https:\/\/aslan-invest.com\/#website","url":"https:\/\/aslan-invest.com\/","name":"Aslan Invest Real Estate","description":"Alanya Real Estate | Investment","publisher":{"@id":"https:\/\/aslan-invest.com\/#organization"},"potentialAction":[{"@type":"SearchAction","target":{"@type":"EntryPoint","urlTemplate":"https:\/\/aslan-invest.com\/?s={search_term_string}"},"query-input":{"@type":"PropertyValueSpecification","valueRequired":true,"valueName":"search_term_string"}}],"inLanguage":"tr"},{"@type":"Organization","@id":"https:\/\/aslan-invest.com\/#organization","name":"Aslan Invest Real Estate","url":"https:\/\/aslan-invest.com\/","logo":{"@type":"ImageObject","inLanguage":"tr","@id":"https:\/\/aslan-invest.com\/#\/schema\/logo\/image\/","url":"https:\/\/aslan-invest.com\/wp-content\/uploads\/2026\/01\/aslan-invest-LOGO-1-1-scaled-e1769624144110.png","contentUrl":"https:\/\/aslan-invest.com\/wp-content\/uploads\/2026\/01\/aslan-invest-LOGO-1-1-scaled-e1769624144110.png","width":2517,"height":1479,"caption":"Aslan Invest Real Estate"},"image":{"@id":"https:\/\/aslan-invest.com\/#\/schema\/logo\/image\/"},"sameAs":["https:\/\/www.instagram.com\/.aslaninvest.realestate"]}]}},"_links":{"self":[{"href":"https:\/\/aslan-invest.com\/tr\/wp-json\/wp\/v2\/pages\/27987","targetHints":{"allow":["GET"]}}],"collection":[{"href":"https:\/\/aslan-invest.com\/tr\/wp-json\/wp\/v2\/pages"}],"about":[{"href":"https:\/\/aslan-invest.com\/tr\/wp-json\/wp\/v2\/types\/page"}],"author":[{"embeddable":true,"href":"https:\/\/aslan-invest.com\/tr\/wp-json\/wp\/v2\/users\/1"}],"replies":[{"embeddable":true,"href":"https:\/\/aslan-invest.com\/tr\/wp-json\/wp\/v2\/comments?post=27987"}],"version-history":[{"count":5,"href":"https:\/\/aslan-invest.com\/tr\/wp-json\/wp\/v2\/pages\/27987\/revisions"}],"predecessor-version":[{"id":27992,"href":"https:\/\/aslan-invest.com\/tr\/wp-json\/wp\/v2\/pages\/27987\/revisions\/27992"}],"wp:attachment":[{"href":"https:\/\/aslan-invest.com\/tr\/wp-json\/wp\/v2\/media?parent=27987"}],"curies":[{"name":"wp","href":"https:\/\/api.w.org\/{rel}","templated":true}]}}