{"id":27981,"date":"2024-11-22T22:14:04","date_gmt":"2024-11-22T19:14:04","guid":{"rendered":"https:\/\/aslan-invest.com\/?page_id=27981"},"modified":"2024-12-10T20:45:03","modified_gmt":"2024-12-10T17:45:03","slug":"alanya-for-sale-property-2","status":"publish","type":"page","link":"https:\/\/aslan-invest.com\/tr\/alanya-for-sale-property-2\/","title":{"rendered":"Alanya Sat\u0131l\u0131k Emlak"},"content":{"rendered":"<div data-elementor-type=\"wp-page\" data-elementor-id=\"27981\" class=\"elementor elementor-27981\" data-elementor-post-type=\"page\">\n\t\t\t\t<div class=\"elementor-element elementor-element-9248557 e-flex e-con-boxed e-con e-parent\" data-id=\"9248557\" data-element_type=\"container\">\n\t\t\t\t\t<div class=\"e-con-inner\">\n\t\t\t\t<div class=\"elementor-element elementor-element-0b6c058 elementor-widget elementor-widget-heading\" data-id=\"0b6c058\" data-element_type=\"widget\" data-widget_type=\"heading.default\">\n\t\t\t\t<div class=\"elementor-widget-container\">\n\t\t\t<style>\/*! elementor - v3.23.0 - 05-08-2024 *\/\n.elementor-heading-title{padding:0;margin:0;line-height:1}.elementor-widget-heading .elementor-heading-title[class*=elementor-size-]>a{color:inherit;font-size:inherit;line-height:inherit}.elementor-widget-heading .elementor-heading-title.elementor-size-small{font-size:15px}.elementor-widget-heading .elementor-heading-title.elementor-size-medium{font-size:19px}.elementor-widget-heading .elementor-heading-title.elementor-size-large{font-size:29px}.elementor-widget-heading .elementor-heading-title.elementor-size-xl{font-size:39px}.elementor-widget-heading .elementor-heading-title.elementor-size-xxl{font-size:59px}<\/style><h1 class=\"elementor-heading-title elementor-size-default\">Alanya Sat\u0131l\u0131k Emlak - Aslan Invest ile hayalinizdeki evi bulun<\/h1>\t\t<\/div>\n\t\t\t\t<\/div>\n\t\t\t\t<div class=\"elementor-element elementor-element-54cefd9 elementor-widget elementor-widget-text-editor\" data-id=\"54cefd9\" data-element_type=\"widget\" data-widget_type=\"text-editor.default\">\n\t\t\t\t<div class=\"elementor-widget-container\">\n\t\t\t<style>\/*! elementor - v3.23.0 - 05-08-2024 *\/\n.elementor-widget-text-editor.elementor-drop-cap-view-stacked .elementor-drop-cap{background-color:#69727d;color:#fff}.elementor-widget-text-editor.elementor-drop-cap-view-framed .elementor-drop-cap{color:#69727d;border:3px solid;background-color:transparent}.elementor-widget-text-editor:not(.elementor-drop-cap-view-default) .elementor-drop-cap{margin-top:8px}.elementor-widget-text-editor:not(.elementor-drop-cap-view-default) .elementor-drop-cap-letter{width:1em;height:1em}.elementor-widget-text-editor .elementor-drop-cap{float:left;text-align:center;line-height:1;font-size:50px}.elementor-widget-text-editor .elementor-drop-cap-letter{display:inline-block}<\/style>\t\t\t\t<h3>Alanya Sat\u0131l\u0131k Emlak: Aslan Invest ile M\u00fckemmel Yat\u0131r\u0131m\u0131n\u0131z\u0131 Ke\u015ffedin<\/h3><h4>Alanya&#039;daki En \u0130yi Emlaklar\u0131 Ke\u015ffedin<\/h4><p>Muhte\u015fem bir Akdeniz destinasyonu olan Alanya, her al\u0131c\u0131 i\u00e7in se\u00e7enekler sunan geli\u015fen bir gayrimenkul piyasas\u0131 sunmaktad\u0131r. &quot;Alanya Sat\u0131l\u0131k Emlak&quot; piyasas\u0131 l\u00fcks villalar, \u00e7a\u011fda\u015f daireler ve gelecek vaat eden ticari alanlarla doludur. \u0130ster bir tatil evi, ister kal\u0131c\u0131 bir ikametgah veya kazan\u00e7l\u0131 bir yat\u0131r\u0131m ar\u0131yor olun, Aslan Invest tam olarak ihtiyac\u0131n\u0131z olan\u0131 bulman\u0131z\u0131 sa\u011flar.<\/p><h4>Neden Alanya Sat\u0131l\u0131k Emlak&#039;\u0131 Se\u00e7melisiniz?<\/h4><h5>Akdeniz cazibesi<\/h5><p>Alanya, nefes kesen do\u011fal g\u00fczellikleri modern olanaklarla bir araya getiriyor. Burada m\u00fclk sahibi olmak, her g\u00fcn alt\u0131n rengi plajlar\u0131n, turkuaz sular\u0131n ve Toros Da\u011flar\u0131&#039;n\u0131n muhte\u015fem manzaralar\u0131n\u0131n tad\u0131n\u0131 \u00e7\u0131karmak anlam\u0131na geliyor.<\/p><h5>Y\u00fcksek Yat\u0131r\u0131m Getirisi<\/h5><p>\u201cAlanya Sat\u0131l\u0131k Emlak\u201d pazar\u0131, uluslararas\u0131 al\u0131c\u0131lar aras\u0131ndaki pop\u00fclaritesi nedeniyle istikrarl\u0131 bir b\u00fcy\u00fcme g\u00f6rd\u00fc. Buradaki emlaklar rekabet\u00e7i fiyatlar ve g\u00fc\u00e7l\u00fc kira getirileri sunarak onlar\u0131 m\u00fckemmel yat\u0131r\u0131mlar haline getiriyor.<\/p><h5>\u00c7ok Y\u00f6nl\u00fc Se\u00e7enekler<\/h5><p>Deniz k\u0131y\u0131s\u0131ndaki villalardan merkezi konumdaki dairelere ve birinci s\u0131n\u0131f ticari m\u00fclklere kadar Alanya her ya\u015fam tarz\u0131na ve b\u00fct\u00e7eye uygun se\u00e7enekler sunuyor.<\/p><h4>Aslan Invest&#039;te Mevcut Emlak T\u00fcrleri<\/h4><h5>L\u00fcks Villalar<\/h5><p>Alanya&#039;n\u0131n villalar\u0131 geni\u015f yerle\u015fim planlar\u0131, \u00f6zel havuzlar ve panoramik manzaralar sunar. Bu m\u00fclkler, konfor ve gizlilik arayan aileler ve bireyler i\u00e7in ayr\u0131cal\u0131kl\u0131 bir ya\u015fam deneyimi sa\u011flar.<\/p><h5>Modern Daireler<\/h5><p>\u015e\u0131k tasar\u0131mlar\u0131 ve y\u00fczme havuzlar\u0131, fitness merkezleri ve 7\/24 g\u00fcvenlik gibi son teknoloji olanaklar\u0131yla Alanya&#039;daki daireler, profesyonellere, emeklilere ve ailelere hitap ediyor.<\/p><h5>Ticari Alanlar<\/h5><p>Giri\u015fimciler i\u00e7in ideal olan Alanya&#039;daki ticari gayrimenkuller, stratejik b\u00f6lgelerde yer almakta olup, i\u015f giri\u015fimleri i\u00e7in m\u00fckemmel f\u0131rsatlar sunmaktad\u0131r.<\/p><h4>Neden Aslan Invest&#039;i Se\u00e7melisiniz?<\/h4><h5>Yerel Uzmanl\u0131k<\/h5><p>Aslan Invest&#039;in &quot;Alanya Sat\u0131l\u0131k Emlak&quot; piyasas\u0131na ili\u015fkin derinlemesine bilgisi, en iyi tavsiyeleri alman\u0131z\u0131 ve en iyi listelemelere eri\u015fmenizi sa\u011flar.<\/p><h5>Ki\u015fiselle\u015ftirilmi\u015f \u00c7\u00f6z\u00fcmler<\/h5><p>Her m\u00fc\u015fterinin benzersiz oldu\u011funu anl\u0131yoruz. Ekibimiz, ister bir ev ister yat\u0131r\u0131m ama\u00e7l\u0131 bir m\u00fclk ar\u0131yor olun, ihtiya\u00e7lar\u0131n\u0131za uygun hizmetleri uyarlar.<\/p><h5>U\u00e7tan Uca Destek<\/h5><p>Do\u011fru m\u00fclk\u00fc se\u00e7mekten yasal ve finansal gereklilikleri y\u00f6netmeye kadar Aslan Invest, sat\u0131n alma s\u00fcrecini sorunsuz ve stressiz hale getiriyor.<\/p><h4>Alanya Sat\u0131l\u0131k Emlak Hakk\u0131nda S\u0131k\u00e7a Sorulan Sorular<\/h4><h5>Neden Alanya&#039;ya Yat\u0131r\u0131m Yapmal\u0131s\u0131n\u0131z?<\/h5><p>Alanya, do\u011fal g\u00fczellikleri, modern olanaklar\u0131 ve b\u00fcy\u00fcyen emlak piyasas\u0131yla e\u015fsiz bir kar\u0131\u015f\u0131m sunarak, buray\u0131 emlak al\u0131c\u0131lar\u0131 i\u00e7in en iyi tercih haline getiriyor.<\/p><h5>Alanya Emlaklar\u0131nda Hangi Olanaklar\u0131 Bekleyebilirim?<\/h5><p>Alanya&#039;daki konutlar genellikle l\u00fcks ve pratiklik sa\u011flayan modern mutfaklar, \u00f6zel havuzlar, fitness merkezleri ve muhte\u015fem manzaralara sahiptir.<\/p><h5>Aslan Invest Bana Nas\u0131l Yard\u0131mc\u0131 Olabilir?<\/h5><p>Aslan Invest, Alanya&#039;da m\u00fckemmel m\u00fclk\u00fc bulman\u0131za, de\u011ferlendirmenize ve g\u00fcvence alt\u0131na alman\u0131za yard\u0131mc\u0131 olarak sat\u0131n alma s\u00fcreci boyunca kapsaml\u0131 destek sa\u011flar.<\/p><h4>Sonu\u00e7: Aslan Invest ile hayalinizdeki m\u00fclk\u00fc g\u00fcvence alt\u0131na al\u0131n<\/h4><p>&quot;Alanya Sat\u0131l\u0131k Emlak&quot; pazar\u0131, al\u0131c\u0131lar ve yat\u0131r\u0131mc\u0131lar i\u00e7in f\u0131rsatlarla dolup ta\u015f\u0131yor. Aslan Invest&#039;in uzmanl\u0131\u011f\u0131 ve ba\u011fl\u0131l\u0131\u011f\u0131yla, Alanya&#039;da ideal m\u00fclk\u00fcn\u00fcz\u00fc bulmak basit ve \u00f6d\u00fcllendirici. Akdeniz cennetinin bir par\u00e7as\u0131na sahip olma yolculu\u011funuza ba\u015flamak i\u00e7in bug\u00fcn bizimle ileti\u015fime ge\u00e7in.<\/p>\t\t\t\t\t\t<\/div>\n\t\t\t\t<\/div>\n\t\t\t\t\t<\/div>\n\t\t\t\t<\/div>\n\t\t\t\t<\/div>","protected":false},"excerpt":{"rendered":"","protected":false},"author":1,"featured_media":27999,"parent":0,"menu_order":0,"comment_status":"closed","ping_status":"closed","template":"elementor_header_footer","meta":{"_monsterinsights_skip_tracking":false,"_monsterinsights_sitenote_active":false,"_monsterinsights_sitenote_note":"","_monsterinsights_sitenote_category":0,"footnotes":""},"class_list":["post-27981","page","type-page","status-publish","has-post-thumbnail","hentry"],"yoast_head":"<!-- This site is optimized with the Yoast SEO plugin v23.4 - https:\/\/yoast.com\/wordpress\/plugins\/seo\/ -->\n<title>Alanya For Sale Property - Find Your Dream Home with Aslan Invest<\/title>\n<meta name=\"description\" content=\"Explore the Alanya For Sale Property market with Aslan Invest. From luxury villas to modern apartments, find your dream home or investment today!\" \/>\n<meta name=\"robots\" content=\"index, follow, max-snippet:-1, max-image-preview:large, max-video-preview:-1\" \/>\n<link rel=\"canonical\" href=\"https:\/\/aslan-invest.com\/tr\/alanya-for-sale-property-2\/\" \/>\n<meta property=\"og:locale\" content=\"tr_TR\" \/>\n<meta property=\"og:type\" content=\"article\" \/>\n<meta property=\"og:title\" content=\"Alanya For Sale Property - Find Your Dream Home with Aslan Invest\" \/>\n<meta property=\"og:description\" content=\"Explore the Alanya For Sale Property market with Aslan Invest. From luxury villas to modern apartments, find your dream home or investment today!\" \/>\n<meta property=\"og:url\" content=\"https:\/\/aslan-invest.com\/tr\/alanya-for-sale-property-2\/\" \/>\n<meta property=\"og:site_name\" content=\"Aslan Invest Real Estate\" \/>\n<meta property=\"article:modified_time\" content=\"2024-12-10T17:45:03+00:00\" \/>\n<meta property=\"og:image\" content=\"https:\/\/aslan-invest.com\/wp-content\/uploads\/2024\/11\/2-12.png\" \/>\n\t<meta property=\"og:image:width\" content=\"1080\" \/>\n\t<meta property=\"og:image:height\" content=\"1080\" \/>\n\t<meta property=\"og:image:type\" content=\"image\/png\" \/>\n<meta name=\"twitter:card\" content=\"summary_large_image\" \/>\n<meta name=\"twitter:label1\" content=\"Tahmini okuma s\u00fcresi\" \/>\n\t<meta name=\"twitter:data1\" content=\"1 dakika\" \/>\n<script type=\"application\/ld+json\" class=\"yoast-schema-graph\">{\"@context\":\"https:\/\/schema.org\",\"@graph\":[{\"@type\":\"WebPage\",\"@id\":\"https:\/\/aslan-invest.com\/alanya-for-sale-property-2\/\",\"url\":\"https:\/\/aslan-invest.com\/alanya-for-sale-property-2\/\",\"name\":\"Alanya For Sale Property - Find Your Dream Home with Aslan Invest\",\"isPartOf\":{\"@id\":\"https:\/\/aslan-invest.com\/#website\"},\"primaryImageOfPage\":{\"@id\":\"https:\/\/aslan-invest.com\/alanya-for-sale-property-2\/#primaryimage\"},\"image\":{\"@id\":\"https:\/\/aslan-invest.com\/alanya-for-sale-property-2\/#primaryimage\"},\"thumbnailUrl\":\"https:\/\/aslan-invest.com\/wp-content\/uploads\/2024\/11\/2-12.png\",\"datePublished\":\"2024-11-22T19:14:04+00:00\",\"dateModified\":\"2024-12-10T17:45:03+00:00\",\"description\":\"Explore the Alanya For Sale Property market with Aslan Invest. From luxury villas to modern apartments, find your dream home or investment today!\",\"breadcrumb\":{\"@id\":\"https:\/\/aslan-invest.com\/alanya-for-sale-property-2\/#breadcrumb\"},\"inLanguage\":\"tr\",\"potentialAction\":[{\"@type\":\"ReadAction\",\"target\":[\"https:\/\/aslan-invest.com\/alanya-for-sale-property-2\/\"]}]},{\"@type\":\"ImageObject\",\"inLanguage\":\"tr\",\"@id\":\"https:\/\/aslan-invest.com\/alanya-for-sale-property-2\/#primaryimage\",\"url\":\"https:\/\/aslan-invest.com\/wp-content\/uploads\/2024\/11\/2-12.png\",\"contentUrl\":\"https:\/\/aslan-invest.com\/wp-content\/uploads\/2024\/11\/2-12.png\",\"width\":1080,\"height\":1080,\"caption\":\"Alanya Real Estate\"},{\"@type\":\"BreadcrumbList\",\"@id\":\"https:\/\/aslan-invest.com\/alanya-for-sale-property-2\/#breadcrumb\",\"itemListElement\":[{\"@type\":\"ListItem\",\"position\":1,\"name\":\"Anasayfa\",\"item\":\"https:\/\/aslan-invest.com\/\"},{\"@type\":\"ListItem\",\"position\":2,\"name\":\"Alanya For Sale Property\"}]},{\"@type\":\"WebSite\",\"@id\":\"https:\/\/aslan-invest.com\/#website\",\"url\":\"https:\/\/aslan-invest.com\/\",\"name\":\"Aslan Invest Real Estate\",\"description\":\"Alanya Real Estate | Investment\",\"publisher\":{\"@id\":\"https:\/\/aslan-invest.com\/#organization\"},\"potentialAction\":[{\"@type\":\"SearchAction\",\"target\":{\"@type\":\"EntryPoint\",\"urlTemplate\":\"https:\/\/aslan-invest.com\/?s={search_term_string}\"},\"query-input\":{\"@type\":\"PropertyValueSpecification\",\"valueRequired\":true,\"valueName\":\"search_term_string\"}}],\"inLanguage\":\"tr\"},{\"@type\":\"Organization\",\"@id\":\"https:\/\/aslan-invest.com\/#organization\",\"name\":\"Aslan Invest Real Estate\",\"url\":\"https:\/\/aslan-invest.com\/\",\"logo\":{\"@type\":\"ImageObject\",\"inLanguage\":\"tr\",\"@id\":\"https:\/\/aslan-invest.com\/#\/schema\/logo\/image\/\",\"url\":\"https:\/\/aslan-invest.com\/wp-content\/uploads\/2026\/01\/aslan-invest-LOGO-1-1-scaled-e1769624144110.png\",\"contentUrl\":\"https:\/\/aslan-invest.com\/wp-content\/uploads\/2026\/01\/aslan-invest-LOGO-1-1-scaled-e1769624144110.png\",\"width\":2517,\"height\":1479,\"caption\":\"Aslan Invest Real Estate\"},\"image\":{\"@id\":\"https:\/\/aslan-invest.com\/#\/schema\/logo\/image\/\"},\"sameAs\":[\"https:\/\/www.instagram.com\/.aslaninvest.realestate\"]}]}<\/script>\n<!-- \/ Yoast SEO plugin. -->","yoast_head_json":{"title":"Alanya For Sale Property - Find Your Dream Home with Aslan Invest","description":"Explore the Alanya For Sale Property market with Aslan Invest. From luxury villas to modern apartments, find your dream home or investment today!","robots":{"index":"index","follow":"follow","max-snippet":"max-snippet:-1","max-image-preview":"max-image-preview:large","max-video-preview":"max-video-preview:-1"},"canonical":"https:\/\/aslan-invest.com\/tr\/alanya-for-sale-property-2\/","og_locale":"tr_TR","og_type":"article","og_title":"Alanya For Sale Property - Find Your Dream Home with Aslan Invest","og_description":"Explore the Alanya For Sale Property market with Aslan Invest. From luxury villas to modern apartments, find your dream home or investment today!","og_url":"https:\/\/aslan-invest.com\/tr\/alanya-for-sale-property-2\/","og_site_name":"Aslan Invest Real Estate","article_modified_time":"2024-12-10T17:45:03+00:00","og_image":[{"width":1080,"height":1080,"url":"https:\/\/aslan-invest.com\/wp-content\/uploads\/2024\/11\/2-12.png","type":"image\/png"}],"twitter_card":"summary_large_image","twitter_misc":{"Tahmini okuma s\u00fcresi":"1 dakika"},"schema":{"@context":"https:\/\/schema.org","@graph":[{"@type":"WebPage","@id":"https:\/\/aslan-invest.com\/alanya-for-sale-property-2\/","url":"https:\/\/aslan-invest.com\/alanya-for-sale-property-2\/","name":"Alanya For Sale Property - Find Your Dream Home with Aslan Invest","isPartOf":{"@id":"https:\/\/aslan-invest.com\/#website"},"primaryImageOfPage":{"@id":"https:\/\/aslan-invest.com\/alanya-for-sale-property-2\/#primaryimage"},"image":{"@id":"https:\/\/aslan-invest.com\/alanya-for-sale-property-2\/#primaryimage"},"thumbnailUrl":"https:\/\/aslan-invest.com\/wp-content\/uploads\/2024\/11\/2-12.png","datePublished":"2024-11-22T19:14:04+00:00","dateModified":"2024-12-10T17:45:03+00:00","description":"Explore the Alanya For Sale Property market with Aslan Invest. From luxury villas to modern apartments, find your dream home or investment today!","breadcrumb":{"@id":"https:\/\/aslan-invest.com\/alanya-for-sale-property-2\/#breadcrumb"},"inLanguage":"tr","potentialAction":[{"@type":"ReadAction","target":["https:\/\/aslan-invest.com\/alanya-for-sale-property-2\/"]}]},{"@type":"ImageObject","inLanguage":"tr","@id":"https:\/\/aslan-invest.com\/alanya-for-sale-property-2\/#primaryimage","url":"https:\/\/aslan-invest.com\/wp-content\/uploads\/2024\/11\/2-12.png","contentUrl":"https:\/\/aslan-invest.com\/wp-content\/uploads\/2024\/11\/2-12.png","width":1080,"height":1080,"caption":"Alanya Real Estate"},{"@type":"BreadcrumbList","@id":"https:\/\/aslan-invest.com\/alanya-for-sale-property-2\/#breadcrumb","itemListElement":[{"@type":"ListItem","position":1,"name":"Anasayfa","item":"https:\/\/aslan-invest.com\/"},{"@type":"ListItem","position":2,"name":"Alanya For Sale Property"}]},{"@type":"WebSite","@id":"https:\/\/aslan-invest.com\/#website","url":"https:\/\/aslan-invest.com\/","name":"Aslan Invest Real Estate","description":"Alanya Real Estate | Investment","publisher":{"@id":"https:\/\/aslan-invest.com\/#organization"},"potentialAction":[{"@type":"SearchAction","target":{"@type":"EntryPoint","urlTemplate":"https:\/\/aslan-invest.com\/?s={search_term_string}"},"query-input":{"@type":"PropertyValueSpecification","valueRequired":true,"valueName":"search_term_string"}}],"inLanguage":"tr"},{"@type":"Organization","@id":"https:\/\/aslan-invest.com\/#organization","name":"Aslan Invest Real Estate","url":"https:\/\/aslan-invest.com\/","logo":{"@type":"ImageObject","inLanguage":"tr","@id":"https:\/\/aslan-invest.com\/#\/schema\/logo\/image\/","url":"https:\/\/aslan-invest.com\/wp-content\/uploads\/2026\/01\/aslan-invest-LOGO-1-1-scaled-e1769624144110.png","contentUrl":"https:\/\/aslan-invest.com\/wp-content\/uploads\/2026\/01\/aslan-invest-LOGO-1-1-scaled-e1769624144110.png","width":2517,"height":1479,"caption":"Aslan Invest Real Estate"},"image":{"@id":"https:\/\/aslan-invest.com\/#\/schema\/logo\/image\/"},"sameAs":["https:\/\/www.instagram.com\/.aslaninvest.realestate"]}]}},"_links":{"self":[{"href":"https:\/\/aslan-invest.com\/tr\/wp-json\/wp\/v2\/pages\/27981","targetHints":{"allow":["GET"]}}],"collection":[{"href":"https:\/\/aslan-invest.com\/tr\/wp-json\/wp\/v2\/pages"}],"about":[{"href":"https:\/\/aslan-invest.com\/tr\/wp-json\/wp\/v2\/types\/page"}],"author":[{"embeddable":true,"href":"https:\/\/aslan-invest.com\/tr\/wp-json\/wp\/v2\/users\/1"}],"replies":[{"embeddable":true,"href":"https:\/\/aslan-invest.com\/tr\/wp-json\/wp\/v2\/comments?post=27981"}],"version-history":[{"count":5,"href":"https:\/\/aslan-invest.com\/tr\/wp-json\/wp\/v2\/pages\/27981\/revisions"}],"predecessor-version":[{"id":27986,"href":"https:\/\/aslan-invest.com\/tr\/wp-json\/wp\/v2\/pages\/27981\/revisions\/27986"}],"wp:featuredmedia":[{"embeddable":true,"href":"https:\/\/aslan-invest.com\/tr\/wp-json\/wp\/v2\/media\/27999"}],"wp:attachment":[{"href":"https:\/\/aslan-invest.com\/tr\/wp-json\/wp\/v2\/media?parent=27981"}],"curies":[{"name":"wp","href":"https:\/\/api.w.org\/{rel}","templated":true}]}}