{"id":27975,"date":"2024-11-22T22:12:28","date_gmt":"2024-11-22T19:12:28","guid":{"rendered":"https:\/\/aslan-invest.com\/?page_id=27975"},"modified":"2024-12-10T20:45:06","modified_gmt":"2024-12-10T17:45:06","slug":"alanya-for-sale-property","status":"publish","type":"page","link":"https:\/\/aslan-invest.com\/tr\/alanya-for-sale-property\/","title":{"rendered":"Alanya Sat\u0131l\u0131k Emlak"},"content":{"rendered":"<div data-elementor-type=\"wp-page\" data-elementor-id=\"27975\" class=\"elementor elementor-27975\" data-elementor-post-type=\"page\">\n\t\t\t\t<div class=\"elementor-element elementor-element-74077fc e-flex e-con-boxed e-con e-parent\" data-id=\"74077fc\" data-element_type=\"container\">\n\t\t\t\t\t<div class=\"e-con-inner\">\n\t\t\t\t<div class=\"elementor-element elementor-element-e136178 elementor-widget elementor-widget-heading\" data-id=\"e136178\" data-element_type=\"widget\" data-widget_type=\"heading.default\">\n\t\t\t\t<div class=\"elementor-widget-container\">\n\t\t\t<style>\/*! elementor - v3.23.0 - 05-08-2024 *\/\n.elementor-heading-title{padding:0;margin:0;line-height:1}.elementor-widget-heading .elementor-heading-title[class*=elementor-size-]>a{color:inherit;font-size:inherit;line-height:inherit}.elementor-widget-heading .elementor-heading-title.elementor-size-small{font-size:15px}.elementor-widget-heading .elementor-heading-title.elementor-size-medium{font-size:19px}.elementor-widget-heading .elementor-heading-title.elementor-size-large{font-size:29px}.elementor-widget-heading .elementor-heading-title.elementor-size-xl{font-size:39px}.elementor-widget-heading .elementor-heading-title.elementor-size-xxl{font-size:59px}<\/style><h1 class=\"elementor-heading-title elementor-size-default\">Alanya Sat\u0131l\u0131k Emlak - Aslan Invest ile G\u00fcvenilir Orta\u011f\u0131n\u0131z<\/h1>\t\t<\/div>\n\t\t\t\t<\/div>\n\t\t\t\t<div class=\"elementor-element elementor-element-1534130 elementor-widget elementor-widget-text-editor\" data-id=\"1534130\" data-element_type=\"widget\" data-widget_type=\"text-editor.default\">\n\t\t\t\t<div class=\"elementor-widget-container\">\n\t\t\t<style>\/*! elementor - v3.23.0 - 05-08-2024 *\/\n.elementor-widget-text-editor.elementor-drop-cap-view-stacked .elementor-drop-cap{background-color:#69727d;color:#fff}.elementor-widget-text-editor.elementor-drop-cap-view-framed .elementor-drop-cap{color:#69727d;border:3px solid;background-color:transparent}.elementor-widget-text-editor:not(.elementor-drop-cap-view-default) .elementor-drop-cap{margin-top:8px}.elementor-widget-text-editor:not(.elementor-drop-cap-view-default) .elementor-drop-cap-letter{width:1em;height:1em}.elementor-widget-text-editor .elementor-drop-cap{float:left;text-align:center;line-height:1;font-size:50px}.elementor-widget-text-editor .elementor-drop-cap-letter{display:inline-block}<\/style>\t\t\t\t<h3>Alanya Sat\u0131l\u0131k Emlak: Aslan Invest ile hayalinizdeki yat\u0131r\u0131m\u0131n kilidini a\u00e7\u0131n<\/h3><h4>Alanya&#039;daki En \u0130yi Emlaklar\u0131 Ke\u015ffedin<\/h4><p>T\u00fcrkiye&#039;nin Akdeniz k\u0131y\u0131s\u0131ndaki bir m\u00fccevher olan Alanya, gayrimenkule yat\u0131r\u0131m yapmak isteyenler i\u00e7in sonsuz f\u0131rsatlar sunar. &quot;Alanya Sat\u0131l\u0131k Emlak&quot; pazar\u0131, l\u00fcks villalar, modern daireler ve ticari alanlar dahil olmak \u00fczere \u00e7ok \u00e7e\u015fitli se\u00e7enekler sunarak canl\u0131d\u0131r. Aslan Invest, bu geli\u015fen pazarda gezinmenize ve ihtiya\u00e7lar\u0131n\u0131za g\u00f6re uyarlanm\u0131\u015f m\u00fckemmel m\u00fclk\u00fc bulman\u0131za yard\u0131mc\u0131 olmak i\u00e7in burada.<\/p><h4>Neden Alanya Sat\u0131l\u0131k Emlak&#039;\u0131 Se\u00e7melisiniz?<\/h4><h5>Muhte\u015fem Akdeniz Ya\u015fam Tarz\u0131<\/h5><p>Alanya&#039;da m\u00fclk sahibi olmak, alt\u0131n rengi plajlar, turkuaz sular ve y\u0131l boyu g\u00fcne\u015f \u0131\u015f\u0131\u011f\u0131yla dolu bir ya\u015fam tarz\u0131n\u0131 benimsemek anlam\u0131na gelir. \u0130ster tatil evi ister kal\u0131c\u0131 bir ikamet olsun, Alanya e\u015fsiz bir ya\u015fam deneyimi sunar.<\/p><h5>Y\u00fcksek Yat\u0131r\u0131m Potansiyeli<\/h5><p>\u201cAlanya Sat\u0131l\u0131k Emlak\u201d pazar\u0131, uluslararas\u0131 al\u0131c\u0131lar\u0131n g\u00fc\u00e7l\u00fc talebiyle h\u0131zla b\u00fcy\u00fcyor. Uygun fiyatlar ve y\u00fcksek kira getirileriyle Alanya, karl\u0131 gayrimenkul yat\u0131r\u0131mlar\u0131 i\u00e7in birinci s\u0131n\u0131f bir destinasyondur.<\/p><h5>\u00c7e\u015fitli Emlak Se\u00e7enekleri<\/h5><p>Denize s\u0131f\u0131r villalardan merkezi konumdaki dairelere ve ticari alanlara kadar Alanya her zevke ve b\u00fct\u00e7eye uygun \u00e7e\u015fitli gayrimenkul se\u00e7enekleri sunuyor.<\/p><h4>Aslan Invest&#039;te Mevcut Emlak T\u00fcrleri<\/h4><h5>L\u00fcks Villalar<\/h5><p>Gizlilik ve zarafet arayanlar i\u00e7in Alanya&#039;daki villalar geni\u015f ya\u015fam alanlar\u0131, \u00f6zel havuzlar ve Akdeniz veya Toros Da\u011flar\u0131&#039;n\u0131n nefes kesen manzaralar\u0131n\u0131 sunmaktad\u0131r.<\/p><h5>Modern Daireler<\/h5><p>\u00c7a\u011fda\u015f estetikle tasarlanan Alanya daireleri y\u00fczme havuzlar\u0131, fitness merkezleri ve g\u00fcvenli otopark gibi olanaklara sahiptir. Bunlar aileler, profesyoneller ve emekliler i\u00e7in idealdir.<\/p><h5>Ticari Emlaklar<\/h5><p>Alanya&#039;n\u0131n geli\u015fen ekonomisi onu i\u015f yat\u0131r\u0131mlar\u0131 i\u00e7in harika bir yer haline getiriyor. Perakende alanlar\u0131ndan ofis binalar\u0131na kadar Aslan Invest, stratejik konumlarda birinci s\u0131n\u0131f ticari m\u00fclkler sunuyor.<\/p><h4>Neden Aslan Invest&#039;i Se\u00e7melisiniz?<\/h4><h5>Alanya Emlakta Uzmanl\u0131k<\/h5><p>Aslan Invest, \u201cAlanya Sat\u0131l\u0131k Emlak\u201d piyasas\u0131nda geni\u015f bir deneyime sahip olup, bilin\u00e7li kararlar alabilmeniz i\u00e7in uzman rehberlik hizmeti sunmaktad\u0131r.<\/p><h5>Ki\u015fiselle\u015ftirilmi\u015f \u00c7\u00f6z\u00fcmler<\/h5><p>Her m\u00fc\u015fteri benzersizdir ve Aslan Invest, ister ev sat\u0131n al\u0131yor olun ister yat\u0131r\u0131m yap\u0131yor olun, hizmetlerini \u00f6zel tercihlerinize ve hedeflerinize uyacak \u015fekilde \u00f6zelle\u015ftirir.<\/p><h5>Sorunsuz \u0130\u015flem<\/h5><p>Aslan Invest, gayrimenkul se\u00e7iminden hukuki ve finansal rehberli\u011fe kadar sat\u0131n alma yolculu\u011funun her a\u015famas\u0131yla ilgilenerek, sorunsuz ve keyifli bir deneyim sa\u011fl\u0131yor.<\/p><h4>Alanya Sat\u0131l\u0131k Emlak Hakk\u0131nda S\u0131k\u00e7a Sorulan Sorular<\/h4><h5>Neden Alanya Gayrimenkul\u00fcne Yat\u0131r\u0131m Yapmal\u0131s\u0131n\u0131z?<\/h5><p>Alanya, do\u011fal g\u00fczellikleri, modern olanaklar\u0131 ve g\u00fc\u00e7l\u00fc gayrimenkul talebini bir araya getirerek yat\u0131r\u0131mc\u0131lar ve ev sahipleri i\u00e7in ideal bir se\u00e7im haline geliyor.<\/p><h5>Alanya Emlaklar\u0131 Hangi Olanaklar\u0131 Sunuyor?<\/h5><p>Alanya&#039;daki konutlar modern mutfaklar, geni\u015f balkonlar, y\u00fczme havuzlar\u0131, fitness salonlar\u0131 ve geli\u015fmi\u015f g\u00fcvenlik sistemleri gibi \u00f6zelliklerle donat\u0131lm\u0131\u015ft\u0131r.<\/p><h5>Aslan Invest Bana Do\u011fru Emlak\u0131 Bulmamda Nas\u0131l Yard\u0131mc\u0131 Olabilir?<\/h5><p>Aslan Invest, Alanya&#039;da ideal m\u00fclk\u00fc bulman\u0131za ve g\u00fcvence alt\u0131na alman\u0131za yard\u0131mc\u0131 olarak u\u00e7tan uca destek sa\u011flar. Ekibimiz, ba\u015ftan sona stressiz bir deneyim sa\u011flar.<\/p><h4>Sonu\u00e7: Hayalinizdeki M\u00fclk Aslan Invest ile Sizi Bekliyor<\/h4><p>\u201cAlanya Sat\u0131l\u0131k Emlak\u201d pazar\u0131, al\u0131c\u0131lar ve yat\u0131r\u0131mc\u0131lar i\u00e7in ola\u011fan\u00fcst\u00fc f\u0131rsatlar sunar. Aslan Invest&#039;in uzmanl\u0131\u011f\u0131 ve \u00f6zverisi sayesinde, Alanya&#039;da hayalinizdeki m\u00fclk\u00fc bulmak zahmetsizdir. Bu Akdeniz cennetinin bir par\u00e7as\u0131na sahip olma yolculu\u011funuza ba\u015flamak i\u00e7in bug\u00fcn bizimle ileti\u015fime ge\u00e7in.<\/p>\t\t\t\t\t\t<\/div>\n\t\t\t\t<\/div>\n\t\t\t\t\t<\/div>\n\t\t\t\t<\/div>\n\t\t\t\t<\/div>","protected":false},"excerpt":{"rendered":"","protected":false},"author":1,"featured_media":0,"parent":0,"menu_order":0,"comment_status":"closed","ping_status":"closed","template":"elementor_header_footer","meta":{"_monsterinsights_skip_tracking":false,"_monsterinsights_sitenote_active":false,"_monsterinsights_sitenote_note":"","_monsterinsights_sitenote_category":0,"footnotes":""},"class_list":["post-27975","page","type-page","status-publish","hentry"],"yoast_head":"<!-- This site is optimized with the Yoast SEO plugin v23.4 - https:\/\/yoast.com\/wordpress\/plugins\/seo\/ -->\n<title>Alanya For Sale Property - Your Trusted Partner with Aslan Invest<\/title>\n<meta name=\"description\" content=\"Explore the Alanya For Sale Property market with Aslan Invest. From luxurious villas to modern apartments, find your dream home or investment today!\" \/>\n<meta name=\"robots\" content=\"index, follow, max-snippet:-1, max-image-preview:large, max-video-preview:-1\" \/>\n<link rel=\"canonical\" href=\"https:\/\/aslan-invest.com\/tr\/alanya-for-sale-property\/\" \/>\n<meta property=\"og:locale\" content=\"tr_TR\" \/>\n<meta property=\"og:type\" content=\"article\" \/>\n<meta property=\"og:title\" content=\"Alanya For Sale Property - Your Trusted Partner with Aslan Invest\" \/>\n<meta property=\"og:description\" content=\"Explore the Alanya For Sale Property market with Aslan Invest. From luxurious villas to modern apartments, find your dream home or investment today!\" \/>\n<meta property=\"og:url\" content=\"https:\/\/aslan-invest.com\/tr\/alanya-for-sale-property\/\" \/>\n<meta property=\"og:site_name\" content=\"Aslan Invest Real Estate\" \/>\n<meta property=\"article:modified_time\" content=\"2024-12-10T17:45:06+00:00\" \/>\n<meta property=\"og:image\" content=\"https:\/\/aslan-invest.com\/wp-content\/uploads\/2024\/11\/2-12.png\" \/>\n\t<meta property=\"og:image:width\" content=\"1080\" \/>\n\t<meta property=\"og:image:height\" content=\"1080\" \/>\n\t<meta property=\"og:image:type\" content=\"image\/png\" \/>\n<meta name=\"twitter:card\" content=\"summary_large_image\" \/>\n<meta name=\"twitter:label1\" content=\"Tahmini okuma s\u00fcresi\" \/>\n\t<meta name=\"twitter:data1\" content=\"1 dakika\" \/>\n<script type=\"application\/ld+json\" class=\"yoast-schema-graph\">{\"@context\":\"https:\/\/schema.org\",\"@graph\":[{\"@type\":\"WebPage\",\"@id\":\"https:\/\/aslan-invest.com\/alanya-for-sale-property\/\",\"url\":\"https:\/\/aslan-invest.com\/alanya-for-sale-property\/\",\"name\":\"Alanya For Sale Property - Your Trusted Partner with Aslan Invest\",\"isPartOf\":{\"@id\":\"https:\/\/aslan-invest.com\/#website\"},\"datePublished\":\"2024-11-22T19:12:28+00:00\",\"dateModified\":\"2024-12-10T17:45:06+00:00\",\"description\":\"Explore the Alanya For Sale Property market with Aslan Invest. From luxurious villas to modern apartments, find your dream home or investment today!\",\"breadcrumb\":{\"@id\":\"https:\/\/aslan-invest.com\/alanya-for-sale-property\/#breadcrumb\"},\"inLanguage\":\"tr\",\"potentialAction\":[{\"@type\":\"ReadAction\",\"target\":[\"https:\/\/aslan-invest.com\/alanya-for-sale-property\/\"]}]},{\"@type\":\"BreadcrumbList\",\"@id\":\"https:\/\/aslan-invest.com\/alanya-for-sale-property\/#breadcrumb\",\"itemListElement\":[{\"@type\":\"ListItem\",\"position\":1,\"name\":\"Anasayfa\",\"item\":\"https:\/\/aslan-invest.com\/\"},{\"@type\":\"ListItem\",\"position\":2,\"name\":\"Alanya For Sale Property\"}]},{\"@type\":\"WebSite\",\"@id\":\"https:\/\/aslan-invest.com\/#website\",\"url\":\"https:\/\/aslan-invest.com\/\",\"name\":\"Aslan Invest Real Estate\",\"description\":\"Alanya Real Estate | Investment\",\"publisher\":{\"@id\":\"https:\/\/aslan-invest.com\/#organization\"},\"potentialAction\":[{\"@type\":\"SearchAction\",\"target\":{\"@type\":\"EntryPoint\",\"urlTemplate\":\"https:\/\/aslan-invest.com\/?s={search_term_string}\"},\"query-input\":{\"@type\":\"PropertyValueSpecification\",\"valueRequired\":true,\"valueName\":\"search_term_string\"}}],\"inLanguage\":\"tr\"},{\"@type\":\"Organization\",\"@id\":\"https:\/\/aslan-invest.com\/#organization\",\"name\":\"Aslan Invest Real Estate\",\"url\":\"https:\/\/aslan-invest.com\/\",\"logo\":{\"@type\":\"ImageObject\",\"inLanguage\":\"tr\",\"@id\":\"https:\/\/aslan-invest.com\/#\/schema\/logo\/image\/\",\"url\":\"https:\/\/aslan-invest.com\/wp-content\/uploads\/2026\/01\/aslan-invest-LOGO-1-1-scaled-e1769624144110.png\",\"contentUrl\":\"https:\/\/aslan-invest.com\/wp-content\/uploads\/2026\/01\/aslan-invest-LOGO-1-1-scaled-e1769624144110.png\",\"width\":2517,\"height\":1479,\"caption\":\"Aslan Invest Real Estate\"},\"image\":{\"@id\":\"https:\/\/aslan-invest.com\/#\/schema\/logo\/image\/\"},\"sameAs\":[\"https:\/\/www.instagram.com\/.aslaninvest.realestate\"]}]}<\/script>\n<!-- \/ Yoast SEO plugin. -->","yoast_head_json":{"title":"Alanya For Sale Property - Your Trusted Partner with Aslan Invest","description":"Explore the Alanya For Sale Property market with Aslan Invest. From luxurious villas to modern apartments, find your dream home or investment today!","robots":{"index":"index","follow":"follow","max-snippet":"max-snippet:-1","max-image-preview":"max-image-preview:large","max-video-preview":"max-video-preview:-1"},"canonical":"https:\/\/aslan-invest.com\/tr\/alanya-for-sale-property\/","og_locale":"tr_TR","og_type":"article","og_title":"Alanya For Sale Property - Your Trusted Partner with Aslan Invest","og_description":"Explore the Alanya For Sale Property market with Aslan Invest. From luxurious villas to modern apartments, find your dream home or investment today!","og_url":"https:\/\/aslan-invest.com\/tr\/alanya-for-sale-property\/","og_site_name":"Aslan Invest Real Estate","article_modified_time":"2024-12-10T17:45:06+00:00","og_image":[{"width":1080,"height":1080,"url":"https:\/\/aslan-invest.com\/wp-content\/uploads\/2024\/11\/2-12.png","type":"image\/png"}],"twitter_card":"summary_large_image","twitter_misc":{"Tahmini okuma s\u00fcresi":"1 dakika"},"schema":{"@context":"https:\/\/schema.org","@graph":[{"@type":"WebPage","@id":"https:\/\/aslan-invest.com\/alanya-for-sale-property\/","url":"https:\/\/aslan-invest.com\/alanya-for-sale-property\/","name":"Alanya For Sale Property - Your Trusted Partner with Aslan Invest","isPartOf":{"@id":"https:\/\/aslan-invest.com\/#website"},"datePublished":"2024-11-22T19:12:28+00:00","dateModified":"2024-12-10T17:45:06+00:00","description":"Explore the Alanya For Sale Property market with Aslan Invest. From luxurious villas to modern apartments, find your dream home or investment today!","breadcrumb":{"@id":"https:\/\/aslan-invest.com\/alanya-for-sale-property\/#breadcrumb"},"inLanguage":"tr","potentialAction":[{"@type":"ReadAction","target":["https:\/\/aslan-invest.com\/alanya-for-sale-property\/"]}]},{"@type":"BreadcrumbList","@id":"https:\/\/aslan-invest.com\/alanya-for-sale-property\/#breadcrumb","itemListElement":[{"@type":"ListItem","position":1,"name":"Anasayfa","item":"https:\/\/aslan-invest.com\/"},{"@type":"ListItem","position":2,"name":"Alanya For Sale Property"}]},{"@type":"WebSite","@id":"https:\/\/aslan-invest.com\/#website","url":"https:\/\/aslan-invest.com\/","name":"Aslan Invest Real Estate","description":"Alanya Real Estate | Investment","publisher":{"@id":"https:\/\/aslan-invest.com\/#organization"},"potentialAction":[{"@type":"SearchAction","target":{"@type":"EntryPoint","urlTemplate":"https:\/\/aslan-invest.com\/?s={search_term_string}"},"query-input":{"@type":"PropertyValueSpecification","valueRequired":true,"valueName":"search_term_string"}}],"inLanguage":"tr"},{"@type":"Organization","@id":"https:\/\/aslan-invest.com\/#organization","name":"Aslan Invest Real Estate","url":"https:\/\/aslan-invest.com\/","logo":{"@type":"ImageObject","inLanguage":"tr","@id":"https:\/\/aslan-invest.com\/#\/schema\/logo\/image\/","url":"https:\/\/aslan-invest.com\/wp-content\/uploads\/2026\/01\/aslan-invest-LOGO-1-1-scaled-e1769624144110.png","contentUrl":"https:\/\/aslan-invest.com\/wp-content\/uploads\/2026\/01\/aslan-invest-LOGO-1-1-scaled-e1769624144110.png","width":2517,"height":1479,"caption":"Aslan Invest Real Estate"},"image":{"@id":"https:\/\/aslan-invest.com\/#\/schema\/logo\/image\/"},"sameAs":["https:\/\/www.instagram.com\/.aslaninvest.realestate"]}]}},"_links":{"self":[{"href":"https:\/\/aslan-invest.com\/tr\/wp-json\/wp\/v2\/pages\/27975","targetHints":{"allow":["GET"]}}],"collection":[{"href":"https:\/\/aslan-invest.com\/tr\/wp-json\/wp\/v2\/pages"}],"about":[{"href":"https:\/\/aslan-invest.com\/tr\/wp-json\/wp\/v2\/types\/page"}],"author":[{"embeddable":true,"href":"https:\/\/aslan-invest.com\/tr\/wp-json\/wp\/v2\/users\/1"}],"replies":[{"embeddable":true,"href":"https:\/\/aslan-invest.com\/tr\/wp-json\/wp\/v2\/comments?post=27975"}],"version-history":[{"count":5,"href":"https:\/\/aslan-invest.com\/tr\/wp-json\/wp\/v2\/pages\/27975\/revisions"}],"predecessor-version":[{"id":27980,"href":"https:\/\/aslan-invest.com\/tr\/wp-json\/wp\/v2\/pages\/27975\/revisions\/27980"}],"wp:attachment":[{"href":"https:\/\/aslan-invest.com\/tr\/wp-json\/wp\/v2\/media?parent=27975"}],"curies":[{"name":"wp","href":"https:\/\/api.w.org\/{rel}","templated":true}]}}