{"id":27963,"date":"2024-11-22T22:09:23","date_gmt":"2024-11-22T19:09:23","guid":{"rendered":"https:\/\/aslan-invest.com\/?page_id=27963"},"modified":"2024-12-10T20:45:15","modified_gmt":"2024-12-10T17:45:15","slug":"alanya-for-sale-apartments-3","status":"publish","type":"page","link":"https:\/\/aslan-invest.com\/tr\/alanya-for-sale-apartments-3\/","title":{"rendered":"Alanya Sat\u0131l\u0131k Daireler"},"content":{"rendered":"<div data-elementor-type=\"wp-page\" data-elementor-id=\"27963\" class=\"elementor elementor-27963\" data-elementor-post-type=\"page\">\n\t\t\t\t<div class=\"elementor-element elementor-element-3bcb520 e-flex e-con-boxed e-con e-parent\" data-id=\"3bcb520\" data-element_type=\"container\">\n\t\t\t\t\t<div class=\"e-con-inner\">\n\t\t\t\t<div class=\"elementor-element elementor-element-acbe5d3 elementor-widget elementor-widget-heading\" data-id=\"acbe5d3\" data-element_type=\"widget\" data-widget_type=\"heading.default\">\n\t\t\t\t<div class=\"elementor-widget-container\">\n\t\t\t<style>\/*! elementor - v3.23.0 - 05-08-2024 *\/\n.elementor-heading-title{padding:0;margin:0;line-height:1}.elementor-widget-heading .elementor-heading-title[class*=elementor-size-]>a{color:inherit;font-size:inherit;line-height:inherit}.elementor-widget-heading .elementor-heading-title.elementor-size-small{font-size:15px}.elementor-widget-heading .elementor-heading-title.elementor-size-medium{font-size:19px}.elementor-widget-heading .elementor-heading-title.elementor-size-large{font-size:29px}.elementor-widget-heading .elementor-heading-title.elementor-size-xl{font-size:39px}.elementor-widget-heading .elementor-heading-title.elementor-size-xxl{font-size:59px}<\/style><h1 class=\"elementor-heading-title elementor-size-default\">Alanya Sat\u0131l\u0131k Daireler - Aslan Invest ile Hayalinizdeki Ev<\/h1>\t\t<\/div>\n\t\t\t\t<\/div>\n\t\t\t\t<div class=\"elementor-element elementor-element-8397402 elementor-widget elementor-widget-text-editor\" data-id=\"8397402\" data-element_type=\"widget\" data-widget_type=\"text-editor.default\">\n\t\t\t\t<div class=\"elementor-widget-container\">\n\t\t\t<style>\/*! elementor - v3.23.0 - 05-08-2024 *\/\n.elementor-widget-text-editor.elementor-drop-cap-view-stacked .elementor-drop-cap{background-color:#69727d;color:#fff}.elementor-widget-text-editor.elementor-drop-cap-view-framed .elementor-drop-cap{color:#69727d;border:3px solid;background-color:transparent}.elementor-widget-text-editor:not(.elementor-drop-cap-view-default) .elementor-drop-cap{margin-top:8px}.elementor-widget-text-editor:not(.elementor-drop-cap-view-default) .elementor-drop-cap-letter{width:1em;height:1em}.elementor-widget-text-editor .elementor-drop-cap{float:left;text-align:center;line-height:1;font-size:50px}.elementor-widget-text-editor .elementor-drop-cap-letter{display:inline-block}<\/style>\t\t\t\t<h3>Alanya Sat\u0131l\u0131k Daireler: Aslan Invest ile \u0130deal Evinizi Bulun<\/h3><h4>Alanya&#039;n\u0131n Geli\u015fen Apartman Pazar\u0131n\u0131 Ke\u015ffedin<\/h4><p>T\u00fcrkiye&#039;nin Akdeniz k\u0131y\u0131s\u0131ndaki pitoresk bir \u015fehir olan Alanya, gayrimenkul yat\u0131r\u0131mlar\u0131 ve hayalinizdeki evler i\u00e7in birinci s\u0131n\u0131f bir destinasyon haline geldi. &quot;Alanya Sat\u0131l\u0131k Daireler&quot; pazar\u0131, farkl\u0131 ya\u015fam tarzlar\u0131na ve b\u00fct\u00e7elere g\u00f6re uyarlanm\u0131\u015f bir dizi se\u00e7enek sunuyor. Aslan Invest ile Alanya&#039;da m\u00fckemmel daireyi bulmak hi\u00e7 bu kadar kolay olmam\u0131\u015ft\u0131.<\/p><h4>Neden Alanya Sat\u0131l\u0131k Daireleri Se\u00e7melisiniz?<\/h4><h5>Muhte\u015fem Akdeniz Manzaralar\u0131<\/h5><p>Alanya&#039;daki daireler genellikle Akdeniz&#039;in, Toros Da\u011flar\u0131&#039;n\u0131n veya Alanya Kalesi&#039;nin nefes kesen manzaralar\u0131na sahip olup, huzurlu ve l\u00fcks bir ya\u015fam ortam\u0131 sunmaktad\u0131r.<\/p><h5>Modern Olanaklar<\/h5><p>Y\u00fczme havuzlar\u0131ndan fitness merkezlerine, 7\/24 g\u00fcvenlikten peyzajl\u0131 bah\u00e7elere kadar Alanya daireleri konfor ve rahatl\u0131\u011f\u0131 art\u0131rmak i\u00e7in tasarlanm\u0131\u015ft\u0131r.<\/p><h5>Birinci S\u0131n\u0131f Lokasyonlar<\/h5><p>\u0130ster sahil kenar\u0131nda bir rezidans, ister hareketli \u015fehir merkezinde bir daire tercih edin, Alanya her tercihe uygun ideal lokasyonlar sunmaktad\u0131r.<\/p><h4>Aslan Invest&#039;te Mevcut Daire T\u00fcrleri<\/h4><h5>Sahil Apartmanlar\u0131<\/h5><p>Bu m\u00fclkler, huzur ve l\u00fcks arayanlar i\u00e7in m\u00fckemmel olan muhte\u015fem deniz manzaras\u0131 ve plaja do\u011frudan eri\u015fim imkan\u0131 sunmaktad\u0131r.<\/p><h5>\u015eehir Merkezi Daireleri<\/h5><p>Al\u0131\u015fveri\u015f merkezlerine, restoranlara ve k\u00fclt\u00fcrel mekanlara yak\u0131n konumda bulunan \u015fehir merkezindeki daireler, aileler ve profesyoneller i\u00e7in idealdir.<\/p><h5>Yat\u0131r\u0131m Daireleri<\/h5><p>Y\u00fcksek kira getirisi sa\u011flamak \u00fczere tasarlanan Alanya&#039;daki yat\u0131r\u0131m ama\u00e7l\u0131 daireler, \u015fehrin b\u00fcy\u00fcyen gayrimenkul pazar\u0131ndan yararlanmak isteyenler i\u00e7in m\u00fckemmel bir se\u00e7imdir.<\/p><h4>Neden Aslan Invest&#039;i Se\u00e7melisiniz?<\/h4><h5>Alanya Emlakta Uzmanl\u0131k<\/h5><p>Aslan Invest, \u201cAlanya Sat\u0131l\u0131k Daireler\u201d piyasas\u0131 hakk\u0131nda kapsaml\u0131 bilgiye sahip olup, bilin\u00e7li kararlar alman\u0131za yard\u0131mc\u0131 olmak i\u00e7in uzman rehberlik hizmeti sunmaktad\u0131r.<\/p><h5>Ki\u015fiye \u00d6zel \u00c7\u00f6z\u00fcmler<\/h5><p>Her al\u0131c\u0131n\u0131n kendine \u00f6zg\u00fc ihtiya\u00e7lar\u0131 vard\u0131r ve Aslan Invest, ya\u015fam tarz\u0131n\u0131za ve yat\u0131r\u0131m hedeflerinize uygun ki\u015fiselle\u015ftirilmi\u015f \u00e7\u00f6z\u00fcmler sa\u011flar.<\/p><h5>Kusursuz Sat\u0131n Alma Deneyimi<\/h5><p>Aslan Invest, m\u00fclk se\u00e7iminden evrak i\u015flerinin tamamlanmas\u0131na kadar s\u00fcrecin her ad\u0131m\u0131n\u0131 y\u00f6neterek sorunsuz ve stressiz bir deneyim sa\u011flar.<\/p><h4>Alanya Sat\u0131l\u0131k Daireler Hakk\u0131nda S\u0131k\u00e7a Sorulan Sorular<\/h4><h5>Alanya&#039;da Daire Almak \u0130yi Bir Yat\u0131r\u0131m M\u0131?<\/h5><p>Evet! Alanya&#039;daki daireler uygun fiyatlar, g\u00fc\u00e7l\u00fc kira potansiyeli ve uzun vadede de\u011fer art\u0131\u015f\u0131 sunarak yat\u0131r\u0131mc\u0131lar i\u00e7in ak\u0131ll\u0131ca bir tercih haline geliyor.<\/p><h5>Alanya Daireleri Hangi Olanaklar\u0131 Sunuyor?<\/h5><p>Dairelerin \u00e7o\u011funda modern mutfaklar, y\u00fczme havuzlar\u0131, fitness merkezleri ve g\u00fcvenlik \u00f6zellikleri yer al\u0131yor ve y\u00fcksek bir ya\u015fam standard\u0131 sa\u011fl\u0131yor.<\/p><h5>Aslan Invest Hayalimdeki Daireyi Bulmama Nas\u0131l Yard\u0131mc\u0131 Olabilir?<\/h5><p>Aslan Invest, tercihlerinizi anlamaktan sat\u0131n alma i\u015flemini tamamlaman\u0131za yard\u0131mc\u0131 olmaya kadar u\u00e7tan uca destek sa\u011flar ve s\u00fcre\u00e7 boyunca memnuniyetinizi sa\u011flar.<\/p><h4>Sonu\u00e7: Aslan Invest ile hayalinizdeki daireyi g\u00fcvence alt\u0131na al\u0131n<\/h4><p>&quot;Alanya Sat\u0131l\u0131k Daireler&quot; pazar\u0131, al\u0131c\u0131lar ve yat\u0131r\u0131mc\u0131lar i\u00e7in ola\u011fan\u00fcst\u00fc f\u0131rsatlar sunar. Aslan Invest&#039;in uzmanl\u0131\u011f\u0131 ve \u00f6zverisi sayesinde, Alanya&#039;da ideal dairenizi bulmak basit ve \u00f6d\u00fcllendiricidir. Bu Akdeniz cennetinin bir par\u00e7as\u0131na sahip olma yolculu\u011funuza ba\u015flamak i\u00e7in bug\u00fcn bizimle ileti\u015fime ge\u00e7in.<\/p>\t\t\t\t\t\t<\/div>\n\t\t\t\t<\/div>\n\t\t\t\t\t<\/div>\n\t\t\t\t<\/div>\n\t\t\t\t<\/div>","protected":false},"excerpt":{"rendered":"","protected":false},"author":1,"featured_media":27999,"parent":0,"menu_order":0,"comment_status":"closed","ping_status":"closed","template":"elementor_header_footer","meta":{"_monsterinsights_skip_tracking":false,"_monsterinsights_sitenote_active":false,"_monsterinsights_sitenote_note":"","_monsterinsights_sitenote_category":0,"footnotes":""},"class_list":["post-27963","page","type-page","status-publish","has-post-thumbnail","hentry"],"yoast_head":"<!-- This site is optimized with the Yoast SEO plugin v23.4 - https:\/\/yoast.com\/wordpress\/plugins\/seo\/ -->\n<title>Alanya For Sale Apartments - Your Dream Home with Aslan Invest<\/title>\n<meta name=\"description\" content=\"Discover the best Alanya For Sale Apartments with Aslan Invest. From beachfront properties to city center residences, find your perfect home or investment today!\" \/>\n<meta name=\"robots\" content=\"index, follow, max-snippet:-1, max-image-preview:large, max-video-preview:-1\" \/>\n<link rel=\"canonical\" href=\"https:\/\/aslan-invest.com\/tr\/alanya-for-sale-apartments-3\/\" \/>\n<meta property=\"og:locale\" content=\"tr_TR\" \/>\n<meta property=\"og:type\" content=\"article\" \/>\n<meta property=\"og:title\" content=\"Alanya For Sale Apartments - Your Dream Home with Aslan Invest\" \/>\n<meta property=\"og:description\" content=\"Discover the best Alanya For Sale Apartments with Aslan Invest. From beachfront properties to city center residences, find your perfect home or investment today!\" \/>\n<meta property=\"og:url\" content=\"https:\/\/aslan-invest.com\/tr\/alanya-for-sale-apartments-3\/\" \/>\n<meta property=\"og:site_name\" content=\"Aslan Invest Real Estate\" \/>\n<meta property=\"article:modified_time\" content=\"2024-12-10T17:45:15+00:00\" \/>\n<meta property=\"og:image\" content=\"https:\/\/aslan-invest.com\/wp-content\/uploads\/2024\/11\/2-12.png\" \/>\n\t<meta property=\"og:image:width\" content=\"1080\" \/>\n\t<meta property=\"og:image:height\" content=\"1080\" \/>\n\t<meta property=\"og:image:type\" content=\"image\/png\" \/>\n<meta name=\"twitter:card\" content=\"summary_large_image\" \/>\n<meta name=\"twitter:label1\" content=\"Tahmini okuma s\u00fcresi\" \/>\n\t<meta name=\"twitter:data1\" content=\"1 dakika\" \/>\n<script type=\"application\/ld+json\" class=\"yoast-schema-graph\">{\"@context\":\"https:\/\/schema.org\",\"@graph\":[{\"@type\":\"WebPage\",\"@id\":\"https:\/\/aslan-invest.com\/alanya-for-sale-apartments-3\/\",\"url\":\"https:\/\/aslan-invest.com\/alanya-for-sale-apartments-3\/\",\"name\":\"Alanya For Sale Apartments - Your Dream Home with Aslan Invest\",\"isPartOf\":{\"@id\":\"https:\/\/aslan-invest.com\/#website\"},\"primaryImageOfPage\":{\"@id\":\"https:\/\/aslan-invest.com\/alanya-for-sale-apartments-3\/#primaryimage\"},\"image\":{\"@id\":\"https:\/\/aslan-invest.com\/alanya-for-sale-apartments-3\/#primaryimage\"},\"thumbnailUrl\":\"https:\/\/aslan-invest.com\/wp-content\/uploads\/2024\/11\/2-12.png\",\"datePublished\":\"2024-11-22T19:09:23+00:00\",\"dateModified\":\"2024-12-10T17:45:15+00:00\",\"description\":\"Discover the best Alanya For Sale Apartments with Aslan Invest. From beachfront properties to city center residences, find your perfect home or investment today!\",\"breadcrumb\":{\"@id\":\"https:\/\/aslan-invest.com\/alanya-for-sale-apartments-3\/#breadcrumb\"},\"inLanguage\":\"tr\",\"potentialAction\":[{\"@type\":\"ReadAction\",\"target\":[\"https:\/\/aslan-invest.com\/alanya-for-sale-apartments-3\/\"]}]},{\"@type\":\"ImageObject\",\"inLanguage\":\"tr\",\"@id\":\"https:\/\/aslan-invest.com\/alanya-for-sale-apartments-3\/#primaryimage\",\"url\":\"https:\/\/aslan-invest.com\/wp-content\/uploads\/2024\/11\/2-12.png\",\"contentUrl\":\"https:\/\/aslan-invest.com\/wp-content\/uploads\/2024\/11\/2-12.png\",\"width\":1080,\"height\":1080,\"caption\":\"Alanya Real Estate\"},{\"@type\":\"BreadcrumbList\",\"@id\":\"https:\/\/aslan-invest.com\/alanya-for-sale-apartments-3\/#breadcrumb\",\"itemListElement\":[{\"@type\":\"ListItem\",\"position\":1,\"name\":\"Anasayfa\",\"item\":\"https:\/\/aslan-invest.com\/\"},{\"@type\":\"ListItem\",\"position\":2,\"name\":\"Alanya For Sale Apartments\"}]},{\"@type\":\"WebSite\",\"@id\":\"https:\/\/aslan-invest.com\/#website\",\"url\":\"https:\/\/aslan-invest.com\/\",\"name\":\"Aslan Invest Real Estate\",\"description\":\"Alanya Real Estate | Investment\",\"publisher\":{\"@id\":\"https:\/\/aslan-invest.com\/#organization\"},\"potentialAction\":[{\"@type\":\"SearchAction\",\"target\":{\"@type\":\"EntryPoint\",\"urlTemplate\":\"https:\/\/aslan-invest.com\/?s={search_term_string}\"},\"query-input\":{\"@type\":\"PropertyValueSpecification\",\"valueRequired\":true,\"valueName\":\"search_term_string\"}}],\"inLanguage\":\"tr\"},{\"@type\":\"Organization\",\"@id\":\"https:\/\/aslan-invest.com\/#organization\",\"name\":\"Aslan Invest Real Estate\",\"url\":\"https:\/\/aslan-invest.com\/\",\"logo\":{\"@type\":\"ImageObject\",\"inLanguage\":\"tr\",\"@id\":\"https:\/\/aslan-invest.com\/#\/schema\/logo\/image\/\",\"url\":\"https:\/\/aslan-invest.com\/wp-content\/uploads\/2026\/01\/aslan-invest-LOGO-1-1-scaled-e1769624144110.png\",\"contentUrl\":\"https:\/\/aslan-invest.com\/wp-content\/uploads\/2026\/01\/aslan-invest-LOGO-1-1-scaled-e1769624144110.png\",\"width\":2517,\"height\":1479,\"caption\":\"Aslan Invest Real Estate\"},\"image\":{\"@id\":\"https:\/\/aslan-invest.com\/#\/schema\/logo\/image\/\"},\"sameAs\":[\"https:\/\/www.instagram.com\/.aslaninvest.realestate\"]}]}<\/script>\n<!-- \/ Yoast SEO plugin. -->","yoast_head_json":{"title":"Alanya For Sale Apartments - Your Dream Home with Aslan Invest","description":"Discover the best Alanya For Sale Apartments with Aslan Invest. From beachfront properties to city center residences, find your perfect home or investment today!","robots":{"index":"index","follow":"follow","max-snippet":"max-snippet:-1","max-image-preview":"max-image-preview:large","max-video-preview":"max-video-preview:-1"},"canonical":"https:\/\/aslan-invest.com\/tr\/alanya-for-sale-apartments-3\/","og_locale":"tr_TR","og_type":"article","og_title":"Alanya For Sale Apartments - Your Dream Home with Aslan Invest","og_description":"Discover the best Alanya For Sale Apartments with Aslan Invest. From beachfront properties to city center residences, find your perfect home or investment today!","og_url":"https:\/\/aslan-invest.com\/tr\/alanya-for-sale-apartments-3\/","og_site_name":"Aslan Invest Real Estate","article_modified_time":"2024-12-10T17:45:15+00:00","og_image":[{"width":1080,"height":1080,"url":"https:\/\/aslan-invest.com\/wp-content\/uploads\/2024\/11\/2-12.png","type":"image\/png"}],"twitter_card":"summary_large_image","twitter_misc":{"Tahmini okuma s\u00fcresi":"1 dakika"},"schema":{"@context":"https:\/\/schema.org","@graph":[{"@type":"WebPage","@id":"https:\/\/aslan-invest.com\/alanya-for-sale-apartments-3\/","url":"https:\/\/aslan-invest.com\/alanya-for-sale-apartments-3\/","name":"Alanya For Sale Apartments - Your Dream Home with Aslan Invest","isPartOf":{"@id":"https:\/\/aslan-invest.com\/#website"},"primaryImageOfPage":{"@id":"https:\/\/aslan-invest.com\/alanya-for-sale-apartments-3\/#primaryimage"},"image":{"@id":"https:\/\/aslan-invest.com\/alanya-for-sale-apartments-3\/#primaryimage"},"thumbnailUrl":"https:\/\/aslan-invest.com\/wp-content\/uploads\/2024\/11\/2-12.png","datePublished":"2024-11-22T19:09:23+00:00","dateModified":"2024-12-10T17:45:15+00:00","description":"Discover the best Alanya For Sale Apartments with Aslan Invest. From beachfront properties to city center residences, find your perfect home or investment today!","breadcrumb":{"@id":"https:\/\/aslan-invest.com\/alanya-for-sale-apartments-3\/#breadcrumb"},"inLanguage":"tr","potentialAction":[{"@type":"ReadAction","target":["https:\/\/aslan-invest.com\/alanya-for-sale-apartments-3\/"]}]},{"@type":"ImageObject","inLanguage":"tr","@id":"https:\/\/aslan-invest.com\/alanya-for-sale-apartments-3\/#primaryimage","url":"https:\/\/aslan-invest.com\/wp-content\/uploads\/2024\/11\/2-12.png","contentUrl":"https:\/\/aslan-invest.com\/wp-content\/uploads\/2024\/11\/2-12.png","width":1080,"height":1080,"caption":"Alanya Real Estate"},{"@type":"BreadcrumbList","@id":"https:\/\/aslan-invest.com\/alanya-for-sale-apartments-3\/#breadcrumb","itemListElement":[{"@type":"ListItem","position":1,"name":"Anasayfa","item":"https:\/\/aslan-invest.com\/"},{"@type":"ListItem","position":2,"name":"Alanya For Sale Apartments"}]},{"@type":"WebSite","@id":"https:\/\/aslan-invest.com\/#website","url":"https:\/\/aslan-invest.com\/","name":"Aslan Invest Real Estate","description":"Alanya Real Estate | Investment","publisher":{"@id":"https:\/\/aslan-invest.com\/#organization"},"potentialAction":[{"@type":"SearchAction","target":{"@type":"EntryPoint","urlTemplate":"https:\/\/aslan-invest.com\/?s={search_term_string}"},"query-input":{"@type":"PropertyValueSpecification","valueRequired":true,"valueName":"search_term_string"}}],"inLanguage":"tr"},{"@type":"Organization","@id":"https:\/\/aslan-invest.com\/#organization","name":"Aslan Invest Real Estate","url":"https:\/\/aslan-invest.com\/","logo":{"@type":"ImageObject","inLanguage":"tr","@id":"https:\/\/aslan-invest.com\/#\/schema\/logo\/image\/","url":"https:\/\/aslan-invest.com\/wp-content\/uploads\/2026\/01\/aslan-invest-LOGO-1-1-scaled-e1769624144110.png","contentUrl":"https:\/\/aslan-invest.com\/wp-content\/uploads\/2026\/01\/aslan-invest-LOGO-1-1-scaled-e1769624144110.png","width":2517,"height":1479,"caption":"Aslan Invest Real Estate"},"image":{"@id":"https:\/\/aslan-invest.com\/#\/schema\/logo\/image\/"},"sameAs":["https:\/\/www.instagram.com\/.aslaninvest.realestate"]}]}},"_links":{"self":[{"href":"https:\/\/aslan-invest.com\/tr\/wp-json\/wp\/v2\/pages\/27963","targetHints":{"allow":["GET"]}}],"collection":[{"href":"https:\/\/aslan-invest.com\/tr\/wp-json\/wp\/v2\/pages"}],"about":[{"href":"https:\/\/aslan-invest.com\/tr\/wp-json\/wp\/v2\/types\/page"}],"author":[{"embeddable":true,"href":"https:\/\/aslan-invest.com\/tr\/wp-json\/wp\/v2\/users\/1"}],"replies":[{"embeddable":true,"href":"https:\/\/aslan-invest.com\/tr\/wp-json\/wp\/v2\/comments?post=27963"}],"version-history":[{"count":5,"href":"https:\/\/aslan-invest.com\/tr\/wp-json\/wp\/v2\/pages\/27963\/revisions"}],"predecessor-version":[{"id":27968,"href":"https:\/\/aslan-invest.com\/tr\/wp-json\/wp\/v2\/pages\/27963\/revisions\/27968"}],"wp:featuredmedia":[{"embeddable":true,"href":"https:\/\/aslan-invest.com\/tr\/wp-json\/wp\/v2\/media\/27999"}],"wp:attachment":[{"href":"https:\/\/aslan-invest.com\/tr\/wp-json\/wp\/v2\/media?parent=27963"}],"curies":[{"name":"wp","href":"https:\/\/api.w.org\/{rel}","templated":true}]}}