{"id":27956,"date":"2024-11-22T22:05:58","date_gmt":"2024-11-22T19:05:58","guid":{"rendered":"https:\/\/aslan-invest.com\/?page_id=27956"},"modified":"2024-12-10T20:45:18","modified_gmt":"2024-12-10T17:45:18","slug":"alanya-for-sale-real-estate","status":"publish","type":"page","link":"https:\/\/aslan-invest.com\/tr\/alanya-for-sale-real-estate\/","title":{"rendered":"Alanya Sat\u0131l\u0131k Emlak"},"content":{"rendered":"<div data-elementor-type=\"wp-page\" data-elementor-id=\"27956\" class=\"elementor elementor-27956\" data-elementor-post-type=\"page\">\n\t\t\t\t<div class=\"elementor-element elementor-element-64b9987 e-flex e-con-boxed e-con e-parent\" data-id=\"64b9987\" data-element_type=\"container\">\n\t\t\t\t\t<div class=\"e-con-inner\">\n\t\t\t\t<div class=\"elementor-element elementor-element-3171187 elementor-widget elementor-widget-heading\" data-id=\"3171187\" data-element_type=\"widget\" data-widget_type=\"heading.default\">\n\t\t\t\t<div class=\"elementor-widget-container\">\n\t\t\t<style>\/*! elementor - v3.23.0 - 05-08-2024 *\/\n.elementor-heading-title{padding:0;margin:0;line-height:1}.elementor-widget-heading .elementor-heading-title[class*=elementor-size-]>a{color:inherit;font-size:inherit;line-height:inherit}.elementor-widget-heading .elementor-heading-title.elementor-size-small{font-size:15px}.elementor-widget-heading .elementor-heading-title.elementor-size-medium{font-size:19px}.elementor-widget-heading .elementor-heading-title.elementor-size-large{font-size:29px}.elementor-widget-heading .elementor-heading-title.elementor-size-xl{font-size:39px}.elementor-widget-heading .elementor-heading-title.elementor-size-xxl{font-size:59px}<\/style><h1 class=\"elementor-heading-title elementor-size-default\">Alanya Sat\u0131l\u0131k Emlak - Aslan Invest ile Premium Emlaklar<\/h1>\t\t<\/div>\n\t\t\t\t<\/div>\n\t\t\t\t<div class=\"elementor-element elementor-element-11ca028 elementor-widget elementor-widget-text-editor\" data-id=\"11ca028\" data-element_type=\"widget\" data-widget_type=\"text-editor.default\">\n\t\t\t\t<div class=\"elementor-widget-container\">\n\t\t\t<style>\/*! elementor - v3.23.0 - 05-08-2024 *\/\n.elementor-widget-text-editor.elementor-drop-cap-view-stacked .elementor-drop-cap{background-color:#69727d;color:#fff}.elementor-widget-text-editor.elementor-drop-cap-view-framed .elementor-drop-cap{color:#69727d;border:3px solid;background-color:transparent}.elementor-widget-text-editor:not(.elementor-drop-cap-view-default) .elementor-drop-cap{margin-top:8px}.elementor-widget-text-editor:not(.elementor-drop-cap-view-default) .elementor-drop-cap-letter{width:1em;height:1em}.elementor-widget-text-editor .elementor-drop-cap{float:left;text-align:center;line-height:1;font-size:50px}.elementor-widget-text-editor .elementor-drop-cap-letter{display:inline-block}<\/style>\t\t\t\t<h3>Alanya Sat\u0131l\u0131k Emlak: Aslan Invest ile Hayalinizdeki Emlak\u0131 Bulun<\/h3><h4>Alanya&#039;daki En \u0130yi Gayrimenkul F\u0131rsatlar\u0131n\u0131 Ke\u015ffedin<\/h4><p>T\u00fcrkiye&#039;nin nefes kesici Akdeniz k\u0131y\u0131s\u0131nda bulunan Alanya, emlak al\u0131c\u0131lar\u0131 ve yat\u0131r\u0131mc\u0131lar\u0131 i\u00e7in e\u015fsiz f\u0131rsatlar sunuyor. &quot;Alanya Sat\u0131l\u0131k Emlak&quot; pazar\u0131, l\u00fcks villalardan \u00e7a\u011fda\u015f dairelere ve ticari alanlara kadar \u00e7e\u015fitli m\u00fclkler sunarak geli\u015fiyor. Aslan Invest yan\u0131n\u0131zdayken, m\u00fckemmel m\u00fclk\u00fc bulmak hi\u00e7 bu kadar kolay olmam\u0131\u015ft\u0131.<\/p><h4>Neden Alanya Sat\u0131l\u0131k Gayrimenkul&#039;\u00fc Se\u00e7melisiniz?<\/h4><h5>Akdeniz Ya\u015fam Tarz\u0131<\/h5><p>Alanya&#039;da gayrimenkul sahibi olmak, alt\u0131n rengi plajlar, berrak sular ve s\u0131cak bir iklime sahip pitoresk bir ortamda ya\u015famak anlam\u0131na gelir. Do\u011fal g\u00fczellik ile modern ya\u015fam aras\u0131nda bir denge arayanlar i\u00e7in ideal bir konumdur.<\/p><h5>Y\u00fcksek Yat\u0131r\u0131m Potansiyeli<\/h5><p>\u201cAlanya Sat\u0131l\u0131k Emlak\u201d pazar\u0131, uluslararas\u0131 ve yerel al\u0131c\u0131lar\u0131n artan talebi nedeniyle b\u00fcy\u00fcmeye devam ediyor. Uygun fiyatl\u0131 m\u00fclk fiyatlar\u0131 ve y\u00fcksek kira getirileri, Alanya&#039;y\u0131 kazan\u00e7l\u0131 yat\u0131r\u0131mlar i\u00e7in pop\u00fcler bir yer haline getiriyor.<\/p><h5>\u00c7e\u015fitli Emlak Se\u00e7enekleri<\/h5><p>Denize s\u0131f\u0131r villalardan merkezi konumdaki dairelere kadar Alanya her ihtiyaca ve b\u00fct\u00e7eye uygun \u00e7ok \u00e7e\u015fitli konut se\u00e7enekleri sunuyor.<\/p><h4>Aslan Invest&#039;te Mevcut Emlak T\u00fcrleri<\/h4><h5>L\u00fcks Villalar<\/h5><p>Alanya&#039;n\u0131n muhte\u015fem villalar\u0131yla l\u00fcks\u00fcn zirvesini deneyimleyin. Bu m\u00fclkler genellikle \u00f6zel havuzlara, geni\u015f bah\u00e7elere ve panoramik deniz manzaralar\u0131na sahiptir ve bu da onlar\u0131 aileler veya ayr\u0131cal\u0131k arayanlar i\u00e7in m\u00fckemmel k\u0131lar.<\/p><h5>Modern Daireler<\/h5><p>\u015e\u0131k ve \u00e7a\u011fda\u015f bir ya\u015fam tarz\u0131 i\u00e7in Alanya daireleri, al\u0131\u015fveri\u015f merkezleri, okullar ve sa\u011fl\u0131k tesisleri gibi \u00f6nemli turistik noktalara yak\u0131nl\u0131\u011f\u0131 ve son teknoloji olanaklar\u0131yla dikkat \u00e7ekiyor.<\/p><h5>Ticari Emlaklar<\/h5><p>Alanya&#039;n\u0131n geli\u015fen ekonomisi onu i\u015f yat\u0131r\u0131mlar\u0131 i\u00e7in harika bir yer haline getiriyor. Aslan Invest, giri\u015fimciler i\u00e7in ideal olan birinci s\u0131n\u0131f lokasyonlarda \u00e7e\u015fitli ticari alanlar sunuyor.<\/p><h4>Neden Aslan Invest&#039;i Se\u00e7melisiniz?<\/h4><h5>Alanya Emlakta Uzmanl\u0131k<\/h5><p>Aslan Invest, y\u0131llar\u0131n deneyimiyle \u201cAlanya Sat\u0131l\u0131k Emlak\u201d pazar\u0131n\u0131n n\u00fcanslar\u0131n\u0131 anl\u0131yor. Ekibimiz, en iyi yat\u0131r\u0131m\u0131 yapman\u0131z\u0131 sa\u011flamak i\u00e7in uzman tavsiyeleri sunuyor.<\/p><h5>Ki\u015fiye \u00d6zel \u00c7\u00f6z\u00fcmler<\/h5><p>Her m\u00fc\u015fterinin kendine \u00f6zg\u00fc ihtiya\u00e7lar\u0131 vard\u0131r. \u0130ster tatil evi, ister yat\u0131r\u0131m ama\u00e7l\u0131 bir m\u00fclk ar\u0131yor olun, Aslan Invest hizmetlerini \u00f6zel gereksinimlerinizi kar\u015f\u0131layacak \u015fekilde \u00f6zelle\u015ftirir.<\/p><h5>U\u00e7tan Uca Destek<\/h5><p>Aslan Invest, m\u00fclk se\u00e7iminden yasal belgelerin tamamlanmas\u0131na kadar her ad\u0131mda size rehberlik ederek sat\u0131n alma deneyiminizi sorunsuz ve zahmetsiz hale getirir.<\/p><h4>Alanya Sat\u0131l\u0131k Emlak Hakk\u0131nda S\u0131k\u00e7a Sorulan Sorular<\/h4><h5>Alanya Gayrimenkul Yat\u0131r\u0131m\u0131 \u0130\u00e7in \u0130yi Bir Yer mi?<\/h5><p>Evet! Alanya&#039;n\u0131n geli\u015fen pazar\u0131, turistler aras\u0131nda artan pop\u00fclaritesi ve uygun emlak fiyatlar\u0131, onu gayrimenkul yat\u0131r\u0131mlar\u0131 i\u00e7in m\u00fckemmel bir se\u00e7im haline getiriyor.<\/p><h5>Alanya Emlaklar\u0131 Hangi Olanaklar\u0131 Sunuyor?<\/h5><p>Alanya&#039;daki m\u00fclkler genellikle modern mutfaklar, \u00f6zel havuzlar, fitness merkezleri ve peyzajl\u0131 bah\u00e7elerle birlikte gelir ve l\u00fcks ve konforlu bir ya\u015fam ortam\u0131 sa\u011flar.<\/p><h5>Sat\u0131n Alma S\u00fcrecine Nas\u0131l Ba\u015flayabilirim?<\/h5><p>\u0130htiya\u00e7lar\u0131n\u0131z\u0131 g\u00f6r\u00fc\u015fmek ve mevcut se\u00e7enekleri ke\u015ffetmek i\u00e7in Aslan Invest ile ileti\u015fime ge\u00e7in. Uzman ekibimiz her ad\u0131mda size rehberlik ederek stressiz bir deneyim sa\u011flayacakt\u0131r.<\/p><h4>Sonu\u00e7: Hayalinizdeki M\u00fclk Aslan Invest ile Sizi Bekliyor<\/h4><p>\u201cAlanya Sat\u0131l\u0131k Emlak\u201d pazar\u0131, al\u0131c\u0131lar ve yat\u0131r\u0131mc\u0131lar i\u00e7in \u00e7ok say\u0131da f\u0131rsat sunmaktad\u0131r. Aslan Invest&#039;in uzmanl\u0131\u011f\u0131 ve ki\u015fiselle\u015ftirilmi\u015f hizmetiyle, Alanya&#039;da ideal m\u00fclk\u00fcn\u00fcz\u00fc bulmak basit ve \u00f6d\u00fcllendiricidir. Bu Akdeniz cennetinin bir par\u00e7as\u0131na sahip olma yolculu\u011funuza ba\u015flamak i\u00e7in bug\u00fcn bizimle ileti\u015fime ge\u00e7in.<\/p>\t\t\t\t\t\t<\/div>\n\t\t\t\t<\/div>\n\t\t\t\t\t<\/div>\n\t\t\t\t<\/div>\n\t\t\t\t<\/div>","protected":false},"excerpt":{"rendered":"<p>Alanya Sat\u0131l\u0131k Emlak \u2013 Aslan Invest ile Premium Emlaklar Alanya Sat\u0131l\u0131k Emlak: Aslan Invest ile Hayalinizdeki Emlak\u0131 Bulun Alanya&#039;daki En \u0130yi Emlak F\u0131rsatlar\u0131n\u0131 Ke\u015ffedin T\u00fcrkiye&#039;nin nefes kesici Akdeniz k\u0131y\u0131s\u0131nda yer alan Alanya, emlak al\u0131c\u0131lar\u0131 ve yat\u0131r\u0131mc\u0131lar\u0131 i\u00e7in e\u015fsiz f\u0131rsatlar sunmaktad\u0131r. &quot;Alanya Sat\u0131l\u0131k Emlak&quot; pazar\u0131 [\u2026]<\/p>","protected":false},"author":1,"featured_media":27999,"parent":0,"menu_order":0,"comment_status":"closed","ping_status":"closed","template":"elementor_header_footer","meta":{"_monsterinsights_skip_tracking":false,"_monsterinsights_sitenote_active":false,"_monsterinsights_sitenote_note":"","_monsterinsights_sitenote_category":0,"footnotes":""},"class_list":["post-27956","page","type-page","status-publish","has-post-thumbnail","hentry"],"yoast_head":"<!-- This site is optimized with the Yoast SEO plugin v23.4 - https:\/\/yoast.com\/wordpress\/plugins\/seo\/ -->\n<title>Alanya For Sale Real Estate - Aslan Invest Real Estate<\/title>\n<meta name=\"description\" content=\"Explore the Alanya For Sale Property market with Aslan Invest. From luxury villas to modern apartments, find your dream home or investment today!\" \/>\n<meta name=\"robots\" content=\"index, follow, max-snippet:-1, max-image-preview:large, max-video-preview:-1\" \/>\n<link rel=\"canonical\" href=\"https:\/\/aslan-invest.com\/tr\/alanya-for-sale-real-estate\/\" \/>\n<meta property=\"og:locale\" content=\"tr_TR\" \/>\n<meta property=\"og:type\" content=\"article\" \/>\n<meta property=\"og:title\" content=\"Alanya For Sale Real Estate - Aslan Invest Real Estate\" \/>\n<meta property=\"og:description\" content=\"Explore the Alanya For Sale Property market with Aslan Invest. From luxury villas to modern apartments, find your dream home or investment today!\" \/>\n<meta property=\"og:url\" content=\"https:\/\/aslan-invest.com\/tr\/alanya-for-sale-real-estate\/\" \/>\n<meta property=\"og:site_name\" content=\"Aslan Invest Real Estate\" \/>\n<meta property=\"article:modified_time\" content=\"2024-12-10T17:45:18+00:00\" \/>\n<meta property=\"og:image\" content=\"https:\/\/aslan-invest.com\/wp-content\/uploads\/2024\/11\/2-12.png\" \/>\n\t<meta property=\"og:image:width\" content=\"1080\" \/>\n\t<meta property=\"og:image:height\" content=\"1080\" \/>\n\t<meta property=\"og:image:type\" content=\"image\/png\" \/>\n<meta name=\"twitter:card\" content=\"summary_large_image\" \/>\n<meta name=\"twitter:label1\" content=\"Tahmini okuma s\u00fcresi\" \/>\n\t<meta name=\"twitter:data1\" content=\"4 dakika\" \/>\n<script type=\"application\/ld+json\" class=\"yoast-schema-graph\">{\"@context\":\"https:\/\/schema.org\",\"@graph\":[{\"@type\":\"WebPage\",\"@id\":\"https:\/\/aslan-invest.com\/alanya-for-sale-real-estate\/\",\"url\":\"https:\/\/aslan-invest.com\/alanya-for-sale-real-estate\/\",\"name\":\"Alanya For Sale Real Estate - Aslan Invest Real Estate\",\"isPartOf\":{\"@id\":\"https:\/\/aslan-invest.com\/#website\"},\"primaryImageOfPage\":{\"@id\":\"https:\/\/aslan-invest.com\/alanya-for-sale-real-estate\/#primaryimage\"},\"image\":{\"@id\":\"https:\/\/aslan-invest.com\/alanya-for-sale-real-estate\/#primaryimage\"},\"thumbnailUrl\":\"https:\/\/aslan-invest.com\/wp-content\/uploads\/2024\/11\/2-12.png\",\"datePublished\":\"2024-11-22T19:05:58+00:00\",\"dateModified\":\"2024-12-10T17:45:18+00:00\",\"description\":\"Explore the Alanya For Sale Property market with Aslan Invest. From luxury villas to modern apartments, find your dream home or investment today!\",\"breadcrumb\":{\"@id\":\"https:\/\/aslan-invest.com\/alanya-for-sale-real-estate\/#breadcrumb\"},\"inLanguage\":\"tr\",\"potentialAction\":[{\"@type\":\"ReadAction\",\"target\":[\"https:\/\/aslan-invest.com\/alanya-for-sale-real-estate\/\"]}]},{\"@type\":\"ImageObject\",\"inLanguage\":\"tr\",\"@id\":\"https:\/\/aslan-invest.com\/alanya-for-sale-real-estate\/#primaryimage\",\"url\":\"https:\/\/aslan-invest.com\/wp-content\/uploads\/2024\/11\/2-12.png\",\"contentUrl\":\"https:\/\/aslan-invest.com\/wp-content\/uploads\/2024\/11\/2-12.png\",\"width\":1080,\"height\":1080,\"caption\":\"Alanya Real Estate\"},{\"@type\":\"BreadcrumbList\",\"@id\":\"https:\/\/aslan-invest.com\/alanya-for-sale-real-estate\/#breadcrumb\",\"itemListElement\":[{\"@type\":\"ListItem\",\"position\":1,\"name\":\"Anasayfa\",\"item\":\"https:\/\/aslan-invest.com\/\"},{\"@type\":\"ListItem\",\"position\":2,\"name\":\"Alanya For Sale Real Estate\"}]},{\"@type\":\"WebSite\",\"@id\":\"https:\/\/aslan-invest.com\/#website\",\"url\":\"https:\/\/aslan-invest.com\/\",\"name\":\"Aslan Invest Real Estate\",\"description\":\"Alanya Real Estate | Investment\",\"publisher\":{\"@id\":\"https:\/\/aslan-invest.com\/#organization\"},\"potentialAction\":[{\"@type\":\"SearchAction\",\"target\":{\"@type\":\"EntryPoint\",\"urlTemplate\":\"https:\/\/aslan-invest.com\/?s={search_term_string}\"},\"query-input\":{\"@type\":\"PropertyValueSpecification\",\"valueRequired\":true,\"valueName\":\"search_term_string\"}}],\"inLanguage\":\"tr\"},{\"@type\":\"Organization\",\"@id\":\"https:\/\/aslan-invest.com\/#organization\",\"name\":\"Aslan Invest Real Estate\",\"url\":\"https:\/\/aslan-invest.com\/\",\"logo\":{\"@type\":\"ImageObject\",\"inLanguage\":\"tr\",\"@id\":\"https:\/\/aslan-invest.com\/#\/schema\/logo\/image\/\",\"url\":\"https:\/\/aslan-invest.com\/wp-content\/uploads\/2026\/01\/aslan-invest-LOGO-1-1-scaled-e1769624144110.png\",\"contentUrl\":\"https:\/\/aslan-invest.com\/wp-content\/uploads\/2026\/01\/aslan-invest-LOGO-1-1-scaled-e1769624144110.png\",\"width\":2517,\"height\":1479,\"caption\":\"Aslan Invest Real Estate\"},\"image\":{\"@id\":\"https:\/\/aslan-invest.com\/#\/schema\/logo\/image\/\"},\"sameAs\":[\"https:\/\/www.instagram.com\/.aslaninvest.realestate\"]}]}<\/script>\n<!-- \/ Yoast SEO plugin. -->","yoast_head_json":{"title":"Alanya For Sale Real Estate - Aslan Invest Real Estate","description":"Explore the Alanya For Sale Property market with Aslan Invest. From luxury villas to modern apartments, find your dream home or investment today!","robots":{"index":"index","follow":"follow","max-snippet":"max-snippet:-1","max-image-preview":"max-image-preview:large","max-video-preview":"max-video-preview:-1"},"canonical":"https:\/\/aslan-invest.com\/tr\/alanya-for-sale-real-estate\/","og_locale":"tr_TR","og_type":"article","og_title":"Alanya For Sale Real Estate - Aslan Invest Real Estate","og_description":"Explore the Alanya For Sale Property market with Aslan Invest. From luxury villas to modern apartments, find your dream home or investment today!","og_url":"https:\/\/aslan-invest.com\/tr\/alanya-for-sale-real-estate\/","og_site_name":"Aslan Invest Real Estate","article_modified_time":"2024-12-10T17:45:18+00:00","og_image":[{"width":1080,"height":1080,"url":"https:\/\/aslan-invest.com\/wp-content\/uploads\/2024\/11\/2-12.png","type":"image\/png"}],"twitter_card":"summary_large_image","twitter_misc":{"Tahmini okuma s\u00fcresi":"4 dakika"},"schema":{"@context":"https:\/\/schema.org","@graph":[{"@type":"WebPage","@id":"https:\/\/aslan-invest.com\/alanya-for-sale-real-estate\/","url":"https:\/\/aslan-invest.com\/alanya-for-sale-real-estate\/","name":"Alanya For Sale Real Estate - Aslan Invest Real Estate","isPartOf":{"@id":"https:\/\/aslan-invest.com\/#website"},"primaryImageOfPage":{"@id":"https:\/\/aslan-invest.com\/alanya-for-sale-real-estate\/#primaryimage"},"image":{"@id":"https:\/\/aslan-invest.com\/alanya-for-sale-real-estate\/#primaryimage"},"thumbnailUrl":"https:\/\/aslan-invest.com\/wp-content\/uploads\/2024\/11\/2-12.png","datePublished":"2024-11-22T19:05:58+00:00","dateModified":"2024-12-10T17:45:18+00:00","description":"Explore the Alanya For Sale Property market with Aslan Invest. From luxury villas to modern apartments, find your dream home or investment today!","breadcrumb":{"@id":"https:\/\/aslan-invest.com\/alanya-for-sale-real-estate\/#breadcrumb"},"inLanguage":"tr","potentialAction":[{"@type":"ReadAction","target":["https:\/\/aslan-invest.com\/alanya-for-sale-real-estate\/"]}]},{"@type":"ImageObject","inLanguage":"tr","@id":"https:\/\/aslan-invest.com\/alanya-for-sale-real-estate\/#primaryimage","url":"https:\/\/aslan-invest.com\/wp-content\/uploads\/2024\/11\/2-12.png","contentUrl":"https:\/\/aslan-invest.com\/wp-content\/uploads\/2024\/11\/2-12.png","width":1080,"height":1080,"caption":"Alanya Real Estate"},{"@type":"BreadcrumbList","@id":"https:\/\/aslan-invest.com\/alanya-for-sale-real-estate\/#breadcrumb","itemListElement":[{"@type":"ListItem","position":1,"name":"Anasayfa","item":"https:\/\/aslan-invest.com\/"},{"@type":"ListItem","position":2,"name":"Alanya For Sale Real Estate"}]},{"@type":"WebSite","@id":"https:\/\/aslan-invest.com\/#website","url":"https:\/\/aslan-invest.com\/","name":"Aslan Invest Real Estate","description":"Alanya Real Estate | Investment","publisher":{"@id":"https:\/\/aslan-invest.com\/#organization"},"potentialAction":[{"@type":"SearchAction","target":{"@type":"EntryPoint","urlTemplate":"https:\/\/aslan-invest.com\/?s={search_term_string}"},"query-input":{"@type":"PropertyValueSpecification","valueRequired":true,"valueName":"search_term_string"}}],"inLanguage":"tr"},{"@type":"Organization","@id":"https:\/\/aslan-invest.com\/#organization","name":"Aslan Invest Real Estate","url":"https:\/\/aslan-invest.com\/","logo":{"@type":"ImageObject","inLanguage":"tr","@id":"https:\/\/aslan-invest.com\/#\/schema\/logo\/image\/","url":"https:\/\/aslan-invest.com\/wp-content\/uploads\/2026\/01\/aslan-invest-LOGO-1-1-scaled-e1769624144110.png","contentUrl":"https:\/\/aslan-invest.com\/wp-content\/uploads\/2026\/01\/aslan-invest-LOGO-1-1-scaled-e1769624144110.png","width":2517,"height":1479,"caption":"Aslan Invest Real Estate"},"image":{"@id":"https:\/\/aslan-invest.com\/#\/schema\/logo\/image\/"},"sameAs":["https:\/\/www.instagram.com\/.aslaninvest.realestate"]}]}},"_links":{"self":[{"href":"https:\/\/aslan-invest.com\/tr\/wp-json\/wp\/v2\/pages\/27956","targetHints":{"allow":["GET"]}}],"collection":[{"href":"https:\/\/aslan-invest.com\/tr\/wp-json\/wp\/v2\/pages"}],"about":[{"href":"https:\/\/aslan-invest.com\/tr\/wp-json\/wp\/v2\/types\/page"}],"author":[{"embeddable":true,"href":"https:\/\/aslan-invest.com\/tr\/wp-json\/wp\/v2\/users\/1"}],"replies":[{"embeddable":true,"href":"https:\/\/aslan-invest.com\/tr\/wp-json\/wp\/v2\/comments?post=27956"}],"version-history":[{"count":6,"href":"https:\/\/aslan-invest.com\/tr\/wp-json\/wp\/v2\/pages\/27956\/revisions"}],"predecessor-version":[{"id":28087,"href":"https:\/\/aslan-invest.com\/tr\/wp-json\/wp\/v2\/pages\/27956\/revisions\/28087"}],"wp:featuredmedia":[{"embeddable":true,"href":"https:\/\/aslan-invest.com\/tr\/wp-json\/wp\/v2\/media\/27999"}],"wp:attachment":[{"href":"https:\/\/aslan-invest.com\/tr\/wp-json\/wp\/v2\/media?parent=27956"}],"curies":[{"name":"wp","href":"https:\/\/api.w.org\/{rel}","templated":true}]}}