{"id":27949,"date":"2024-11-22T22:03:54","date_gmt":"2024-11-22T19:03:54","guid":{"rendered":"https:\/\/aslan-invest.com\/?page_id=27949"},"modified":"2024-12-10T20:45:22","modified_gmt":"2024-12-10T17:45:22","slug":"alanya-for-sale-apartments-2","status":"publish","type":"page","link":"https:\/\/aslan-invest.com\/tr\/alanya-for-sale-apartments-2\/","title":{"rendered":"Alanya Sat\u0131l\u0131k Daireler"},"content":{"rendered":"<div data-elementor-type=\"wp-page\" data-elementor-id=\"27949\" class=\"elementor elementor-27949\" data-elementor-post-type=\"page\">\n\t\t\t\t<div class=\"elementor-element elementor-element-ac56685 e-flex e-con-boxed e-con e-parent\" data-id=\"ac56685\" data-element_type=\"container\">\n\t\t\t\t\t<div class=\"e-con-inner\">\n\t\t\t\t<div class=\"elementor-element elementor-element-a1db079 elementor-widget elementor-widget-heading\" data-id=\"a1db079\" data-element_type=\"widget\" data-widget_type=\"heading.default\">\n\t\t\t\t<div class=\"elementor-widget-container\">\n\t\t\t<style>\/*! elementor - v3.23.0 - 05-08-2024 *\/\n.elementor-heading-title{padding:0;margin:0;line-height:1}.elementor-widget-heading .elementor-heading-title[class*=elementor-size-]>a{color:inherit;font-size:inherit;line-height:inherit}.elementor-widget-heading .elementor-heading-title.elementor-size-small{font-size:15px}.elementor-widget-heading .elementor-heading-title.elementor-size-medium{font-size:19px}.elementor-widget-heading .elementor-heading-title.elementor-size-large{font-size:29px}.elementor-widget-heading .elementor-heading-title.elementor-size-xl{font-size:39px}.elementor-widget-heading .elementor-heading-title.elementor-size-xxl{font-size:59px}<\/style><h1 class=\"elementor-heading-title elementor-size-default\">Alanya Sat\u0131l\u0131k Daireler - Aslan Invest ile M\u00fckemmel Evinizi Bulun<\/h1>\t\t<\/div>\n\t\t\t\t<\/div>\n\t\t\t\t<div class=\"elementor-element elementor-element-a0ee4f5 elementor-widget elementor-widget-text-editor\" data-id=\"a0ee4f5\" data-element_type=\"widget\" data-widget_type=\"text-editor.default\">\n\t\t\t\t<div class=\"elementor-widget-container\">\n\t\t\t<style>\/*! elementor - v3.23.0 - 05-08-2024 *\/\n.elementor-widget-text-editor.elementor-drop-cap-view-stacked .elementor-drop-cap{background-color:#69727d;color:#fff}.elementor-widget-text-editor.elementor-drop-cap-view-framed .elementor-drop-cap{color:#69727d;border:3px solid;background-color:transparent}.elementor-widget-text-editor:not(.elementor-drop-cap-view-default) .elementor-drop-cap{margin-top:8px}.elementor-widget-text-editor:not(.elementor-drop-cap-view-default) .elementor-drop-cap-letter{width:1em;height:1em}.elementor-widget-text-editor .elementor-drop-cap{float:left;text-align:center;line-height:1;font-size:50px}.elementor-widget-text-editor .elementor-drop-cap-letter{display:inline-block}<\/style>\t\t\t\t<h3>Alanya Sat\u0131l\u0131k Daireler: Aslan Invest ile Hayalinizdeki Ev Sizi Bekliyor<\/h3><h4>Alanya&#039;da Sat\u0131l\u0131k En \u0130yi Daireleri Ke\u015ffedin<\/h4><p>T\u00fcrkiye&#039;nin g\u00fcney k\u0131y\u0131s\u0131ndaki muhte\u015fem bir Akdeniz m\u00fccevheri olan Alanya, emlak al\u0131c\u0131lar\u0131 i\u00e7in e\u015fsiz f\u0131rsatlar sunuyor. &quot;Alanya Sat\u0131l\u0131k Daireler&quot; pazar\u0131, her b\u00fct\u00e7eye ve ya\u015fam tarz\u0131na uygun \u00e7e\u015fitli se\u00e7eneklerle geli\u015fiyor. \u0130ster bir tatil evi, ister kal\u0131c\u0131 bir ev veya kazan\u00e7l\u0131 bir yat\u0131r\u0131m ar\u0131yor olun, Aslan Invest Alanya&#039;da m\u00fckemmel daireyi bulmada g\u00fcvenilir orta\u011f\u0131n\u0131zd\u0131r.<\/p><hr \/><h4>Bir Sonraki Daireniz \u0130\u00e7in Neden Alanya&#039;y\u0131 Se\u00e7melisiniz?<\/h4><h5>Muhte\u015fem Akdeniz Manzaralar\u0131<\/h5><p>Alanya&#039;daki bir\u00e7ok daire, Akdeniz&#039;in, Alanya Kalesi&#039;nin veya Toros Da\u011flar\u0131&#039;n\u0131n nefes kesici manzaralar\u0131na sahiptir. Bu do\u011fal \u00e7evre, g\u00fcnl\u00fck ya\u015fam i\u00e7in pastoral bir fon olu\u015fturur.<\/p><h5>Modern Olanaklar<\/h5><p>Alanya&#039;da bulunan daireler y\u00fczme havuzlar\u0131, fitness merkezleri ve 7\/24 g\u00fcvenlik gibi en son olanaklarla donat\u0131lm\u0131\u015ft\u0131r. Bu \u00f6zellikler konforlu ve l\u00fcks bir ya\u015fam tarz\u0131n\u0131 garanti eder.<\/p><h5>Birinci S\u0131n\u0131f Lokasyonlar<\/h5><p>Sahil kenar\u0131ndaki m\u00fclklerden \u015fehir merkezindeki konutlara kadar, Alanya \u00e7e\u015fitli konumlar sunar. \u0130ster canl\u0131 \u015fehir hayat\u0131n\u0131, ister sakin bir sahil ortam\u0131n\u0131 tercih edin, Alanya&#039;da sizin i\u00e7in m\u00fckemmel bir daire vard\u0131r.<\/p><hr \/><h4>Aslan Invest ile Alanya Sat\u0131l\u0131k Dairelere Yat\u0131r\u0131m Yapman\u0131n Avantajlar\u0131<\/h4><h5>Uygun fiyatl\u0131 l\u00fcks<\/h5><p>Alanya, di\u011fer Akdeniz destinasyonlar\u0131na k\u0131yasla rekabet\u00e7i fiyatlarla y\u00fcksek kaliteli daireler sunmas\u0131yla \u00fcnl\u00fcd\u00fcr. Bu, onu hem ilk kez ev sahibi olacaklar hem de deneyimli yat\u0131r\u0131mc\u0131lar i\u00e7in m\u00fckemmel bir se\u00e7im haline getirir.<\/p><h5>Y\u00fcksek Kira Potansiyeli<\/h5><p>\u00d6nde gelen bir turizm merkezi olan Alanya, y\u0131l boyunca ziyaret\u00e7i \u00e7eker ve kiral\u0131k m\u00fclklere olan talebin y\u00fcksek olmas\u0131n\u0131 sa\u011flar. Alanya&#039;da bir daireye sahip olmak, istikrarl\u0131 bir gelir ak\u0131\u015f\u0131 ve g\u00fc\u00e7l\u00fc bir yat\u0131r\u0131m getirisi sa\u011flar.<\/p><h5>\u00c7e\u015fitli Se\u00e7enekler<\/h5><p>\u0130ster rahat bir st\u00fcdyo daire, ister geni\u015f bir aile evi ar\u0131yor olun, \u201cAlanya Sat\u0131l\u0131k Daireler\u201d pazar\u0131 herkese uygun se\u00e7enekler sunuyor.<\/p><hr \/><h4>Aslan Invest&#039;te Mevcut Daire T\u00fcrleri<\/h4><h5>Sahil Apartmanlar\u0131<\/h5><p>Bu daireler, denize do\u011frudan eri\u015fim ve muhte\u015fem k\u0131y\u0131 manzaralar\u0131 sunarak, su kenar\u0131nda dingin bir ya\u015fam tarz\u0131n\u0131 sevenler i\u00e7in idealdir.<\/p><h5>\u015eehir Merkezi Daireleri<\/h5><p>Profesyoneller ve aileler i\u00e7in m\u00fckemmel olan bu daireler, al\u0131\u015fveri\u015f merkezlerine, okullara ve restoranlara yak\u0131n konumuyla son derece konforludur.<\/p><h5>Tatil Daireleri<\/h5><p>K\u0131sa s\u00fcreli konaklamalar i\u00e7in tasarlanan Alanya tatil daireleri, turistlere y\u00f6nelik olanaklarla donat\u0131lm\u0131\u015f olup, kira geliri i\u00e7in harika bir yat\u0131r\u0131md\u0131r.<\/p><hr \/><h4>Neden Aslan Invest&#039;i Se\u00e7melisiniz?<\/h4><h5>E\u015fsiz Uzmanl\u0131k<\/h5><p>Aslan Invest, \u201cAlanya Sat\u0131l\u0131k Daireler\u201d pazar\u0131nda kapsaml\u0131 deneyime sahiptir. Ekibimiz, bilin\u00e7li kararlar alman\u0131za yard\u0131mc\u0131 olmak i\u00e7in uzman rehberlik sa\u011flar.<\/p><h5>Ki\u015fiselle\u015ftirilmi\u015f Hizmetler<\/h5><p>Her m\u00fc\u015fterinin benzersiz ihtiya\u00e7lar\u0131 vard\u0131r. \u0130ster l\u00fcks bir daire, ister yat\u0131r\u0131m ama\u00e7l\u0131 bir m\u00fclk ar\u0131yor olun, Aslan Invest hedeflerinize ula\u015fman\u0131z i\u00e7in \u00f6zel \u00e7\u00f6z\u00fcmler sunar.<\/p><h5>Kapsaml\u0131 Destek<\/h5><p>Aslan Invest, m\u00fclk se\u00e7iminden yasal belgelerin tamamlanmas\u0131na kadar kusursuz bir sat\u0131n alma deneyimi sa\u011flar.<\/p><hr \/><h4>Alanya Sat\u0131l\u0131k Daireler Hakk\u0131nda S\u0131k\u00e7a Sorulan Sorular<\/h4><h5>Alanya&#039;da Daire Almak \u0130yi Bir Yat\u0131r\u0131m M\u0131?<\/h5><p>Kesinlikle! Alanya&#039;n\u0131n canl\u0131 gayrimenkul piyasas\u0131, g\u00fc\u00e7l\u00fc kira talebi ve uygun fiyatlar\u0131yla yat\u0131r\u0131mc\u0131lar i\u00e7in en iyi tercihlerden biri haline geliyor.<\/p><h5>Hangi Olanaklar\u0131 Bekleyebilirim?<\/h5><p>Alanya&#039;daki daireler genellikle modern mutfaklar, havuzlar, fitness merkezleri ve g\u00fcvenlik hizmetleri ile g\u00fcvenli ve konforlu bir ya\u015fam ortam\u0131 sunar.<\/p><h5>Sat\u0131n Alma S\u00fcrecine Nas\u0131l Ba\u015flar\u0131m?<\/h5><p>\u0130htiya\u00e7lar\u0131n\u0131z\u0131 g\u00f6r\u00fc\u015fmek ve mevcut se\u00e7enekleri ke\u015ffetmek i\u00e7in Aslan Invest ile ileti\u015fime ge\u00e7in. Ekibimiz, sorunsuz bir deneyim sa\u011flamak i\u00e7in her ad\u0131mda size rehberlik edecektir.<\/p><hr \/><h4>Sonu\u00e7: Hayalinizdeki Daire Alanya&#039;da Sizi Bekliyor<\/h4><p>&quot;Alanya Sat\u0131l\u0131k Daireler&quot; pazar\u0131, ev al\u0131c\u0131lar\u0131 ve yat\u0131r\u0131mc\u0131lar i\u00e7in zengin f\u0131rsatlar sunuyor. Aslan Invest yan\u0131n\u0131zdayken, ihtiya\u00e7lar\u0131n\u0131za ve isteklerinize uygun m\u00fckemmel daireyi bulabilirsiniz. Alanya&#039;da hayalinizdeki m\u00fclke sahip olmak i\u00e7in ilk ad\u0131m\u0131 atmak \u00fczere bug\u00fcn bizimle ileti\u015fime ge\u00e7in.<\/p>\t\t\t\t\t\t<\/div>\n\t\t\t\t<\/div>\n\t\t\t\t\t<\/div>\n\t\t\t\t<\/div>\n\t\t\t\t<\/div>","protected":false},"excerpt":{"rendered":"","protected":false},"author":1,"featured_media":27999,"parent":0,"menu_order":0,"comment_status":"closed","ping_status":"closed","template":"elementor_header_footer","meta":{"_monsterinsights_skip_tracking":false,"_monsterinsights_sitenote_active":false,"_monsterinsights_sitenote_note":"","_monsterinsights_sitenote_category":0,"footnotes":""},"class_list":["post-27949","page","type-page","status-publish","has-post-thumbnail","hentry"],"yoast_head":"<!-- This site is optimized with the Yoast SEO plugin v23.4 - https:\/\/yoast.com\/wordpress\/plugins\/seo\/ -->\n<title>Alanya For Sale Apartments - Find Your Perfect Home with Aslan Invest<\/title>\n<meta name=\"description\" content=\"Explore the best Alanya For Sale Apartments with Aslan Invest. From beachfront residences to city center apartments, find your dream home or investment today!\" \/>\n<meta name=\"robots\" content=\"index, follow, max-snippet:-1, max-image-preview:large, max-video-preview:-1\" \/>\n<link rel=\"canonical\" href=\"https:\/\/aslan-invest.com\/tr\/alanya-for-sale-apartments-2\/\" \/>\n<meta property=\"og:locale\" content=\"tr_TR\" \/>\n<meta property=\"og:type\" content=\"article\" \/>\n<meta property=\"og:title\" content=\"Alanya For Sale Apartments - Find Your Perfect Home with Aslan Invest\" \/>\n<meta property=\"og:description\" content=\"Explore the best Alanya For Sale Apartments with Aslan Invest. From beachfront residences to city center apartments, find your dream home or investment today!\" \/>\n<meta property=\"og:url\" content=\"https:\/\/aslan-invest.com\/tr\/alanya-for-sale-apartments-2\/\" \/>\n<meta property=\"og:site_name\" content=\"Aslan Invest Real Estate\" \/>\n<meta property=\"article:modified_time\" content=\"2024-12-10T17:45:22+00:00\" \/>\n<meta property=\"og:image\" content=\"https:\/\/aslan-invest.com\/wp-content\/uploads\/2024\/11\/2-12.png\" \/>\n\t<meta property=\"og:image:width\" content=\"1080\" \/>\n\t<meta property=\"og:image:height\" content=\"1080\" \/>\n\t<meta property=\"og:image:type\" content=\"image\/png\" \/>\n<meta name=\"twitter:card\" content=\"summary_large_image\" \/>\n<meta name=\"twitter:label1\" content=\"Tahmini okuma s\u00fcresi\" \/>\n\t<meta name=\"twitter:data1\" content=\"1 dakika\" \/>\n<script type=\"application\/ld+json\" class=\"yoast-schema-graph\">{\"@context\":\"https:\/\/schema.org\",\"@graph\":[{\"@type\":\"WebPage\",\"@id\":\"https:\/\/aslan-invest.com\/alanya-for-sale-apartments-2\/\",\"url\":\"https:\/\/aslan-invest.com\/alanya-for-sale-apartments-2\/\",\"name\":\"Alanya For Sale Apartments - Find Your Perfect Home with Aslan Invest\",\"isPartOf\":{\"@id\":\"https:\/\/aslan-invest.com\/#website\"},\"primaryImageOfPage\":{\"@id\":\"https:\/\/aslan-invest.com\/alanya-for-sale-apartments-2\/#primaryimage\"},\"image\":{\"@id\":\"https:\/\/aslan-invest.com\/alanya-for-sale-apartments-2\/#primaryimage\"},\"thumbnailUrl\":\"https:\/\/aslan-invest.com\/wp-content\/uploads\/2024\/11\/2-12.png\",\"datePublished\":\"2024-11-22T19:03:54+00:00\",\"dateModified\":\"2024-12-10T17:45:22+00:00\",\"description\":\"Explore the best Alanya For Sale Apartments with Aslan Invest. From beachfront residences to city center apartments, find your dream home or investment today!\",\"breadcrumb\":{\"@id\":\"https:\/\/aslan-invest.com\/alanya-for-sale-apartments-2\/#breadcrumb\"},\"inLanguage\":\"tr\",\"potentialAction\":[{\"@type\":\"ReadAction\",\"target\":[\"https:\/\/aslan-invest.com\/alanya-for-sale-apartments-2\/\"]}]},{\"@type\":\"ImageObject\",\"inLanguage\":\"tr\",\"@id\":\"https:\/\/aslan-invest.com\/alanya-for-sale-apartments-2\/#primaryimage\",\"url\":\"https:\/\/aslan-invest.com\/wp-content\/uploads\/2024\/11\/2-12.png\",\"contentUrl\":\"https:\/\/aslan-invest.com\/wp-content\/uploads\/2024\/11\/2-12.png\",\"width\":1080,\"height\":1080,\"caption\":\"Alanya Real Estate\"},{\"@type\":\"BreadcrumbList\",\"@id\":\"https:\/\/aslan-invest.com\/alanya-for-sale-apartments-2\/#breadcrumb\",\"itemListElement\":[{\"@type\":\"ListItem\",\"position\":1,\"name\":\"Anasayfa\",\"item\":\"https:\/\/aslan-invest.com\/\"},{\"@type\":\"ListItem\",\"position\":2,\"name\":\"Alanya For Sale Apartments\"}]},{\"@type\":\"WebSite\",\"@id\":\"https:\/\/aslan-invest.com\/#website\",\"url\":\"https:\/\/aslan-invest.com\/\",\"name\":\"Aslan Invest Real Estate\",\"description\":\"Alanya Real Estate | Investment\",\"publisher\":{\"@id\":\"https:\/\/aslan-invest.com\/#organization\"},\"potentialAction\":[{\"@type\":\"SearchAction\",\"target\":{\"@type\":\"EntryPoint\",\"urlTemplate\":\"https:\/\/aslan-invest.com\/?s={search_term_string}\"},\"query-input\":{\"@type\":\"PropertyValueSpecification\",\"valueRequired\":true,\"valueName\":\"search_term_string\"}}],\"inLanguage\":\"tr\"},{\"@type\":\"Organization\",\"@id\":\"https:\/\/aslan-invest.com\/#organization\",\"name\":\"Aslan Invest Real Estate\",\"url\":\"https:\/\/aslan-invest.com\/\",\"logo\":{\"@type\":\"ImageObject\",\"inLanguage\":\"tr\",\"@id\":\"https:\/\/aslan-invest.com\/#\/schema\/logo\/image\/\",\"url\":\"https:\/\/aslan-invest.com\/wp-content\/uploads\/2026\/01\/aslan-invest-LOGO-1-1-scaled-e1769624144110.png\",\"contentUrl\":\"https:\/\/aslan-invest.com\/wp-content\/uploads\/2026\/01\/aslan-invest-LOGO-1-1-scaled-e1769624144110.png\",\"width\":2517,\"height\":1479,\"caption\":\"Aslan Invest Real Estate\"},\"image\":{\"@id\":\"https:\/\/aslan-invest.com\/#\/schema\/logo\/image\/\"},\"sameAs\":[\"https:\/\/www.instagram.com\/.aslaninvest.realestate\"]}]}<\/script>\n<!-- \/ Yoast SEO plugin. -->","yoast_head_json":{"title":"Alanya For Sale Apartments - Find Your Perfect Home with Aslan Invest","description":"Explore the best Alanya For Sale Apartments with Aslan Invest. From beachfront residences to city center apartments, find your dream home or investment today!","robots":{"index":"index","follow":"follow","max-snippet":"max-snippet:-1","max-image-preview":"max-image-preview:large","max-video-preview":"max-video-preview:-1"},"canonical":"https:\/\/aslan-invest.com\/tr\/alanya-for-sale-apartments-2\/","og_locale":"tr_TR","og_type":"article","og_title":"Alanya For Sale Apartments - Find Your Perfect Home with Aslan Invest","og_description":"Explore the best Alanya For Sale Apartments with Aslan Invest. From beachfront residences to city center apartments, find your dream home or investment today!","og_url":"https:\/\/aslan-invest.com\/tr\/alanya-for-sale-apartments-2\/","og_site_name":"Aslan Invest Real Estate","article_modified_time":"2024-12-10T17:45:22+00:00","og_image":[{"width":1080,"height":1080,"url":"https:\/\/aslan-invest.com\/wp-content\/uploads\/2024\/11\/2-12.png","type":"image\/png"}],"twitter_card":"summary_large_image","twitter_misc":{"Tahmini okuma s\u00fcresi":"1 dakika"},"schema":{"@context":"https:\/\/schema.org","@graph":[{"@type":"WebPage","@id":"https:\/\/aslan-invest.com\/alanya-for-sale-apartments-2\/","url":"https:\/\/aslan-invest.com\/alanya-for-sale-apartments-2\/","name":"Alanya For Sale Apartments - Find Your Perfect Home with Aslan Invest","isPartOf":{"@id":"https:\/\/aslan-invest.com\/#website"},"primaryImageOfPage":{"@id":"https:\/\/aslan-invest.com\/alanya-for-sale-apartments-2\/#primaryimage"},"image":{"@id":"https:\/\/aslan-invest.com\/alanya-for-sale-apartments-2\/#primaryimage"},"thumbnailUrl":"https:\/\/aslan-invest.com\/wp-content\/uploads\/2024\/11\/2-12.png","datePublished":"2024-11-22T19:03:54+00:00","dateModified":"2024-12-10T17:45:22+00:00","description":"Explore the best Alanya For Sale Apartments with Aslan Invest. From beachfront residences to city center apartments, find your dream home or investment today!","breadcrumb":{"@id":"https:\/\/aslan-invest.com\/alanya-for-sale-apartments-2\/#breadcrumb"},"inLanguage":"tr","potentialAction":[{"@type":"ReadAction","target":["https:\/\/aslan-invest.com\/alanya-for-sale-apartments-2\/"]}]},{"@type":"ImageObject","inLanguage":"tr","@id":"https:\/\/aslan-invest.com\/alanya-for-sale-apartments-2\/#primaryimage","url":"https:\/\/aslan-invest.com\/wp-content\/uploads\/2024\/11\/2-12.png","contentUrl":"https:\/\/aslan-invest.com\/wp-content\/uploads\/2024\/11\/2-12.png","width":1080,"height":1080,"caption":"Alanya Real Estate"},{"@type":"BreadcrumbList","@id":"https:\/\/aslan-invest.com\/alanya-for-sale-apartments-2\/#breadcrumb","itemListElement":[{"@type":"ListItem","position":1,"name":"Anasayfa","item":"https:\/\/aslan-invest.com\/"},{"@type":"ListItem","position":2,"name":"Alanya For Sale Apartments"}]},{"@type":"WebSite","@id":"https:\/\/aslan-invest.com\/#website","url":"https:\/\/aslan-invest.com\/","name":"Aslan Invest Real Estate","description":"Alanya Real Estate | Investment","publisher":{"@id":"https:\/\/aslan-invest.com\/#organization"},"potentialAction":[{"@type":"SearchAction","target":{"@type":"EntryPoint","urlTemplate":"https:\/\/aslan-invest.com\/?s={search_term_string}"},"query-input":{"@type":"PropertyValueSpecification","valueRequired":true,"valueName":"search_term_string"}}],"inLanguage":"tr"},{"@type":"Organization","@id":"https:\/\/aslan-invest.com\/#organization","name":"Aslan Invest Real Estate","url":"https:\/\/aslan-invest.com\/","logo":{"@type":"ImageObject","inLanguage":"tr","@id":"https:\/\/aslan-invest.com\/#\/schema\/logo\/image\/","url":"https:\/\/aslan-invest.com\/wp-content\/uploads\/2026\/01\/aslan-invest-LOGO-1-1-scaled-e1769624144110.png","contentUrl":"https:\/\/aslan-invest.com\/wp-content\/uploads\/2026\/01\/aslan-invest-LOGO-1-1-scaled-e1769624144110.png","width":2517,"height":1479,"caption":"Aslan Invest Real Estate"},"image":{"@id":"https:\/\/aslan-invest.com\/#\/schema\/logo\/image\/"},"sameAs":["https:\/\/www.instagram.com\/.aslaninvest.realestate"]}]}},"_links":{"self":[{"href":"https:\/\/aslan-invest.com\/tr\/wp-json\/wp\/v2\/pages\/27949","targetHints":{"allow":["GET"]}}],"collection":[{"href":"https:\/\/aslan-invest.com\/tr\/wp-json\/wp\/v2\/pages"}],"about":[{"href":"https:\/\/aslan-invest.com\/tr\/wp-json\/wp\/v2\/types\/page"}],"author":[{"embeddable":true,"href":"https:\/\/aslan-invest.com\/tr\/wp-json\/wp\/v2\/users\/1"}],"replies":[{"embeddable":true,"href":"https:\/\/aslan-invest.com\/tr\/wp-json\/wp\/v2\/comments?post=27949"}],"version-history":[{"count":5,"href":"https:\/\/aslan-invest.com\/tr\/wp-json\/wp\/v2\/pages\/27949\/revisions"}],"predecessor-version":[{"id":27955,"href":"https:\/\/aslan-invest.com\/tr\/wp-json\/wp\/v2\/pages\/27949\/revisions\/27955"}],"wp:featuredmedia":[{"embeddable":true,"href":"https:\/\/aslan-invest.com\/tr\/wp-json\/wp\/v2\/media\/27999"}],"wp:attachment":[{"href":"https:\/\/aslan-invest.com\/tr\/wp-json\/wp\/v2\/media?parent=27949"}],"curies":[{"name":"wp","href":"https:\/\/api.w.org\/{rel}","templated":true}]}}