{"id":27923,"date":"2024-11-22T21:53:36","date_gmt":"2024-11-22T18:53:36","guid":{"rendered":"https:\/\/aslan-invest.com\/?page_id=27923"},"modified":"2024-12-10T20:45:37","modified_gmt":"2024-12-10T17:45:37","slug":"real-estate-in-alanya","status":"publish","type":"page","link":"https:\/\/aslan-invest.com\/tr\/real-estate-in-alanya\/","title":{"rendered":"Alanya&#039;da Emlak"},"content":{"rendered":"<div data-elementor-type=\"wp-page\" data-elementor-id=\"27923\" class=\"elementor elementor-27923\" data-elementor-post-type=\"page\">\n\t\t\t\t<div class=\"elementor-element elementor-element-719bdba e-flex e-con-boxed e-con e-parent\" data-id=\"719bdba\" data-element_type=\"container\">\n\t\t\t\t\t<div class=\"e-con-inner\">\n\t\t\t\t<div class=\"elementor-element elementor-element-a1ae3e6 elementor-widget elementor-widget-heading\" data-id=\"a1ae3e6\" data-element_type=\"widget\" data-widget_type=\"heading.default\">\n\t\t\t\t<div class=\"elementor-widget-container\">\n\t\t\t<style>\/*! elementor - v3.23.0 - 05-08-2024 *\/\n.elementor-heading-title{padding:0;margin:0;line-height:1}.elementor-widget-heading .elementor-heading-title[class*=elementor-size-]>a{color:inherit;font-size:inherit;line-height:inherit}.elementor-widget-heading .elementor-heading-title.elementor-size-small{font-size:15px}.elementor-widget-heading .elementor-heading-title.elementor-size-medium{font-size:19px}.elementor-widget-heading .elementor-heading-title.elementor-size-large{font-size:29px}.elementor-widget-heading .elementor-heading-title.elementor-size-xl{font-size:39px}.elementor-widget-heading .elementor-heading-title.elementor-size-xxl{font-size:59px}<\/style><h1 class=\"elementor-heading-title elementor-size-default\">Alanya&#039;da Emlak - Aslan Invest ile Premium Emlaklar<\/h1>\t\t<\/div>\n\t\t\t\t<\/div>\n\t\t\t\t<div class=\"elementor-element elementor-element-966c968 elementor-widget elementor-widget-text-editor\" data-id=\"966c968\" data-element_type=\"widget\" data-widget_type=\"text-editor.default\">\n\t\t\t\t<div class=\"elementor-widget-container\">\n\t\t\t<style>\/*! elementor - v3.23.0 - 05-08-2024 *\/\n.elementor-widget-text-editor.elementor-drop-cap-view-stacked .elementor-drop-cap{background-color:#69727d;color:#fff}.elementor-widget-text-editor.elementor-drop-cap-view-framed .elementor-drop-cap{color:#69727d;border:3px solid;background-color:transparent}.elementor-widget-text-editor:not(.elementor-drop-cap-view-default) .elementor-drop-cap{margin-top:8px}.elementor-widget-text-editor:not(.elementor-drop-cap-view-default) .elementor-drop-cap-letter{width:1em;height:1em}.elementor-widget-text-editor .elementor-drop-cap{float:left;text-align:center;line-height:1;font-size:50px}.elementor-widget-text-editor .elementor-drop-cap-letter{display:inline-block}<\/style>\t\t\t\t<h3 data-pm-slice=\"1 1 []\">Alanya&#039;da Emlak: Aslan Invest ile \u0130deal Emlak\u0131n\u0131z\u0131 Ke\u015ffedin<\/h3><h4>Alanya Neden Emlak \u0130\u00e7in En \u0130yi Se\u00e7imdir?<\/h4><p>T\u00fcrkiye&#039;nin muhte\u015fem Akdeniz k\u0131y\u0131s\u0131nda bulunan Alanya, d\u00fcnyan\u0131n d\u00f6rt bir yan\u0131ndan emlak al\u0131c\u0131lar\u0131 i\u00e7in birinci s\u0131n\u0131f bir destinasyon haline geldi. &quot;Alanya&#039;da Emlak&quot; pazar\u0131, l\u00fcks ya\u015fam, karl\u0131 yat\u0131r\u0131mlar veya sakin tatil evleri arayanlar i\u00e7in \u00e7ok say\u0131da f\u0131rsat sunuyor. Do\u011fal g\u00fczelli\u011fi, modern altyap\u0131s\u0131 ve zengin k\u00fclt\u00fcrel miras\u0131yla Alanya, Akdeniz ya\u015fam\u0131n\u0131n en iyisini bir araya getiriyor.<\/p><h4>Alanya&#039;da Gayrimenkule Yat\u0131r\u0131m Yapman\u0131n Faydalar\u0131<\/h4><h5>Geli\u015fen Bir Emlak Piyasas\u0131<\/h5><p>&quot;Alanya&#039;da Emlak&quot; pazar\u0131, yerel ve uluslararas\u0131 al\u0131c\u0131lardan gelen g\u00fc\u00e7l\u00fc taleple h\u0131zla b\u00fcy\u00fcyor. Uygun fiyatlar ve artan emlak de\u011ferleriyle, gayrimenkul yat\u0131r\u0131mlar\u0131 i\u00e7in ideal bir yer.<\/p><h5>\u00c7e\u015fitli Emlak Se\u00e7enekleri<\/h5><p>\u015eehir merkezindeki modern dairelerden panoramik manzaral\u0131 sahil villalar\u0131na kadar, Alanya her ya\u015fam tarz\u0131na ve b\u00fct\u00e7eye uygun m\u00fclkler sunmaktad\u0131r. \u0130\u015fletmelerini kurmak veya geni\u015fletmek isteyen giri\u015fimciler i\u00e7in ticari alanlar da mevcuttur.<\/p><h5>Y\u00fcksek Ya\u015fam Kalitesi<\/h5><p>Alanya&#039;n\u0131n alt\u0131n rengi plajlar\u0131, turkuaz sular\u0131 ve canl\u0131 toplulu\u011fu, rahat ve tatmin edici bir ya\u015fam tarz\u0131 i\u00e7in m\u00fckemmel bir ortam yarat\u0131r. Burada m\u00fclk sahibi olmak, y\u0131l boyunca g\u00fcne\u015fin tad\u0131n\u0131 \u00e7\u0131karmak ve d\u00fcnya standartlar\u0131nda olanaklara eri\u015fmek anlam\u0131na gelir.<\/p><h4>Aslan Invest&#039;te Mevcut Emlak T\u00fcrleri<\/h4><h5>L\u00fcks Villalar<\/h5><p>Aslan Invest, \u00f6zel havuzlar, geni\u015f bah\u00e7eler ve Akdeniz&#039;in nefes kesen manzaralar\u0131yla donat\u0131lm\u0131\u015f ayr\u0131cal\u0131kl\u0131 villalar sunma konusunda uzmanla\u015fm\u0131\u015ft\u0131r. Bu m\u00fclkler, konfor ve gizlilik arayan aileler ve bireyler i\u00e7in m\u00fckemmeldir.<\/p><h5>\u00c7a\u011fda\u015f Daireler<\/h5><p>Portf\u00f6y\u00fcm\u00fczde rahatl\u0131k ve stil i\u00e7in tasarlanm\u0131\u015f modern daireler yer almaktad\u0131r. \u00d6nemli turistik yerlere, al\u0131\u015fveri\u015f merkezlerine ve okullara yak\u0131n olan bu m\u00fclkler, ailelere, profesyonellere ve tatilcilere hitap etmektedir.<\/p><h5>Ticari Emlaklar<\/h5><p>Alanya&#039;n\u0131n ticari gayrimenkul f\u0131rsatlar\u0131yla i\u015f ufkunuzu geni\u015fletin. Perakende alanlar\u0131ndan ofis binalar\u0131na kadar Aslan Invest, i\u015fletmeniz i\u00e7in ideal konumu bulman\u0131za yard\u0131mc\u0131 olur.<\/p><h4>Neden Aslan Invest&#039;i Se\u00e7melisiniz?<\/h4><h5>Uzman Rehberli\u011fi<\/h5><p>Aslan Invest&#039;in deneyimli ekibi, &quot;Alanya&#039;daki Emlak&quot; pazar\u0131na e\u015fsiz bir bak\u0131\u015f a\u00e7\u0131s\u0131 sunar. Do\u011fru m\u00fclk\u00fc se\u00e7mekten yasal s\u00fcre\u00e7lerde gezinmeye kadar, kusursuz bir deneyim sa\u011fl\u0131yoruz.<\/p><h5>Ki\u015fiye \u00d6zel \u00c7\u00f6z\u00fcmler<\/h5><p>Her m\u00fc\u015fterinin ihtiya\u00e7lar\u0131 benzersizdir. \u0130ster yat\u0131r\u0131m ama\u00e7l\u0131 bir m\u00fclk, ister tatil evi, ister kal\u0131c\u0131 bir ikametgah ar\u0131yor olun, Aslan Invest hedeflerinize ula\u015fman\u0131z i\u00e7in \u00f6zelle\u015ftirilmi\u015f \u00e7\u00f6z\u00fcmler sunar.<\/p><h5>U\u00e7tan Uca Destek<\/h5><p>Aslan Invest, ilk ara\u015ft\u0131rmadan son evrak i\u015flerine kadar sat\u0131n alma s\u00fcrecinin her a\u015famas\u0131yla ilgilenerek, yat\u0131r\u0131m\u0131n\u0131z konusunda g\u00f6n\u00fcl rahatl\u0131\u011f\u0131 ve g\u00fcven duyman\u0131z\u0131 sa\u011flar.<\/p><h4>Alanya&#039;da Emlak Hakk\u0131nda S\u0131k\u00e7a Sorulan Sorular<\/h4><h5>Alanya Gayrimenkul Yat\u0131r\u0131m\u0131 \u0130\u00e7in \u0130yi Bir Yer mi?<\/h5><p>Kesinlikle! Alanya&#039;n\u0131n geli\u015fen pazar\u0131, b\u00fcy\u00fcyen turizmi ve uygun emlak fiyatlar\u0131, onu g\u00fc\u00e7l\u00fc getiri ve uzun vadeli de\u011fer arayan yat\u0131r\u0131mc\u0131lar i\u00e7in en iyi se\u00e7im haline getiriyor.<\/p><h5>Hangi T\u00fcr Emlaklar Mevcuttur?<\/h5><p>Aslan Invest, l\u00fcks villalar, modern daireler ve ticari alanlar dahil olmak \u00fczere geni\u015f bir yelpazede m\u00fclk sunmaktad\u0131r. Tercihleriniz ne olursa olsun, sizin i\u00e7in m\u00fckemmel m\u00fclk\u00fcm\u00fcz var.<\/p><h5>Nas\u0131l Ba\u015flar\u0131m?<\/h5><p>\u0130htiya\u00e7lar\u0131n\u0131z\u0131 g\u00f6r\u00fc\u015fmek ve mevcut m\u00fclkleri ke\u015ffetmek i\u00e7in Aslan Invest ile ileti\u015fime ge\u00e7in. Ekibimiz her ad\u0131mda size rehberlik ederek sorunsuz ve stressiz bir s\u00fcre\u00e7 sa\u011flayacakt\u0131r.<\/p><h4>Sonu\u00e7: Alanya&#039;da Gayrimenkul i\u00e7in Aslan Invest ile Ortak Olun<\/h4><p>&quot;Alanya&#039;da Emlak&quot; pazar\u0131, al\u0131c\u0131lar ve yat\u0131r\u0131mc\u0131lar i\u00e7in f\u0131rsatlarla doludur. Aslan Invest yan\u0131n\u0131zdayken, bu Akdeniz cennetinde hayalinizdeki m\u00fclk\u00fc bulabilirsiniz. Alanya&#039;n\u0131n g\u00fczelli\u011finden ve cazibesinden bir par\u00e7aya sahip olma yolculu\u011funuza ba\u015flamak i\u00e7in bug\u00fcn bizimle ileti\u015fime ge\u00e7in.<\/p>\t\t\t\t\t\t<\/div>\n\t\t\t\t<\/div>\n\t\t\t\t\t<\/div>\n\t\t\t\t<\/div>\n\t\t\t\t<\/div>","protected":false},"excerpt":{"rendered":"","protected":false},"author":1,"featured_media":0,"parent":0,"menu_order":0,"comment_status":"closed","ping_status":"closed","template":"elementor_header_footer","meta":{"_monsterinsights_skip_tracking":false,"_monsterinsights_sitenote_active":false,"_monsterinsights_sitenote_note":"","_monsterinsights_sitenote_category":0,"footnotes":""},"class_list":["post-27923","page","type-page","status-publish","hentry"],"yoast_head":"<!-- This site is optimized with the Yoast SEO plugin v23.4 - https:\/\/yoast.com\/wordpress\/plugins\/seo\/ -->\n<title>Real Estate in Alanya - Premium Properties with Aslan Invest<\/title>\n<meta name=\"description\" content=\"Explore the thriving Real Estate in Alanya market with Aslan Invest. Find luxury villas, modern apartments, and commercial properties tailored to your needs. Contact us today!\" \/>\n<meta name=\"robots\" content=\"index, follow, max-snippet:-1, max-image-preview:large, max-video-preview:-1\" \/>\n<link rel=\"canonical\" href=\"https:\/\/aslan-invest.com\/tr\/real-estate-in-alanya\/\" \/>\n<meta property=\"og:locale\" content=\"tr_TR\" \/>\n<meta property=\"og:type\" content=\"article\" \/>\n<meta property=\"og:title\" content=\"Real Estate in Alanya - Premium Properties with Aslan Invest\" \/>\n<meta property=\"og:description\" content=\"Explore the thriving Real Estate in Alanya market with Aslan Invest. Find luxury villas, modern apartments, and commercial properties tailored to your needs. Contact us today!\" \/>\n<meta property=\"og:url\" content=\"https:\/\/aslan-invest.com\/tr\/real-estate-in-alanya\/\" \/>\n<meta property=\"og:site_name\" content=\"Aslan Invest Real Estate\" \/>\n<meta property=\"article:modified_time\" content=\"2024-12-10T17:45:37+00:00\" \/>\n<meta property=\"og:image\" content=\"https:\/\/aslan-invest.com\/wp-content\/uploads\/2024\/11\/2-12.png\" \/>\n\t<meta property=\"og:image:width\" content=\"1080\" \/>\n\t<meta property=\"og:image:height\" content=\"1080\" \/>\n\t<meta property=\"og:image:type\" content=\"image\/png\" \/>\n<meta name=\"twitter:card\" content=\"summary_large_image\" \/>\n<meta name=\"twitter:label1\" content=\"Tahmini okuma s\u00fcresi\" \/>\n\t<meta name=\"twitter:data1\" content=\"1 dakika\" \/>\n<script type=\"application\/ld+json\" class=\"yoast-schema-graph\">{\"@context\":\"https:\/\/schema.org\",\"@graph\":[{\"@type\":\"WebPage\",\"@id\":\"https:\/\/aslan-invest.com\/real-estate-in-alanya\/\",\"url\":\"https:\/\/aslan-invest.com\/real-estate-in-alanya\/\",\"name\":\"Real Estate in Alanya - Premium Properties with Aslan Invest\",\"isPartOf\":{\"@id\":\"https:\/\/aslan-invest.com\/#website\"},\"datePublished\":\"2024-11-22T18:53:36+00:00\",\"dateModified\":\"2024-12-10T17:45:37+00:00\",\"description\":\"Explore the thriving Real Estate in Alanya market with Aslan Invest. Find luxury villas, modern apartments, and commercial properties tailored to your needs. Contact us today!\",\"breadcrumb\":{\"@id\":\"https:\/\/aslan-invest.com\/real-estate-in-alanya\/#breadcrumb\"},\"inLanguage\":\"tr\",\"potentialAction\":[{\"@type\":\"ReadAction\",\"target\":[\"https:\/\/aslan-invest.com\/real-estate-in-alanya\/\"]}]},{\"@type\":\"BreadcrumbList\",\"@id\":\"https:\/\/aslan-invest.com\/real-estate-in-alanya\/#breadcrumb\",\"itemListElement\":[{\"@type\":\"ListItem\",\"position\":1,\"name\":\"Anasayfa\",\"item\":\"https:\/\/aslan-invest.com\/\"},{\"@type\":\"ListItem\",\"position\":2,\"name\":\"Real Estate in Alanya\"}]},{\"@type\":\"WebSite\",\"@id\":\"https:\/\/aslan-invest.com\/#website\",\"url\":\"https:\/\/aslan-invest.com\/\",\"name\":\"Aslan Invest Real Estate\",\"description\":\"Alanya Real Estate | Investment\",\"publisher\":{\"@id\":\"https:\/\/aslan-invest.com\/#organization\"},\"potentialAction\":[{\"@type\":\"SearchAction\",\"target\":{\"@type\":\"EntryPoint\",\"urlTemplate\":\"https:\/\/aslan-invest.com\/?s={search_term_string}\"},\"query-input\":{\"@type\":\"PropertyValueSpecification\",\"valueRequired\":true,\"valueName\":\"search_term_string\"}}],\"inLanguage\":\"tr\"},{\"@type\":\"Organization\",\"@id\":\"https:\/\/aslan-invest.com\/#organization\",\"name\":\"Aslan Invest Real Estate\",\"url\":\"https:\/\/aslan-invest.com\/\",\"logo\":{\"@type\":\"ImageObject\",\"inLanguage\":\"tr\",\"@id\":\"https:\/\/aslan-invest.com\/#\/schema\/logo\/image\/\",\"url\":\"https:\/\/aslan-invest.com\/wp-content\/uploads\/2026\/01\/aslan-invest-LOGO-1-1-scaled-e1769624144110.png\",\"contentUrl\":\"https:\/\/aslan-invest.com\/wp-content\/uploads\/2026\/01\/aslan-invest-LOGO-1-1-scaled-e1769624144110.png\",\"width\":2517,\"height\":1479,\"caption\":\"Aslan Invest Real Estate\"},\"image\":{\"@id\":\"https:\/\/aslan-invest.com\/#\/schema\/logo\/image\/\"},\"sameAs\":[\"https:\/\/www.instagram.com\/.aslaninvest.realestate\"]}]}<\/script>\n<!-- \/ Yoast SEO plugin. -->","yoast_head_json":{"title":"Real Estate in Alanya - Premium Properties with Aslan Invest","description":"Explore the thriving Real Estate in Alanya market with Aslan Invest. Find luxury villas, modern apartments, and commercial properties tailored to your needs. Contact us today!","robots":{"index":"index","follow":"follow","max-snippet":"max-snippet:-1","max-image-preview":"max-image-preview:large","max-video-preview":"max-video-preview:-1"},"canonical":"https:\/\/aslan-invest.com\/tr\/real-estate-in-alanya\/","og_locale":"tr_TR","og_type":"article","og_title":"Real Estate in Alanya - Premium Properties with Aslan Invest","og_description":"Explore the thriving Real Estate in Alanya market with Aslan Invest. Find luxury villas, modern apartments, and commercial properties tailored to your needs. Contact us today!","og_url":"https:\/\/aslan-invest.com\/tr\/real-estate-in-alanya\/","og_site_name":"Aslan Invest Real Estate","article_modified_time":"2024-12-10T17:45:37+00:00","og_image":[{"width":1080,"height":1080,"url":"https:\/\/aslan-invest.com\/wp-content\/uploads\/2024\/11\/2-12.png","type":"image\/png"}],"twitter_card":"summary_large_image","twitter_misc":{"Tahmini okuma s\u00fcresi":"1 dakika"},"schema":{"@context":"https:\/\/schema.org","@graph":[{"@type":"WebPage","@id":"https:\/\/aslan-invest.com\/real-estate-in-alanya\/","url":"https:\/\/aslan-invest.com\/real-estate-in-alanya\/","name":"Real Estate in Alanya - Premium Properties with Aslan Invest","isPartOf":{"@id":"https:\/\/aslan-invest.com\/#website"},"datePublished":"2024-11-22T18:53:36+00:00","dateModified":"2024-12-10T17:45:37+00:00","description":"Explore the thriving Real Estate in Alanya market with Aslan Invest. Find luxury villas, modern apartments, and commercial properties tailored to your needs. Contact us today!","breadcrumb":{"@id":"https:\/\/aslan-invest.com\/real-estate-in-alanya\/#breadcrumb"},"inLanguage":"tr","potentialAction":[{"@type":"ReadAction","target":["https:\/\/aslan-invest.com\/real-estate-in-alanya\/"]}]},{"@type":"BreadcrumbList","@id":"https:\/\/aslan-invest.com\/real-estate-in-alanya\/#breadcrumb","itemListElement":[{"@type":"ListItem","position":1,"name":"Anasayfa","item":"https:\/\/aslan-invest.com\/"},{"@type":"ListItem","position":2,"name":"Real Estate in Alanya"}]},{"@type":"WebSite","@id":"https:\/\/aslan-invest.com\/#website","url":"https:\/\/aslan-invest.com\/","name":"Aslan Invest Real Estate","description":"Alanya Real Estate | Investment","publisher":{"@id":"https:\/\/aslan-invest.com\/#organization"},"potentialAction":[{"@type":"SearchAction","target":{"@type":"EntryPoint","urlTemplate":"https:\/\/aslan-invest.com\/?s={search_term_string}"},"query-input":{"@type":"PropertyValueSpecification","valueRequired":true,"valueName":"search_term_string"}}],"inLanguage":"tr"},{"@type":"Organization","@id":"https:\/\/aslan-invest.com\/#organization","name":"Aslan Invest Real Estate","url":"https:\/\/aslan-invest.com\/","logo":{"@type":"ImageObject","inLanguage":"tr","@id":"https:\/\/aslan-invest.com\/#\/schema\/logo\/image\/","url":"https:\/\/aslan-invest.com\/wp-content\/uploads\/2026\/01\/aslan-invest-LOGO-1-1-scaled-e1769624144110.png","contentUrl":"https:\/\/aslan-invest.com\/wp-content\/uploads\/2026\/01\/aslan-invest-LOGO-1-1-scaled-e1769624144110.png","width":2517,"height":1479,"caption":"Aslan Invest Real Estate"},"image":{"@id":"https:\/\/aslan-invest.com\/#\/schema\/logo\/image\/"},"sameAs":["https:\/\/www.instagram.com\/.aslaninvest.realestate"]}]}},"_links":{"self":[{"href":"https:\/\/aslan-invest.com\/tr\/wp-json\/wp\/v2\/pages\/27923","targetHints":{"allow":["GET"]}}],"collection":[{"href":"https:\/\/aslan-invest.com\/tr\/wp-json\/wp\/v2\/pages"}],"about":[{"href":"https:\/\/aslan-invest.com\/tr\/wp-json\/wp\/v2\/types\/page"}],"author":[{"embeddable":true,"href":"https:\/\/aslan-invest.com\/tr\/wp-json\/wp\/v2\/users\/1"}],"replies":[{"embeddable":true,"href":"https:\/\/aslan-invest.com\/tr\/wp-json\/wp\/v2\/comments?post=27923"}],"version-history":[{"count":5,"href":"https:\/\/aslan-invest.com\/tr\/wp-json\/wp\/v2\/pages\/27923\/revisions"}],"predecessor-version":[{"id":27929,"href":"https:\/\/aslan-invest.com\/tr\/wp-json\/wp\/v2\/pages\/27923\/revisions\/27929"}],"wp:attachment":[{"href":"https:\/\/aslan-invest.com\/tr\/wp-json\/wp\/v2\/media?parent=27923"}],"curies":[{"name":"wp","href":"https:\/\/api.w.org\/{rel}","templated":true}]}}