{"id":27916,"date":"2024-11-22T21:49:42","date_gmt":"2024-11-22T18:49:42","guid":{"rendered":"https:\/\/aslan-invest.com\/?page_id=27916"},"modified":"2024-12-10T20:45:41","modified_gmt":"2024-12-10T17:45:41","slug":"real-estate-alanya","status":"publish","type":"page","link":"https:\/\/aslan-invest.com\/tr\/real-estate-alanya\/","title":{"rendered":"Emlak Alanya"},"content":{"rendered":"<div data-elementor-type=\"wp-page\" data-elementor-id=\"27916\" class=\"elementor elementor-27916\" data-elementor-post-type=\"page\">\n\t\t\t\t<div class=\"elementor-element elementor-element-643b110 e-flex e-con-boxed e-con e-parent\" data-id=\"643b110\" data-element_type=\"container\">\n\t\t\t\t\t<div class=\"e-con-inner\">\n\t\t\t\t<div class=\"elementor-element elementor-element-b2be06c elementor-widget elementor-widget-heading\" data-id=\"b2be06c\" data-element_type=\"widget\" data-widget_type=\"heading.default\">\n\t\t\t\t<div class=\"elementor-widget-container\">\n\t\t\t<style>\/*! elementor - v3.23.0 - 05-08-2024 *\/\n.elementor-heading-title{padding:0;margin:0;line-height:1}.elementor-widget-heading .elementor-heading-title[class*=elementor-size-]>a{color:inherit;font-size:inherit;line-height:inherit}.elementor-widget-heading .elementor-heading-title.elementor-size-small{font-size:15px}.elementor-widget-heading .elementor-heading-title.elementor-size-medium{font-size:19px}.elementor-widget-heading .elementor-heading-title.elementor-size-large{font-size:29px}.elementor-widget-heading .elementor-heading-title.elementor-size-xl{font-size:39px}.elementor-widget-heading .elementor-heading-title.elementor-size-xxl{font-size:59px}<\/style><h1 class=\"elementor-heading-title elementor-size-default\">Emlak Alanya - Akdeniz Ya\u015fam\u0131n\u0131n En \u0130yisi<\/h1>\t\t<\/div>\n\t\t\t\t<\/div>\n\t\t\t\t<div class=\"elementor-element elementor-element-a24ecae elementor-widget elementor-widget-text-editor\" data-id=\"a24ecae\" data-element_type=\"widget\" data-widget_type=\"text-editor.default\">\n\t\t\t\t<div class=\"elementor-widget-container\">\n\t\t\t<style>\/*! elementor - v3.23.0 - 05-08-2024 *\/\n.elementor-widget-text-editor.elementor-drop-cap-view-stacked .elementor-drop-cap{background-color:#69727d;color:#fff}.elementor-widget-text-editor.elementor-drop-cap-view-framed .elementor-drop-cap{color:#69727d;border:3px solid;background-color:transparent}.elementor-widget-text-editor:not(.elementor-drop-cap-view-default) .elementor-drop-cap{margin-top:8px}.elementor-widget-text-editor:not(.elementor-drop-cap-view-default) .elementor-drop-cap-letter{width:1em;height:1em}.elementor-widget-text-editor .elementor-drop-cap{float:left;text-align:center;line-height:1;font-size:50px}.elementor-widget-text-editor .elementor-drop-cap-letter{display:inline-block}<\/style>\t\t\t\t<div class=\"flex-shrink-0 flex flex-col relative items-end\"><div class=\"pt-0\"><div class=\"gizmo-bot-avatar flex h-8 w-8 items-center justify-center overflow-hidden rounded-full\"><div class=\"relative p-1 rounded-sm flex items-center justify-center bg-token-main-surface-primary text-token-text-primary h-8 w-8\"><h3>Emlak Alanya: Akdeniz L\u00fcks Ya\u015fam\u0131na A\u00e7\u0131lan Kap\u0131n\u0131z<\/h3><h4>Alanya Emlak&#039;\u0131n B\u00fcy\u00fcs\u00fcn\u00fc Ke\u015ffedin<\/h4><p>T\u00fcrkiye&#039;nin g\u00fczel Akdeniz k\u0131y\u0131s\u0131na kurulmu\u015f olan Alanya, do\u011fal g\u00fczellik, modern ya\u015fam ve k\u00fclt\u00fcrel zenginli\u011fin uyumlu bir kar\u0131\u015f\u0131m\u0131n\u0131 arayanlar i\u00e7in bir cennettir. &quot;Alanya Emlak&quot; pazar\u0131, l\u00fcks villalardan \u00e7a\u011fda\u015f dairelere kadar \u00e7e\u015fitli m\u00fclkler sunarak, hem ev al\u0131c\u0131lar\u0131 hem de yat\u0131r\u0131mc\u0131lar i\u00e7in ideal bir yer haline getirir.<\/p><h4>Neden Alanya&#039;da Gayrimenkule Yat\u0131r\u0131m Yapmal\u0131s\u0131n\u0131z?<\/h4><h5>Akdeniz Ya\u015fam Tarz\u0131n\u0131n En \u0130yisi<\/h5><p>Alanya&#039;da m\u00fclk sahibi olmak, alt\u0131n rengi plajlar, turkuaz sular ve nefes kesen manzaralarla karakterize edilen bir ya\u015fam tarz\u0131n\u0131n tad\u0131n\u0131 \u00e7\u0131karmak anlam\u0131na gelir. \u0130ster tatil ama\u00e7l\u0131 ister kal\u0131c\u0131 bir ikamet i\u00e7in olsun, Alanya benzersiz bir \u00e7ekicilik sunar.<\/p><h5>Y\u00fcksek Yat\u0131r\u0131m Potansiyeli<\/h5><p>Geli\u015fen &quot;Alanya Emlak&quot; pazar\u0131, uygun fiyatl\u0131 m\u00fclk fiyatlar\u0131 ve y\u00fcksek kira talebi nedeniyle yerel ve uluslararas\u0131 al\u0131c\u0131lar\u0131 cezbetmektedir. Bu, onu kazan\u00e7l\u0131 gayrimenkul yat\u0131r\u0131mlar\u0131 i\u00e7in pop\u00fcler bir yer haline getirir.<\/p><h5>\u00c7e\u015fitli Emlak Se\u00e7enekleri<\/h5><p>Uygun fiyatl\u0131 dairelerden l\u00fcks villalara ve ticari alanlara kadar, Alanya her tercihe ve b\u00fct\u00e7eye uygun se\u00e7enekler sunar. Hedefleriniz ne olursa olsun, Alanya&#039;da m\u00fckemmel bir m\u00fclk sizi bekliyor.<\/p><h4>Emlak Alanya&#039;da Emlak T\u00fcrleri<\/h4><h5>L\u00fcks Villalar<\/h5><p>Alanya&#039;daki l\u00fcks villalar \u00f6zel havuzlar, geni\u015f bah\u00e7eler ve panoramik deniz manzaralar\u0131 sunar. Bu m\u00fclkler ayr\u0131cal\u0131k ve konfor arayanlar i\u00e7in idealdir.<\/p><h5>Modern Daireler<\/h5><p>\u00c7a\u011fda\u015f bir ya\u015fam tarz\u0131 i\u00e7in, Alanya&#039;n\u0131n modern daireleri m\u00fckemmel bir se\u00e7imdir. Bu m\u00fclkler genellikle okullar, al\u0131\u015fveri\u015f merkezleri ve sa\u011fl\u0131k tesisleri gibi \u00f6nemli olanaklar\u0131n yak\u0131n\u0131nda bulunur.<\/p><h5>Ticari Emlaklar<\/h5><p>Alanya&#039;n\u0131n hareketli ekonomisi onu i\u015f yat\u0131r\u0131mlar\u0131 i\u00e7in birinci s\u0131n\u0131f bir yer haline getiriyor. Perakende alanlar\u0131ndan ofislere kadar giri\u015fimcilerin geli\u015fmesi i\u00e7in bir\u00e7ok f\u0131rsat var.<\/p><h4>Alanya Emlak Piyasas\u0131nda Gezinmek \u0130\u00e7in \u0130pu\u00e7lar\u0131<\/h4><h5>G\u00fcvenilir Bir Emlak Ajans\u0131yla Ortak Olun<\/h5><p>Sayg\u0131n bir emlak acentesiyle i\u015fbirli\u011fi yapmak, sat\u0131n alma s\u00fcreci boyunca en iyi listelemelere ve rehberli\u011fe eri\u015fimi garanti eder. Uzmanl\u0131klar\u0131 yat\u0131r\u0131m yolculu\u011funuzu sorunsuz hale getirebilir.<\/p><h5>Hedeflerinizi Tan\u0131mlay\u0131n<\/h5><p>Tatil evi, kal\u0131c\u0131 ikametgah veya yat\u0131r\u0131m ama\u00e7l\u0131 m\u00fclk m\u00fc ar\u0131yorsunuz? Hedeflerinizi netle\u015ftirmek se\u00e7eneklerinizi daraltman\u0131za ve aramay\u0131 kolayla\u015ft\u0131rman\u0131za yard\u0131mc\u0131 olacakt\u0131r.<\/p><h5>Finansman Se\u00e7eneklerini G\u00f6z \u00d6n\u00fcnde Bulundurun<\/h5><p>Esnek \u00f6deme planlar\u0131 ve ipotek f\u0131rsatlar\u0131, Alanya&#039;da m\u00fclk sahibi olmay\u0131 kolayla\u015ft\u0131r\u0131r. Bilin\u00e7li bir karar vermek i\u00e7in bu se\u00e7enekleri emlak\u00e7\u0131n\u0131zla g\u00f6r\u00fc\u015f\u00fcn.<\/p><h4>Alanya Emlak Hakk\u0131nda S\u0131k\u00e7a Sorulan Sorular<\/h4><h5>Neden Gayrimenkul Yat\u0131r\u0131m\u0131 \u0130\u00e7in Alanya&#039;y\u0131 Se\u00e7melisiniz?<\/h5><p>Alanya&#039;n\u0131n giderek artan pop\u00fclaritesi, uygun fiyatlar\u0131 ve g\u00fc\u00e7l\u00fc kiralama talebiyle birle\u015fince, gayrimenkul yat\u0131r\u0131mc\u0131lar\u0131 i\u00e7in en iyi tercihlerden biri haline geliyor.<\/p><h5>Hangi Emlak Tipleri Mevcuttur?<\/h5><p>\u201cAlanya Emlak\u201d piyasas\u0131, l\u00fcks villalardan modern dairelere ve ticari alanlara kadar \u00e7e\u015fitli ihtiya\u00e7lara ve b\u00fct\u00e7elere hitap eden \u00e7e\u015fitli m\u00fclkler sunmaktad\u0131r.<\/p><h5>Sat\u0131n Alma S\u00fcrecine Nas\u0131l Ba\u015flayabilirim?<\/h5><p>\u0130htiya\u00e7lar\u0131n\u0131z\u0131 ve b\u00fct\u00e7enizi belirleyerek ba\u015flay\u0131n. Ard\u0131ndan, se\u00e7enekleri ke\u015ffetmek ve yasal ve finansal prosed\u00fcrlerde zahmetsizce gezinmek i\u00e7in g\u00fcvenilir bir emlak acentesiyle ortakl\u0131k kurun.<\/p><h4>Sonu\u00e7: Akdeniz R\u00fcyan\u0131z\u0131 Alanya Emlak ile Ger\u00e7ekle\u015ftirin<\/h4><p>&quot;Alanya Emlak&quot; canl\u0131 ve pitoresk bir yere yat\u0131r\u0131m yapmak isteyenler i\u00e7in e\u015fsiz f\u0131rsatlar sunar. \u0130ster l\u00fcks bir villa, ister \u015f\u0131k bir daire veya ticari bir m\u00fclk ar\u0131yor olun, Alanya herkese uygun bir \u015feyler sunar. Bu Akdeniz cennetinde hayalinizdeki m\u00fclke sahip olmak i\u00e7in ilk ad\u0131m\u0131 atmak \u00fczere bug\u00fcn g\u00fcvenilir bir emlak acentesiyle ileti\u015fime ge\u00e7in.<\/p><\/div><\/div><\/div><\/div>\t\t\t\t\t\t<\/div>\n\t\t\t\t<\/div>\n\t\t\t\t\t<\/div>\n\t\t\t\t<\/div>\n\t\t\t\t<\/div>","protected":false},"excerpt":{"rendered":"","protected":false},"author":1,"featured_media":0,"parent":0,"menu_order":0,"comment_status":"closed","ping_status":"closed","template":"elementor_header_footer","meta":{"_monsterinsights_skip_tracking":false,"_monsterinsights_sitenote_active":false,"_monsterinsights_sitenote_note":"","_monsterinsights_sitenote_category":0,"footnotes":""},"class_list":["post-27916","page","type-page","status-publish","hentry"],"yoast_head":"<!-- This site is optimized with the Yoast SEO plugin v23.4 - https:\/\/yoast.com\/wordpress\/plugins\/seo\/ -->\n<title>Real Estate Alanya - Mediterranean Living at Its Finest<\/title>\n<meta name=\"description\" content=\"Explore the thriving Real Estate Alanya market. Find luxury villas, modern apartments, and investment opportunities in Alanya&#039;s beautiful Mediterranean setting. Contact us today!\" \/>\n<meta name=\"robots\" content=\"index, follow, max-snippet:-1, max-image-preview:large, max-video-preview:-1\" \/>\n<link rel=\"canonical\" href=\"https:\/\/aslan-invest.com\/tr\/real-estate-alanya\/\" \/>\n<meta property=\"og:locale\" content=\"tr_TR\" \/>\n<meta property=\"og:type\" content=\"article\" \/>\n<meta property=\"og:title\" content=\"Real Estate Alanya - Mediterranean Living at Its Finest\" \/>\n<meta property=\"og:description\" content=\"Explore the thriving Real Estate Alanya market. Find luxury villas, modern apartments, and investment opportunities in Alanya&#039;s beautiful Mediterranean setting. Contact us today!\" \/>\n<meta property=\"og:url\" content=\"https:\/\/aslan-invest.com\/tr\/real-estate-alanya\/\" \/>\n<meta property=\"og:site_name\" content=\"Aslan Invest Real Estate\" \/>\n<meta property=\"article:modified_time\" content=\"2024-12-10T17:45:41+00:00\" \/>\n<meta property=\"og:image\" content=\"https:\/\/aslan-invest.com\/wp-content\/uploads\/2024\/11\/2-12.png\" \/>\n\t<meta property=\"og:image:width\" content=\"1080\" \/>\n\t<meta property=\"og:image:height\" content=\"1080\" \/>\n\t<meta property=\"og:image:type\" content=\"image\/png\" \/>\n<meta name=\"twitter:card\" content=\"summary_large_image\" \/>\n<meta name=\"twitter:label1\" content=\"Tahmini okuma s\u00fcresi\" \/>\n\t<meta name=\"twitter:data1\" content=\"1 dakika\" \/>\n<script type=\"application\/ld+json\" class=\"yoast-schema-graph\">{\"@context\":\"https:\/\/schema.org\",\"@graph\":[{\"@type\":\"WebPage\",\"@id\":\"https:\/\/aslan-invest.com\/real-estate-alanya\/\",\"url\":\"https:\/\/aslan-invest.com\/real-estate-alanya\/\",\"name\":\"Real Estate Alanya - Mediterranean Living at Its Finest\",\"isPartOf\":{\"@id\":\"https:\/\/aslan-invest.com\/#website\"},\"datePublished\":\"2024-11-22T18:49:42+00:00\",\"dateModified\":\"2024-12-10T17:45:41+00:00\",\"description\":\"Explore the thriving Real Estate Alanya market. Find luxury villas, modern apartments, and investment opportunities in Alanya's beautiful Mediterranean setting. Contact us today!\",\"breadcrumb\":{\"@id\":\"https:\/\/aslan-invest.com\/real-estate-alanya\/#breadcrumb\"},\"inLanguage\":\"tr\",\"potentialAction\":[{\"@type\":\"ReadAction\",\"target\":[\"https:\/\/aslan-invest.com\/real-estate-alanya\/\"]}]},{\"@type\":\"BreadcrumbList\",\"@id\":\"https:\/\/aslan-invest.com\/real-estate-alanya\/#breadcrumb\",\"itemListElement\":[{\"@type\":\"ListItem\",\"position\":1,\"name\":\"Anasayfa\",\"item\":\"https:\/\/aslan-invest.com\/\"},{\"@type\":\"ListItem\",\"position\":2,\"name\":\"Real Estate Alanya\"}]},{\"@type\":\"WebSite\",\"@id\":\"https:\/\/aslan-invest.com\/#website\",\"url\":\"https:\/\/aslan-invest.com\/\",\"name\":\"Aslan Invest Real Estate\",\"description\":\"Alanya Real Estate | Investment\",\"publisher\":{\"@id\":\"https:\/\/aslan-invest.com\/#organization\"},\"potentialAction\":[{\"@type\":\"SearchAction\",\"target\":{\"@type\":\"EntryPoint\",\"urlTemplate\":\"https:\/\/aslan-invest.com\/?s={search_term_string}\"},\"query-input\":{\"@type\":\"PropertyValueSpecification\",\"valueRequired\":true,\"valueName\":\"search_term_string\"}}],\"inLanguage\":\"tr\"},{\"@type\":\"Organization\",\"@id\":\"https:\/\/aslan-invest.com\/#organization\",\"name\":\"Aslan Invest Real Estate\",\"url\":\"https:\/\/aslan-invest.com\/\",\"logo\":{\"@type\":\"ImageObject\",\"inLanguage\":\"tr\",\"@id\":\"https:\/\/aslan-invest.com\/#\/schema\/logo\/image\/\",\"url\":\"https:\/\/aslan-invest.com\/wp-content\/uploads\/2026\/01\/aslan-invest-LOGO-1-1-scaled-e1769624144110.png\",\"contentUrl\":\"https:\/\/aslan-invest.com\/wp-content\/uploads\/2026\/01\/aslan-invest-LOGO-1-1-scaled-e1769624144110.png\",\"width\":2517,\"height\":1479,\"caption\":\"Aslan Invest Real Estate\"},\"image\":{\"@id\":\"https:\/\/aslan-invest.com\/#\/schema\/logo\/image\/\"},\"sameAs\":[\"https:\/\/www.instagram.com\/.aslaninvest.realestate\"]}]}<\/script>\n<!-- \/ Yoast SEO plugin. -->","yoast_head_json":{"title":"Real Estate Alanya - Mediterranean Living at Its Finest","description":"Explore the thriving Real Estate Alanya market. Find luxury villas, modern apartments, and investment opportunities in Alanya's beautiful Mediterranean setting. Contact us today!","robots":{"index":"index","follow":"follow","max-snippet":"max-snippet:-1","max-image-preview":"max-image-preview:large","max-video-preview":"max-video-preview:-1"},"canonical":"https:\/\/aslan-invest.com\/tr\/real-estate-alanya\/","og_locale":"tr_TR","og_type":"article","og_title":"Real Estate Alanya - Mediterranean Living at Its Finest","og_description":"Explore the thriving Real Estate Alanya market. Find luxury villas, modern apartments, and investment opportunities in Alanya's beautiful Mediterranean setting. Contact us today!","og_url":"https:\/\/aslan-invest.com\/tr\/real-estate-alanya\/","og_site_name":"Aslan Invest Real Estate","article_modified_time":"2024-12-10T17:45:41+00:00","og_image":[{"width":1080,"height":1080,"url":"https:\/\/aslan-invest.com\/wp-content\/uploads\/2024\/11\/2-12.png","type":"image\/png"}],"twitter_card":"summary_large_image","twitter_misc":{"Tahmini okuma s\u00fcresi":"1 dakika"},"schema":{"@context":"https:\/\/schema.org","@graph":[{"@type":"WebPage","@id":"https:\/\/aslan-invest.com\/real-estate-alanya\/","url":"https:\/\/aslan-invest.com\/real-estate-alanya\/","name":"Real Estate Alanya - Mediterranean Living at Its Finest","isPartOf":{"@id":"https:\/\/aslan-invest.com\/#website"},"datePublished":"2024-11-22T18:49:42+00:00","dateModified":"2024-12-10T17:45:41+00:00","description":"Explore the thriving Real Estate Alanya market. Find luxury villas, modern apartments, and investment opportunities in Alanya's beautiful Mediterranean setting. Contact us today!","breadcrumb":{"@id":"https:\/\/aslan-invest.com\/real-estate-alanya\/#breadcrumb"},"inLanguage":"tr","potentialAction":[{"@type":"ReadAction","target":["https:\/\/aslan-invest.com\/real-estate-alanya\/"]}]},{"@type":"BreadcrumbList","@id":"https:\/\/aslan-invest.com\/real-estate-alanya\/#breadcrumb","itemListElement":[{"@type":"ListItem","position":1,"name":"Anasayfa","item":"https:\/\/aslan-invest.com\/"},{"@type":"ListItem","position":2,"name":"Real Estate Alanya"}]},{"@type":"WebSite","@id":"https:\/\/aslan-invest.com\/#website","url":"https:\/\/aslan-invest.com\/","name":"Aslan Invest Real Estate","description":"Alanya Real Estate | Investment","publisher":{"@id":"https:\/\/aslan-invest.com\/#organization"},"potentialAction":[{"@type":"SearchAction","target":{"@type":"EntryPoint","urlTemplate":"https:\/\/aslan-invest.com\/?s={search_term_string}"},"query-input":{"@type":"PropertyValueSpecification","valueRequired":true,"valueName":"search_term_string"}}],"inLanguage":"tr"},{"@type":"Organization","@id":"https:\/\/aslan-invest.com\/#organization","name":"Aslan Invest Real Estate","url":"https:\/\/aslan-invest.com\/","logo":{"@type":"ImageObject","inLanguage":"tr","@id":"https:\/\/aslan-invest.com\/#\/schema\/logo\/image\/","url":"https:\/\/aslan-invest.com\/wp-content\/uploads\/2026\/01\/aslan-invest-LOGO-1-1-scaled-e1769624144110.png","contentUrl":"https:\/\/aslan-invest.com\/wp-content\/uploads\/2026\/01\/aslan-invest-LOGO-1-1-scaled-e1769624144110.png","width":2517,"height":1479,"caption":"Aslan Invest Real Estate"},"image":{"@id":"https:\/\/aslan-invest.com\/#\/schema\/logo\/image\/"},"sameAs":["https:\/\/www.instagram.com\/.aslaninvest.realestate"]}]}},"_links":{"self":[{"href":"https:\/\/aslan-invest.com\/tr\/wp-json\/wp\/v2\/pages\/27916","targetHints":{"allow":["GET"]}}],"collection":[{"href":"https:\/\/aslan-invest.com\/tr\/wp-json\/wp\/v2\/pages"}],"about":[{"href":"https:\/\/aslan-invest.com\/tr\/wp-json\/wp\/v2\/types\/page"}],"author":[{"embeddable":true,"href":"https:\/\/aslan-invest.com\/tr\/wp-json\/wp\/v2\/users\/1"}],"replies":[{"embeddable":true,"href":"https:\/\/aslan-invest.com\/tr\/wp-json\/wp\/v2\/comments?post=27916"}],"version-history":[{"count":6,"href":"https:\/\/aslan-invest.com\/tr\/wp-json\/wp\/v2\/pages\/27916\/revisions"}],"predecessor-version":[{"id":27922,"href":"https:\/\/aslan-invest.com\/tr\/wp-json\/wp\/v2\/pages\/27916\/revisions\/27922"}],"wp:attachment":[{"href":"https:\/\/aslan-invest.com\/tr\/wp-json\/wp\/v2\/media?parent=27916"}],"curies":[{"name":"wp","href":"https:\/\/api.w.org\/{rel}","templated":true}]}}