{"id":27888,"date":"2024-11-22T21:25:15","date_gmt":"2024-11-22T18:25:15","guid":{"rendered":"https:\/\/aslan-invest.com\/?page_id=27888"},"modified":"2024-12-10T20:45:57","modified_gmt":"2024-12-10T17:45:57","slug":"buypropertyinalanya","status":"publish","type":"page","link":"https:\/\/aslan-invest.com\/tr\/buypropertyinalanya\/","title":{"rendered":"Alanya&#039;da Emlak Sat\u0131n Al\u0131n"},"content":{"rendered":"<div data-elementor-type=\"wp-page\" data-elementor-id=\"27888\" class=\"elementor elementor-27888\" data-elementor-post-type=\"page\">\n\t\t\t\t<div class=\"elementor-element elementor-element-6ab3da4 e-flex e-con-boxed e-con e-parent\" data-id=\"6ab3da4\" data-element_type=\"container\">\n\t\t\t\t\t<div class=\"e-con-inner\">\n\t\t\t\t<div class=\"elementor-element elementor-element-e849469 elementor-widget elementor-widget-heading\" data-id=\"e849469\" data-element_type=\"widget\" data-widget_type=\"heading.default\">\n\t\t\t\t<div class=\"elementor-widget-container\">\n\t\t\t<style>\/*! elementor - v3.23.0 - 05-08-2024 *\/\n.elementor-heading-title{padding:0;margin:0;line-height:1}.elementor-widget-heading .elementor-heading-title[class*=elementor-size-]>a{color:inherit;font-size:inherit;line-height:inherit}.elementor-widget-heading .elementor-heading-title.elementor-size-small{font-size:15px}.elementor-widget-heading .elementor-heading-title.elementor-size-medium{font-size:19px}.elementor-widget-heading .elementor-heading-title.elementor-size-large{font-size:29px}.elementor-widget-heading .elementor-heading-title.elementor-size-xl{font-size:39px}.elementor-widget-heading .elementor-heading-title.elementor-size-xxl{font-size:59px}<\/style><h2 class=\"elementor-heading-title elementor-size-default\"><h1>Alanya&#039;da Neden Emlak Almal\u0131s\u0131n\u0131z: Akdeniz&#039;de Ak\u0131ll\u0131 Bir Yat\u0131r\u0131m<span style=\"font-size: 2rem; text-align: var(--text-align);\"><\/span><\/h1><\/h2>\t\t<\/div>\n\t\t\t\t<\/div>\n\t\t\t\t<div class=\"elementor-element elementor-element-6b0ea29 elementor-widget elementor-widget-text-editor\" data-id=\"6b0ea29\" data-element_type=\"widget\" data-widget_type=\"text-editor.default\">\n\t\t\t\t<div class=\"elementor-widget-container\">\n\t\t\t<style>\/*! elementor - v3.23.0 - 05-08-2024 *\/\n.elementor-widget-text-editor.elementor-drop-cap-view-stacked .elementor-drop-cap{background-color:#69727d;color:#fff}.elementor-widget-text-editor.elementor-drop-cap-view-framed .elementor-drop-cap{color:#69727d;border:3px solid;background-color:transparent}.elementor-widget-text-editor:not(.elementor-drop-cap-view-default) .elementor-drop-cap{margin-top:8px}.elementor-widget-text-editor:not(.elementor-drop-cap-view-default) .elementor-drop-cap-letter{width:1em;height:1em}.elementor-widget-text-editor .elementor-drop-cap{float:left;text-align:center;line-height:1;font-size:50px}.elementor-widget-text-editor .elementor-drop-cap-letter{display:inline-block}<\/style>\t\t\t\t<p>Alanya&#039;da Emlak Sat\u0131n Al\u0131n, T\u00fcrkiye&#039;nin muhte\u015fem Akdeniz k\u0131y\u0131s\u0131nda bulunan Alanya, hem tatilciler hem de emlak yat\u0131r\u0131mc\u0131lar\u0131 i\u00e7in en iyi destinasyonlardan biri haline geldi. \u0130ster tatil evi, ister kal\u0131c\u0131 bir ikametgah, ister karl\u0131 bir yat\u0131r\u0131m ar\u0131yor olun, <strong>Alanya&#039;da m\u00fclk sat\u0131n almak<\/strong> harika bir se\u00e7imdir. Y\u0131l boyu g\u00fcne\u015f \u0131\u015f\u0131\u011f\u0131, uygun emlak fiyatlar\u0131 ve geli\u015fen turizm sekt\u00f6r\u00fcyle Alanya, hayalinizdeki m\u00fclke yat\u0131r\u0131m yapmak i\u00e7in m\u00fckemmel bir yerdir.<\/p><h2>Neden Alanya&#039;da Emlak Almal\u0131s\u0131n\u0131z?<\/h2><p>Alanya&#039;n\u0131n gayrimenkul yat\u0131r\u0131m\u0131 i\u00e7in en pop\u00fcler yerlerden biri haline gelmesinin say\u0131s\u0131z nedeni vard\u0131r. \u0130\u015fte Alanya&#039;n\u0131n baz\u0131 temel avantajlar\u0131: <strong>Alanya&#039;da m\u00fclk sat\u0131n almak<\/strong>:<\/p><ul><li><strong>Uygun Gayrimenkul Fiyatlar\u0131:<\/strong> Di\u011fer Akdeniz destinasyonlar\u0131na k\u0131yasla Alanya, uygun fiyatl\u0131 konut fiyatlar\u0131 sunarak, rekabet\u00e7i fiyatlarla y\u00fcksek kaliteli konut ve daire sat\u0131n alman\u0131za olanak tan\u0131r.<\/li><li><strong>Kira Geliri Potansiyeli:<\/strong> Alanya turistler aras\u0131nda g\u00f6zde bir yer olup, \u00f6zellikle yaz aylar\u0131nda kiral\u0131k m\u00fclklere olan talebin y\u00fcksek olmas\u0131 nedeniyle tercih edilmektedir. Bu da onu kira geliri elde etmek isteyenler i\u00e7in m\u00fckemmel bir se\u00e7enek haline getirir.<\/li><li><strong>Y\u0131l Boyu G\u00fcne\u015f:<\/strong> Alanya, her y\u0131l 300&#039;den fazla g\u00fcne\u015fli g\u00fcne sahip olmas\u0131 nedeniyle daha s\u0131cak bir iklim arayanlar i\u00e7in ideal bir yer haline geliyor.<\/li><li><strong>Modern Olanaklar:<\/strong> \u015eehir, m\u00fckemmel sa\u011fl\u0131k tesisleri, uluslararas\u0131 okullar ve \u00e7e\u015fitli e\u011flence ve al\u0131\u015fveri\u015f se\u00e7enekleri de dahil olmak \u00fczere modern altyap\u0131 ile iyi bir \u015fekilde donat\u0131lm\u0131\u015f olup, sakinlerine y\u00fcksek bir ya\u015fam kalitesi sa\u011flamaktad\u0131r.<\/li><li><strong>G\u00fc\u00e7l\u00fc Gurbet\u00e7i Toplulu\u011fu:<\/strong> Alanya, d\u00fcnyan\u0131n d\u00f6rt bir yan\u0131ndan gelen yabanc\u0131lara s\u0131cak bir ortam sunan, b\u00fcy\u00fcyen bir uluslararas\u0131 toplulu\u011fa ev sahipli\u011fi yapmaktad\u0131r.<\/li><\/ul><h3>Alanya&#039;da Mevcut Emlak T\u00fcrleri<\/h3><p>Alanya emlak piyasas\u0131 farkl\u0131 ihtiya\u00e7lara ve b\u00fct\u00e7elere uygun \u00e7e\u015fitli m\u00fclkler sunar. \u0130ster modern bir daire, ister l\u00fcks bir villa, ister geleneksel bir T\u00fcrk evi ar\u0131yor olun, Alanya&#039;da bulabilirsiniz:<\/p><ul><li><strong>Daireler:<\/strong> Alanya&#039;daki modern daireler, d\u00fc\u015f\u00fck bak\u0131m gerektiren bir ya\u015fam tarz\u0131 arayanlar i\u00e7in m\u00fckemmeldir. Bir\u00e7o\u011funda y\u00fczme havuzlar\u0131, spor salonlar\u0131 ve 24 saat g\u00fcvenlik gibi ortak olanaklar bulunur. <strong>Alanya T\u00fcrkiye&#039;de sat\u0131l\u0131k daireler<\/strong> Hem b\u00f6lge sakinleri hem de turizm sezonunda m\u00fclklerini kiraya vermek isteyen yat\u0131r\u0131mc\u0131lar aras\u0131nda pop\u00fclerdir.<\/li><li><strong>Villalar:<\/strong> Daha fazla gizlilik ve l\u00fcks arayanlar i\u00e7in Alanya, genellikle \u00f6zel havuzlar\u0131, bah\u00e7eleri ve nefes kesici deniz veya da\u011f manzaralar\u0131 olan \u00e7ok \u00e7e\u015fitli villalar sunmaktad\u0131r. \u0130ster <strong>Alanya&#039;da villa sat\u0131n al<\/strong> \u0130ster daimi ikametgah olarak, ister tatil evi olarak kullanabilece\u011finiz pek \u00e7ok se\u00e7enek mevcut.<\/li><li><strong>Denize S\u0131f\u0131r Emlaklar:<\/strong> Alanya&#039;da en \u00e7ok aranan m\u00fclk tiplerinden biri sahil evleridir. Bu m\u00fclkler Akdeniz&#039;in muhte\u015fem manzaralar\u0131n\u0131 ve plaja kolay eri\u015fimi sunar, bu da onlar\u0131 deniz kenar\u0131nda l\u00fcks bir ya\u015fam tarz\u0131 arayanlar i\u00e7in ideal hale getirir.<\/li><li><strong>Aile Evleri:<\/strong> Alanya ayr\u0131ca huzurlu yerle\u015fim alanlar\u0131nda bulunan geni\u015f aile evleri de sunmaktad\u0131r. Bu m\u00fclkler, okullara ve parklara eri\u015fimi olan g\u00fcvenli, samimi bir ortamda yerle\u015fmek isteyen aileler i\u00e7in idealdir.<\/li><\/ul><h2>Alanya&#039;da Gayrimenkule Yat\u0131r\u0131m Yapman\u0131n Faydalar\u0131<\/h2><p>Alanya&#039;da m\u00fclk sat\u0131n almak sadece ya\u015famak i\u00e7in g\u00fczel bir yer bulmakla ilgili de\u011fildir; ayn\u0131 zamanda ak\u0131ll\u0131ca bir finansal yat\u0131r\u0131md\u0131r. \u0130\u015fte Alanya&#039;ya yat\u0131r\u0131m yapman\u0131n baz\u0131 temel nedenleri <strong>Alanya T\u00fcrkiye&#039;de m\u00fclk<\/strong> mant\u0131kl\u0131:<\/p><ul><li><strong>Y\u00fckselen Emlak De\u011ferleri:<\/strong> Alanya pop\u00fclerli\u011fini art\u0131rmaya devam ederken, emlak de\u011ferleri de istikrarl\u0131 bir \u015fekilde art\u0131yor. Bu, \u015fu anda emlak sat\u0131n almay\u0131, sermaye art\u0131\u015f\u0131 i\u00e7in g\u00fc\u00e7l\u00fc bir potansiyele sahip harika bir uzun vadeli yat\u0131r\u0131m haline getiriyor.<\/li><li><strong>Y\u00fcksek Kiralama Talebi:<\/strong> Alanya&#039;n\u0131n turizm a\u00e7\u0131s\u0131ndan \u00f6nemli bir destinasyon olmas\u0131, kiral\u0131k m\u00fclklere olan talebin y\u00fcksek olmas\u0131n\u0131 sa\u011flayarak yat\u0131r\u0131mc\u0131lara y\u0131l boyunca g\u00fcvenilir bir kira geliri kayna\u011f\u0131 sa\u011fl\u0131yor.<\/li><li><strong>Uygun D\u00f6viz Kurlar\u0131:<\/strong> Uluslararas\u0131 al\u0131c\u0131lar i\u00e7in, uygun d\u00f6viz kurlar\u0131 T\u00fcrkiye&#039;de gayrimenkul yat\u0131r\u0131m\u0131n\u0131 daha uygun hale getirerek yat\u0131r\u0131m\u0131n\u0131z\u0131n de\u011ferini en \u00fcst d\u00fczeye \u00e7\u0131karman\u0131z\u0131 sa\u011flar.<\/li><li><strong>Sat\u0131\u015f Potansiyeli:<\/strong> Artan pop\u00fclaritesi ve talebiyle Alanya&#039;daki gayrimenkullerin gelecekte g\u00fc\u00e7l\u00fc bir yeniden sat\u0131\u015f de\u011ferine sahip olmas\u0131 ve yat\u0131r\u0131mc\u0131lar i\u00e7in karl\u0131 bir \u00e7\u0131k\u0131\u015f stratejisi sunmas\u0131 bekleniyor.<\/li><\/ul><h3>Alanya&#039;da Emlak Sat\u0131n Almak \u0130\u00e7in En \u0130yi B\u00f6lgeler<\/h3><p>Alanya, her biri kendine \u00f6zg\u00fc cazibesi ve \u00e7ekicili\u011fi olan \u00e7e\u015fitli mahalleler sunar. \u0130ster hareketli bir \u015fehir atmosferi, ister huzurlu bir sahil dinlenme yeri ar\u0131yor olun, Alanya&#039;da herkese uygun bir mahalle vard\u0131r. \u0130\u015fte ev ararken g\u00f6z \u00f6n\u00fcnde bulundurman\u0131z gereken en iyi alanlardan baz\u0131lar\u0131 <strong>Alanya&#039;da m\u00fclk sat\u0131n al<\/strong>:<\/p><ul><li><strong>Kleopatra Plaj\u0131:<\/strong> Alt\u0131n rengi kumu ve turkuaz sular\u0131yla \u00fcnl\u00fc Kleopatra Plaj\u0131, Alanya&#039;n\u0131n en \u00e7ok tercih edilen b\u00f6lgelerinden biridir. Buradaki m\u00fclkler, plaja yak\u0131n ya\u015famak ve canl\u0131 \u015fehir hayat\u0131n\u0131n tad\u0131n\u0131 \u00e7\u0131karmak isteyenler i\u00e7in m\u00fckemmeldir.<\/li><li><strong>Mahmutlar:<\/strong> Gurbet\u00e7ilerin g\u00f6zdesi olan Mahmutlar, modern dairelerden l\u00fcks villalara kadar \u00e7ok \u00e7e\u015fitli uygun fiyatl\u0131 m\u00fclkler sunmaktad\u0131r. B\u00f6lge, \u00e7ok say\u0131da ma\u011faza, restoran ve e\u011flence se\u00e7ene\u011fiyle canl\u0131 bir atmosfere sahiptir.<\/li><li><strong>Oba:<\/strong> Huzurlu, aile dostu ortam\u0131yla bilinen Oba, modern evler ve geleneksel T\u00fcrk evlerinin bir kar\u0131\u015f\u0131m\u0131n\u0131 sunmaktad\u0131r. \u015eehir merkezine kolay eri\u015fim sa\u011flayan daha sessiz bir mahalle arayan aileler i\u00e7in ideal bir konumdur.<\/li><li><strong>Karg\u0131cak:<\/strong> L\u00fcks ve mahremiyet ar\u0131yorsan\u0131z, Karg\u0131cak Akdeniz ve Toros Da\u011flar\u0131&#039;n\u0131n panoramik manzaras\u0131na sahip \u00fcst d\u00fczey villalar sunmaktad\u0131r. Bu b\u00f6lge, sakin bir ortamda \u00fcst d\u00fczey bir ya\u015fam tarz\u0131 arayanlar i\u00e7in m\u00fckemmeldir.<\/li><\/ul><h2>Alanya&#039;da Emlak Nas\u0131l Sat\u0131n Al\u0131n\u0131r<\/h2><p>Sat\u0131n alma <strong>Alanya&#039;da gayrimenkul<\/strong> \u00f6zellikle Aslan Invest gibi deneyimli bir emlak\u00e7\u0131n\u0131n yard\u0131m\u0131yla basit bir i\u015flemdir. \u0130\u015fte sat\u0131n alma s\u00fcrecinde size yard\u0131mc\u0131 olacak ad\u0131m ad\u0131m bir k\u0131lavuz:<\/p><ul><li><strong>Piyasay\u0131 Ara\u015ft\u0131r\u0131n:<\/strong> Ya\u015fam tarz\u0131n\u0131za ve yat\u0131r\u0131m hedeflerinize en uygun m\u00fclk\u00fc bulmak i\u00e7in \u00f6ncelikle Alanya&#039;daki farkl\u0131 mahalleleri ve m\u00fclk tiplerini ara\u015ft\u0131r\u0131n.<\/li><li><strong>G\u00fcvenilir Bir Emlak\u00e7\u0131yla \u00c7al\u0131\u015f\u0131n:<\/strong> Bilgili bir emlak\u00e7\u0131 en iyisini bulman\u0131za yard\u0131mc\u0131 olabilir <strong>Alanya T\u00fcrkiye&#039;de sat\u0131l\u0131k m\u00fclkler<\/strong> ve sat\u0131n alma i\u015fleminin yasal ve finansal y\u00f6nleri konusunda size rehberlik edece\u011fiz.<\/li><li><strong>Hukuki Yard\u0131m:<\/strong> Aslan Invest olarak, t\u00fcm evrak i\u015flerinin d\u00fczenli olmas\u0131n\u0131 ve i\u015flemin sorunsuz bir \u015fekilde ger\u00e7ekle\u015fmesini sa\u011flamak i\u00e7in tam hukuki destek sa\u011fl\u0131yoruz.<\/li><li><strong>Finansman Se\u00e7enekleri:<\/strong> Finansmana ihtiyac\u0131n\u0131z varsa, yabanc\u0131 al\u0131c\u0131lara sunulan ipotek se\u00e7eneklerini ke\u015ffetmenize yard\u0131mc\u0131 olarak hayalinizdeki eve yat\u0131r\u0131m yapman\u0131z\u0131 kolayla\u015ft\u0131rabiliriz.<\/li><\/ul><h3>Neden Aslan Invest&#039;i Se\u00e7melisiniz?<\/h3><p>Aslan Invest&#039;te, uluslararas\u0131 al\u0131c\u0131lar\u0131n ideal yat\u0131r\u0131mlar\u0131n\u0131 bulmalar\u0131na yard\u0131mc\u0131 olma konusunda uzmanla\u015f\u0131yoruz <strong>Alanya&#039;da m\u00fclk<\/strong>Yerel emlak piyasas\u0131nda y\u0131llar\u0131n deneyimiyle, m\u00fclk aray\u0131\u015f\u0131n\u0131z\u0131n ba\u015far\u0131l\u0131 olmas\u0131n\u0131 sa\u011flamak i\u00e7in ki\u015fiselle\u015ftirilmi\u015f hizmet ve uzman tavsiyesi sunuyoruz. \u0130ster sahil kenar\u0131nda bir villa, ister modern bir daire veya bir aile evi ar\u0131yor olun, her ad\u0131mda size rehberlik edece\u011fiz.<\/p><h2>Sonu\u00e7: Bug\u00fcn Alanya&#039;ya Yat\u0131r\u0131m\u0131n\u0131z\u0131 Yap\u0131n<\/h2><p>Akdeniz ya\u015fam\u0131n\u0131n faydalar\u0131ndan yararlanmaya haz\u0131rsan\u0131z, \u015fimdi tam zaman\u0131 <strong>Alanya&#039;da m\u00fclk sat\u0131n al<\/strong>Uygun fiyatlar\u0131, b\u00fcy\u00fcyen emlak piyasas\u0131 ve muhte\u015fem do\u011fal g\u00fczellikleriyle Alanya, ya\u015fam tarz\u0131 ve yat\u0131r\u0131m potansiyelinin m\u00fckemmel bir kar\u0131\u015f\u0131m\u0131n\u0131 sunuyor.<\/p><p>Geni\u015f yelpazedeki yat\u0131r\u0131m se\u00e7eneklerimizi ke\u015ffetmek i\u00e7in bug\u00fcn Aslan Invest ile ileti\u015fime ge\u00e7in <strong>Alanya&#039;da sat\u0131l\u0131k m\u00fclkler<\/strong> ve T\u00fcrkiye&#039;de bir cennet par\u00e7as\u0131na sahip olma yolculu\u011funuza ba\u015flay\u0131n.<\/p><p><a href=\"https:\/\/aslan-invest.com\/tr\/contact\/\"><strong>G\u00fcvenebilece\u011finiz Bir \u0130sim<\/strong><\/a><br \/>Amac\u0131m\u0131z sadece bir m\u00fclk bulman\u0131za yard\u0131mc\u0131 olmak de\u011fil; uzun vadeli kazan\u00e7lar sa\u011flayacak yat\u0131r\u0131mlar yapman\u0131za yard\u0131mc\u0131 olmakt\u0131r. Aslan Invest&#039;te, g\u00fc\u00e7l\u00fc m\u00fc\u015fteri ili\u015fkileri ve do\u011fru bilgiler arac\u0131l\u0131\u011f\u0131yla size en iyi hizmeti sunmaya adad\u0131k kendimizi. \u0130ster ya\u015famak i\u00e7in yeni bir yer ar\u0131yor olun, ister yat\u0131r\u0131m f\u0131rsatlar\u0131n\u0131 ara\u015ft\u0131r\u0131yor olun, Aslan Invest her zaman yan\u0131n\u0131zda!<\/p><p><a href=\"https:\/\/www.instagram.com\/aslaninvestrealestate\/\"><strong>Gelece\u011fe Bizimle Yat\u0131r\u0131m Yap\u0131n<\/strong><\/a><br \/>Gayrimenkul sekt\u00f6r\u00fcnde \u00f6nde kalmak istiyorsan\u0131z do\u011fru yerdesiniz. Aslan Invest&#039;te sadece bug\u00fcne odaklanm\u0131yoruz, ayn\u0131 zamanda yar\u0131n i\u00e7in uzun vadeli ba\u015far\u0131 in\u015fa etmeye odaklan\u0131yoruz. \u00dcstlendi\u011fimiz her proje gelece\u011fi d\u00fc\u015f\u00fcnerek tasarlan\u0131yor. Gayrimenkul ihtiya\u00e7lar\u0131n\u0131z i\u00e7in g\u00fcvenilir ve profesyonel bir ortak ar\u0131yorsan\u0131z, Aslan Invest ile gelece\u011finize g\u00fcvenle yat\u0131r\u0131m yap\u0131n.<\/p>\t\t\t\t\t\t<\/div>\n\t\t\t\t<\/div>\n\t\t\t\t\t<\/div>\n\t\t\t\t<\/div>\n\t\t\t\t<\/div>","protected":false},"excerpt":{"rendered":"<p>Neden Alanya&#039;da Emlak Sat\u0131n Almal\u0131s\u0131n\u0131z: Akdeniz&#039;de Ak\u0131ll\u0131ca Bir Yat\u0131r\u0131m Alanya&#039;da Emlak Sat\u0131n Al\u0131n T\u00fcrkiye&#039;nin muhte\u015fem Akdeniz k\u0131y\u0131s\u0131nda yer alan Alanya, hem tatilciler hem de emlak yat\u0131r\u0131mc\u0131lar\u0131 i\u00e7in en iyi destinasyonlardan biri haline geldi. \u0130ster tatil evi, ister kal\u0131c\u0131 bir ikametgah, ister karl\u0131 bir yat\u0131r\u0131m ar\u0131yor olun, Alanya&#039;da emlak sat\u0131n almak harika bir [\u2026]<\/p>","protected":false},"author":1,"featured_media":27999,"parent":0,"menu_order":0,"comment_status":"closed","ping_status":"closed","template":"elementor_header_footer","meta":{"_monsterinsights_skip_tracking":false,"_monsterinsights_sitenote_active":false,"_monsterinsights_sitenote_note":"","_monsterinsights_sitenote_category":0,"footnotes":""},"class_list":["post-27888","page","type-page","status-publish","has-post-thumbnail","hentry"],"yoast_head":"<!-- This site is optimized with the Yoast SEO plugin v23.4 - https:\/\/yoast.com\/wordpress\/plugins\/seo\/ -->\n<title>Buy Property in Alanya - Aslan Invest<\/title>\n<meta name=\"description\" content=\"Explore the Alanya For Sale Property market with Aslan Invest. From luxury villas to modern apartments, find your dream home or investment today!\" \/>\n<meta name=\"robots\" content=\"index, follow, max-snippet:-1, max-image-preview:large, max-video-preview:-1\" \/>\n<link rel=\"canonical\" href=\"https:\/\/aslan-invest.com\/tr\/buypropertyinalanya\/\" \/>\n<meta property=\"og:locale\" content=\"tr_TR\" \/>\n<meta property=\"og:type\" content=\"article\" \/>\n<meta property=\"og:title\" content=\"Buy Property in Alanya - Aslan Invest\" \/>\n<meta property=\"og:description\" content=\"Explore the Alanya For Sale Property market with Aslan Invest. From luxury villas to modern apartments, find your dream home or investment today!\" \/>\n<meta property=\"og:url\" content=\"https:\/\/aslan-invest.com\/tr\/buypropertyinalanya\/\" \/>\n<meta property=\"og:site_name\" content=\"Aslan Invest Real Estate\" \/>\n<meta property=\"article:modified_time\" content=\"2024-12-10T17:45:57+00:00\" \/>\n<meta property=\"og:image\" content=\"https:\/\/aslan-invest.com\/wp-content\/uploads\/2024\/11\/2-12.png\" \/>\n\t<meta property=\"og:image:width\" content=\"1080\" \/>\n\t<meta property=\"og:image:height\" content=\"1080\" \/>\n\t<meta property=\"og:image:type\" content=\"image\/png\" \/>\n<meta name=\"twitter:card\" content=\"summary_large_image\" \/>\n<meta name=\"twitter:label1\" content=\"Tahmini okuma s\u00fcresi\" \/>\n\t<meta name=\"twitter:data1\" content=\"8 dakika\" \/>\n<script type=\"application\/ld+json\" class=\"yoast-schema-graph\">{\"@context\":\"https:\/\/schema.org\",\"@graph\":[{\"@type\":\"WebPage\",\"@id\":\"https:\/\/aslan-invest.com\/buypropertyinalanya\/\",\"url\":\"https:\/\/aslan-invest.com\/buypropertyinalanya\/\",\"name\":\"Buy Property in Alanya - Aslan Invest\",\"isPartOf\":{\"@id\":\"https:\/\/aslan-invest.com\/#website\"},\"primaryImageOfPage\":{\"@id\":\"https:\/\/aslan-invest.com\/buypropertyinalanya\/#primaryimage\"},\"image\":{\"@id\":\"https:\/\/aslan-invest.com\/buypropertyinalanya\/#primaryimage\"},\"thumbnailUrl\":\"https:\/\/aslan-invest.com\/wp-content\/uploads\/2024\/11\/2-12.png\",\"datePublished\":\"2024-11-22T18:25:15+00:00\",\"dateModified\":\"2024-12-10T17:45:57+00:00\",\"description\":\"Explore the Alanya For Sale Property market with Aslan Invest. From luxury villas to modern apartments, find your dream home or investment today!\",\"breadcrumb\":{\"@id\":\"https:\/\/aslan-invest.com\/buypropertyinalanya\/#breadcrumb\"},\"inLanguage\":\"tr\",\"potentialAction\":[{\"@type\":\"ReadAction\",\"target\":[\"https:\/\/aslan-invest.com\/buypropertyinalanya\/\"]}]},{\"@type\":\"ImageObject\",\"inLanguage\":\"tr\",\"@id\":\"https:\/\/aslan-invest.com\/buypropertyinalanya\/#primaryimage\",\"url\":\"https:\/\/aslan-invest.com\/wp-content\/uploads\/2024\/11\/2-12.png\",\"contentUrl\":\"https:\/\/aslan-invest.com\/wp-content\/uploads\/2024\/11\/2-12.png\",\"width\":1080,\"height\":1080,\"caption\":\"Alanya Real Estate\"},{\"@type\":\"BreadcrumbList\",\"@id\":\"https:\/\/aslan-invest.com\/buypropertyinalanya\/#breadcrumb\",\"itemListElement\":[{\"@type\":\"ListItem\",\"position\":1,\"name\":\"Anasayfa\",\"item\":\"https:\/\/aslan-invest.com\/\"},{\"@type\":\"ListItem\",\"position\":2,\"name\":\"Buy Property in Alanya\"}]},{\"@type\":\"WebSite\",\"@id\":\"https:\/\/aslan-invest.com\/#website\",\"url\":\"https:\/\/aslan-invest.com\/\",\"name\":\"Aslan Invest Real Estate\",\"description\":\"Alanya Real Estate | Investment\",\"publisher\":{\"@id\":\"https:\/\/aslan-invest.com\/#organization\"},\"potentialAction\":[{\"@type\":\"SearchAction\",\"target\":{\"@type\":\"EntryPoint\",\"urlTemplate\":\"https:\/\/aslan-invest.com\/?s={search_term_string}\"},\"query-input\":{\"@type\":\"PropertyValueSpecification\",\"valueRequired\":true,\"valueName\":\"search_term_string\"}}],\"inLanguage\":\"tr\"},{\"@type\":\"Organization\",\"@id\":\"https:\/\/aslan-invest.com\/#organization\",\"name\":\"Aslan Invest Real Estate\",\"url\":\"https:\/\/aslan-invest.com\/\",\"logo\":{\"@type\":\"ImageObject\",\"inLanguage\":\"tr\",\"@id\":\"https:\/\/aslan-invest.com\/#\/schema\/logo\/image\/\",\"url\":\"https:\/\/aslan-invest.com\/wp-content\/uploads\/2026\/01\/aslan-invest-LOGO-1-1-scaled-e1769624144110.png\",\"contentUrl\":\"https:\/\/aslan-invest.com\/wp-content\/uploads\/2026\/01\/aslan-invest-LOGO-1-1-scaled-e1769624144110.png\",\"width\":2517,\"height\":1479,\"caption\":\"Aslan Invest Real Estate\"},\"image\":{\"@id\":\"https:\/\/aslan-invest.com\/#\/schema\/logo\/image\/\"},\"sameAs\":[\"https:\/\/www.instagram.com\/.aslaninvest.realestate\"]}]}<\/script>\n<!-- \/ Yoast SEO plugin. -->","yoast_head_json":{"title":"Buy Property in Alanya - Aslan Invest","description":"Explore the Alanya For Sale Property market with Aslan Invest. From luxury villas to modern apartments, find your dream home or investment today!","robots":{"index":"index","follow":"follow","max-snippet":"max-snippet:-1","max-image-preview":"max-image-preview:large","max-video-preview":"max-video-preview:-1"},"canonical":"https:\/\/aslan-invest.com\/tr\/buypropertyinalanya\/","og_locale":"tr_TR","og_type":"article","og_title":"Buy Property in Alanya - Aslan Invest","og_description":"Explore the Alanya For Sale Property market with Aslan Invest. From luxury villas to modern apartments, find your dream home or investment today!","og_url":"https:\/\/aslan-invest.com\/tr\/buypropertyinalanya\/","og_site_name":"Aslan Invest Real Estate","article_modified_time":"2024-12-10T17:45:57+00:00","og_image":[{"width":1080,"height":1080,"url":"https:\/\/aslan-invest.com\/wp-content\/uploads\/2024\/11\/2-12.png","type":"image\/png"}],"twitter_card":"summary_large_image","twitter_misc":{"Tahmini okuma s\u00fcresi":"8 dakika"},"schema":{"@context":"https:\/\/schema.org","@graph":[{"@type":"WebPage","@id":"https:\/\/aslan-invest.com\/buypropertyinalanya\/","url":"https:\/\/aslan-invest.com\/buypropertyinalanya\/","name":"Buy Property in Alanya - Aslan Invest","isPartOf":{"@id":"https:\/\/aslan-invest.com\/#website"},"primaryImageOfPage":{"@id":"https:\/\/aslan-invest.com\/buypropertyinalanya\/#primaryimage"},"image":{"@id":"https:\/\/aslan-invest.com\/buypropertyinalanya\/#primaryimage"},"thumbnailUrl":"https:\/\/aslan-invest.com\/wp-content\/uploads\/2024\/11\/2-12.png","datePublished":"2024-11-22T18:25:15+00:00","dateModified":"2024-12-10T17:45:57+00:00","description":"Explore the Alanya For Sale Property market with Aslan Invest. From luxury villas to modern apartments, find your dream home or investment today!","breadcrumb":{"@id":"https:\/\/aslan-invest.com\/buypropertyinalanya\/#breadcrumb"},"inLanguage":"tr","potentialAction":[{"@type":"ReadAction","target":["https:\/\/aslan-invest.com\/buypropertyinalanya\/"]}]},{"@type":"ImageObject","inLanguage":"tr","@id":"https:\/\/aslan-invest.com\/buypropertyinalanya\/#primaryimage","url":"https:\/\/aslan-invest.com\/wp-content\/uploads\/2024\/11\/2-12.png","contentUrl":"https:\/\/aslan-invest.com\/wp-content\/uploads\/2024\/11\/2-12.png","width":1080,"height":1080,"caption":"Alanya Real Estate"},{"@type":"BreadcrumbList","@id":"https:\/\/aslan-invest.com\/buypropertyinalanya\/#breadcrumb","itemListElement":[{"@type":"ListItem","position":1,"name":"Anasayfa","item":"https:\/\/aslan-invest.com\/"},{"@type":"ListItem","position":2,"name":"Buy Property in Alanya"}]},{"@type":"WebSite","@id":"https:\/\/aslan-invest.com\/#website","url":"https:\/\/aslan-invest.com\/","name":"Aslan Invest Real Estate","description":"Alanya Real Estate | Investment","publisher":{"@id":"https:\/\/aslan-invest.com\/#organization"},"potentialAction":[{"@type":"SearchAction","target":{"@type":"EntryPoint","urlTemplate":"https:\/\/aslan-invest.com\/?s={search_term_string}"},"query-input":{"@type":"PropertyValueSpecification","valueRequired":true,"valueName":"search_term_string"}}],"inLanguage":"tr"},{"@type":"Organization","@id":"https:\/\/aslan-invest.com\/#organization","name":"Aslan Invest Real Estate","url":"https:\/\/aslan-invest.com\/","logo":{"@type":"ImageObject","inLanguage":"tr","@id":"https:\/\/aslan-invest.com\/#\/schema\/logo\/image\/","url":"https:\/\/aslan-invest.com\/wp-content\/uploads\/2026\/01\/aslan-invest-LOGO-1-1-scaled-e1769624144110.png","contentUrl":"https:\/\/aslan-invest.com\/wp-content\/uploads\/2026\/01\/aslan-invest-LOGO-1-1-scaled-e1769624144110.png","width":2517,"height":1479,"caption":"Aslan Invest Real Estate"},"image":{"@id":"https:\/\/aslan-invest.com\/#\/schema\/logo\/image\/"},"sameAs":["https:\/\/www.instagram.com\/.aslaninvest.realestate"]}]}},"_links":{"self":[{"href":"https:\/\/aslan-invest.com\/tr\/wp-json\/wp\/v2\/pages\/27888","targetHints":{"allow":["GET"]}}],"collection":[{"href":"https:\/\/aslan-invest.com\/tr\/wp-json\/wp\/v2\/pages"}],"about":[{"href":"https:\/\/aslan-invest.com\/tr\/wp-json\/wp\/v2\/types\/page"}],"author":[{"embeddable":true,"href":"https:\/\/aslan-invest.com\/tr\/wp-json\/wp\/v2\/users\/1"}],"replies":[{"embeddable":true,"href":"https:\/\/aslan-invest.com\/tr\/wp-json\/wp\/v2\/comments?post=27888"}],"version-history":[{"count":7,"href":"https:\/\/aslan-invest.com\/tr\/wp-json\/wp\/v2\/pages\/27888\/revisions"}],"predecessor-version":[{"id":28002,"href":"https:\/\/aslan-invest.com\/tr\/wp-json\/wp\/v2\/pages\/27888\/revisions\/28002"}],"wp:featuredmedia":[{"embeddable":true,"href":"https:\/\/aslan-invest.com\/tr\/wp-json\/wp\/v2\/media\/27999"}],"wp:attachment":[{"href":"https:\/\/aslan-invest.com\/tr\/wp-json\/wp\/v2\/media?parent=27888"}],"curies":[{"name":"wp","href":"https:\/\/api.w.org\/{rel}","templated":true}]}}