{"id":17112,"date":"2020-03-02T19:35:06","date_gmt":"2020-03-02T19:35:06","guid":{"rendered":"https:\/\/demo04.houzez.co\/?page_id=17112"},"modified":"2020-03-02T19:35:06","modified_gmt":"2020-03-02T19:35:06","slug":"typography","status":"publish","type":"page","link":"https:\/\/aslan-invest.com\/tr\/typography\/","title":{"rendered":"Tipografi"},"content":{"rendered":"<p><strong>Se\u00e7kinleri bir araya getirin, zaman zaman emek harcay\u0131n ve \u00e7ok iyi \u015feyler yap\u0131n.<\/strong>&nbsp;Ut enim ad minim veniam, quis nostrud&nbsp;<a href=\"https:\/\/demo01.gethomey.io\/typography\/#\">metin ba\u011flant\u0131s\u0131<\/a>&nbsp;Egzersiz, her \u015feyden \u00f6nce, her t\u00fcrl\u00fc emekle sonu\u00e7lanacakt\u0131r. Duis aute irure dolor in reprehenderit in voluptate velit esse cillum dolore eu fugiat nulla pariatur. \u0130stisnai olarak, baz\u0131 durumlarda hayal k\u0131r\u0131kl\u0131\u011f\u0131 yaratan bir olay, resmi olarak \u0131ss\u0131z bir su\u00e7la kar\u015f\u0131 kar\u015f\u0131ya kald\u0131. Se\u00e7kinleri bir araya getirin, zaman zaman emek harcay\u0131n ve \u00e7ok iyi \u015feyler yap\u0131n.<\/p>\n\n\n\n<h1 class=\"wp-block-heading\">Ba\u015fl\u0131k H1<\/h1>\n\n\n\n<h2 class=\"wp-block-heading\">Ba\u015fl\u0131k H2<\/h2>\n\n\n\n<h3 class=\"wp-block-heading\">Ba\u015fl\u0131k H3<\/h3>\n\n\n\n<h4 class=\"wp-block-heading\">Ba\u015fl\u0131k H4<\/h4>\n\n\n\n<h5 class=\"wp-block-heading\">Ba\u015fl\u0131k H5<\/h5>\n\n\n\n<h6 class=\"wp-block-heading\">Ba\u015fl\u0131k H6<\/h6>\n\n\n\n<p>Pellentesque sakini morbi tristique senectus et netus et malesuada, turpis egestas ile \u00fcnl\u00fcd\u00fcr. Vestibulum tortor quam, feugiat vitae, ultricies eget, ge\u00e7ici sit amet, ante. Donec eu libero sit amet quam egestas semper. Aenean Ultricies mi vitae est. Mauris, eleifend leo&#039;nun yerini ald\u0131.<\/p>\n\n\n\n<h4 class=\"wp-block-heading\">S\u0131ralanmam\u0131\u015f listeler<\/h4>\n\n\n\n<ul class=\"wp-block-list\"><li>Lorem ipsum dolor sit amet, adipiscing elit&#039;i bir araya getiriyor.<\/li><li>Pellentesque sakini morbi tristique senectus et netus et malesuada, turpis egestas ile \u00fcnl\u00fcd\u00fcr.<ul><li>Vestibulum tortor quam, feugiat vitae, ultricies eget, ge\u00e7ici sit amet, ante.<\/li><li>Donec eu libero sit amet quam egestas semper.<\/li><li>Aenean Ultricies mi vitae est. Mauris, eleifend leo&#039;nun yerini ald\u0131.<\/li><\/ul><\/li><li>Aliquam tincidunt mauris eu risus.<\/li><li>Vestibulum auctor dapibus neque.<\/li><\/ul>\n\n\n\n<h4 class=\"wp-block-heading\">S\u0131ral\u0131 listeler<\/h4>\n\n\n\n<ol class=\"wp-block-list\"><li>Lorem ipsum dolor sit amet, adipiscing elit&#039;i bir araya getiriyor.<\/li><li>Pellentesque sakini morbi tristique senectus et netus et malesuada, turpis egestas ile \u00fcnl\u00fcd\u00fcr.<ul><li>Vestibulum tortor quam, feugiat vitae, ultricies eget, ge\u00e7ici sit amet, ante.<\/li><li>Donec eu libero sit amet quam egestas semper.<\/li><li>Aenean Ultricies mi vitae est. Mauris, eleifend leo&#039;nun yerini ald\u0131.<\/li><\/ul><\/li><li>Aliquam tincidunt mauris eu risus.<\/li><li>Vestibulum auctor dapibus neque.<\/li><\/ol>\n\n\n\n<p>Tan\u0131m listesiConsectetur adipisicing elit, sed do eiusmod tempor incididunt ut Labore et dolore magna aliqua. Enim ad minim veniam, quis nostrud exercitation ullamco Laboris nisi ut aliquip ex ea commodo consequat.<br>aliku. <\/p>\n\n\n\n<h4 class=\"wp-block-heading\">Resimli paragraf<\/h4>\n\n\n\n<div class=\"wp-block-image\"><figure class=\"alignleft size-large is-resized\"><img fetchpriority=\"high\" decoding=\"async\" src=\"https:\/\/demo04.houzez.co\/wp-content\/uploads\/2016\/03\/205-1024x683.jpg\" alt=\"\" class=\"wp-image-16175\" width=\"294\" height=\"195\" srcset=\"https:\/\/aslan-invest.com\/wp-content\/uploads\/2016\/03\/205-1024x683.jpg 1024w, https:\/\/aslan-invest.com\/wp-content\/uploads\/2016\/03\/205-300x200.jpg 300w, https:\/\/aslan-invest.com\/wp-content\/uploads\/2016\/03\/205-768x512.jpg 768w, https:\/\/aslan-invest.com\/wp-content\/uploads\/2016\/03\/205-900x600.jpg 900w, https:\/\/aslan-invest.com\/wp-content\/uploads\/2016\/03\/205-496x331.jpg 496w, https:\/\/aslan-invest.com\/wp-content\/uploads\/2016\/03\/205.jpg 1440w\" sizes=\"(max-width: 294px) 100vw, 294px\" \/><figcaption>Ba\u015fl\u0131k metni<\/figcaption><\/figure><\/div>\n\n\n\n<p>Lorem ipsum dolor sit amet, consectetur adipiscing elit. Donec non consectetur nulla, eu viverra diam. Etiam vitae est vel dolor porttitor Mattis bir eget enim. Mauris fermentum venenatis&#039;te eros sed. Aliquam fringilla, orci sed eleifend dapibus, turpis leo blandit libero, non sagittis neque sem non nisl. Praesent id premium u\u00e7. Interdum ve malesuada, faucibus&#039;ta ilk kez \u00f6ne \u00e7\u0131k\u0131yor. Nullam dolor felis, lobortis ac leo eu, suscipit interdum purus. \u00c7e\u015fitli auctor ligula, ut laoreet lectus egestas ut. Sed in nibh sed odio dapibus ultricies. Cras sit amet nunc sem. Tamsay\u0131 ornare, sapien posuere laoreet luctus, dolor odio faucibus ligula, sit amet pulvinar diam erat eget augue. Vivamus elementum eget lorem id aliquam. Maecenas vel nisl lorem. Etiam purus justo, commodo eget d\u00f6nem vitae, mattis euismod ex.<\/p>\n\n\n\n<p>Aliquam ligula felis, consectetur quis interdum et, posuere maximus nunc. Sed tristique mollis eski. L\u00fctfen bunu yap\u0131n. Hi\u00e7bir sonu\u00e7 \u00e7\u0131kmad\u0131. Potansiyeli ask\u0131ya al\u0131n. Nam eu mollis velit, maximus vestibulum est. Proin rutrum suscipit sem, volutpat imperdiet risus pulvinar vitae.<\/p>\n\n\n\n<div class=\"wp-block-image\"><figure class=\"alignright size-large is-resized\"><img decoding=\"async\" src=\"https:\/\/demo04.houzez.co\/wp-content\/uploads\/2016\/03\/205-1024x683.jpg\" alt=\"\" class=\"wp-image-16175\" width=\"306\" height=\"203\" srcset=\"https:\/\/aslan-invest.com\/wp-content\/uploads\/2016\/03\/205-1024x683.jpg 1024w, https:\/\/aslan-invest.com\/wp-content\/uploads\/2016\/03\/205-300x200.jpg 300w, https:\/\/aslan-invest.com\/wp-content\/uploads\/2016\/03\/205-768x512.jpg 768w, https:\/\/aslan-invest.com\/wp-content\/uploads\/2016\/03\/205-900x600.jpg 900w, https:\/\/aslan-invest.com\/wp-content\/uploads\/2016\/03\/205-496x331.jpg 496w, https:\/\/aslan-invest.com\/wp-content\/uploads\/2016\/03\/205.jpg 1440w\" sizes=\"(max-width: 306px) 100vw, 306px\" \/><figcaption>Ba\u015fl\u0131k metni<\/figcaption><\/figure><\/div>\n\n\n\n<p>Phasellus vehicula massa eros, eu cursus mauris faucibus quis. Pellentesque facilisis elit ut orci congue rutrum. Suspendisse laoreet urna tellus, in volutpat justo porta at. Cras mattis luctus egestas. Nam diam nisi, condimentum ve tortor in, dictum porttitor ipsum. Aliquam sit amet aliquam dui. Nam accumsan egestas ligula non ornare. Vivamus ex sem, lacinia ac lacus a, consectetur aliquet dui. Haks\u0131zl\u0131\u011fa u\u011framadan ya\u015fa. Nunc interdum aliquet diam vel ultrices. Aenean vel ex ara\u00e7 purus aliquet condimentum eget sed mauris. Curabitur ut dui porttitor, iaculis sem id, aliquam est. <\/p>\n\n\n\n<p>Duis arcu purus, sollicitudin et libero vitae, luctus bibendum ante. Daha \u00f6zg\u00fcr bir ortam sa\u011flamak i\u00e7in, hi\u00e7bir \u015fey yap\u0131lmad\u0131. Fusce at odio nec magna scelerisque elementum id et massa. <\/p>\n\n\n\n<div class=\"wp-block-image\"><figure class=\"aligncenter size-large\"><img decoding=\"async\" width=\"1024\" height=\"683\" src=\"https:\/\/demo04.houzez.co\/wp-content\/uploads\/2016\/03\/205-1024x683.jpg\" alt=\"\" class=\"wp-image-16175\" srcset=\"https:\/\/aslan-invest.com\/wp-content\/uploads\/2016\/03\/205-1024x683.jpg 1024w, https:\/\/aslan-invest.com\/wp-content\/uploads\/2016\/03\/205-300x200.jpg 300w, https:\/\/aslan-invest.com\/wp-content\/uploads\/2016\/03\/205-768x512.jpg 768w, https:\/\/aslan-invest.com\/wp-content\/uploads\/2016\/03\/205-900x600.jpg 900w, https:\/\/aslan-invest.com\/wp-content\/uploads\/2016\/03\/205-496x331.jpg 496w, https:\/\/aslan-invest.com\/wp-content\/uploads\/2016\/03\/205.jpg 1440w\" sizes=\"(max-width: 1024px) 100vw, 1024px\" \/><figcaption>Ba\u015fl\u0131k metni<\/figcaption><\/figure><\/div>\n\n\n\n<p>Donec lacinia eski bibendum auctor&#039;da. Umar\u0131m bu benim can\u0131m\u0131 s\u0131kar. Vestibulum egestas elementum mi, et posuere nibh iaculis sed. Duis ac dapibus metus, sed vulputate purus tesque at tortor nunc. Donec vel est velit<\/p>","protected":false},"excerpt":{"rendered":"<p>Se\u00e7kinleri bir araya getirin, zaman zaman emek harcay\u0131n ve \u00e7ok iyi \u015feyler yap\u0131n. En az miktarda olsa bile, metin ba\u011flant\u0131s\u0131 \u00e7al\u0131\u015fmas\u0131 i\u00e7in \u00e7ok fazla \u00e7aba sarfedilmeli ve sonu\u00e7ta her \u015fey yolunda gitmeli. Duis aute irure dolor in reprehenderit in voluptate velit esse cillum dolore eu fugiat nulla pariatur. Excepteur sint occaecat cupidatat non proident, sunt in culpa [\u2026]<\/p>","protected":false},"author":1,"featured_media":0,"parent":0,"menu_order":0,"comment_status":"closed","ping_status":"closed","template":"","meta":{"_monsterinsights_skip_tracking":false,"_monsterinsights_sitenote_active":false,"_monsterinsights_sitenote_note":"","_monsterinsights_sitenote_category":0,"footnotes":""},"class_list":["post-17112","page","type-page","status-publish","hentry"],"yoast_head":"<!-- This site is optimized with the Yoast SEO plugin v23.4 - https:\/\/yoast.com\/wordpress\/plugins\/seo\/ -->\n<title>Typography - Aslan Invest Real Estate<\/title>\n<meta name=\"robots\" content=\"index, follow, max-snippet:-1, max-image-preview:large, max-video-preview:-1\" \/>\n<link rel=\"canonical\" href=\"https:\/\/aslan-invest.com\/tr\/typography\/\" \/>\n<meta property=\"og:locale\" content=\"tr_TR\" \/>\n<meta property=\"og:type\" content=\"article\" \/>\n<meta property=\"og:title\" content=\"Typography - Aslan Invest Real Estate\" \/>\n<meta property=\"og:description\" content=\"Consectetur adipisicing elit, sed do eiusmod tempor incididunt ut labore et dolore magna aliqua.&nbsp;Ut enim ad minim veniam, quis nostrud&nbsp;text link&nbsp;exercitation ullamco laboris nisi ut aliquip ex ea commodo consequat. Duis aute irure dolor in reprehenderit in voluptate velit esse cillum dolore eu fugiat nulla pariatur. Excepteur sint occaecat cupidatat non proident, sunt in culpa [&hellip;]\" \/>\n<meta property=\"og:url\" content=\"https:\/\/aslan-invest.com\/tr\/typography\/\" \/>\n<meta property=\"og:site_name\" content=\"Aslan Invest Real Estate\" \/>\n<meta property=\"og:image\" content=\"https:\/\/demo04.houzez.co\/wp-content\/uploads\/2016\/03\/205-1024x683.jpg\" \/>\n<meta name=\"twitter:card\" content=\"summary_large_image\" \/>\n<meta name=\"twitter:label1\" content=\"Tahmini okuma s\u00fcresi\" \/>\n\t<meta name=\"twitter:data1\" content=\"3 dakika\" \/>\n<script type=\"application\/ld+json\" class=\"yoast-schema-graph\">{\"@context\":\"https:\/\/schema.org\",\"@graph\":[{\"@type\":\"WebPage\",\"@id\":\"https:\/\/aslan-invest.com\/typography\/\",\"url\":\"https:\/\/aslan-invest.com\/typography\/\",\"name\":\"Typography - Aslan Invest Real Estate\",\"isPartOf\":{\"@id\":\"https:\/\/aslan-invest.com\/#website\"},\"primaryImageOfPage\":{\"@id\":\"https:\/\/aslan-invest.com\/typography\/#primaryimage\"},\"image\":{\"@id\":\"https:\/\/aslan-invest.com\/typography\/#primaryimage\"},\"thumbnailUrl\":\"https:\/\/demo04.houzez.co\/wp-content\/uploads\/2016\/03\/205-1024x683.jpg\",\"datePublished\":\"2020-03-02T19:35:06+00:00\",\"dateModified\":\"2020-03-02T19:35:06+00:00\",\"breadcrumb\":{\"@id\":\"https:\/\/aslan-invest.com\/typography\/#breadcrumb\"},\"inLanguage\":\"tr\",\"potentialAction\":[{\"@type\":\"ReadAction\",\"target\":[\"https:\/\/aslan-invest.com\/typography\/\"]}]},{\"@type\":\"ImageObject\",\"inLanguage\":\"tr\",\"@id\":\"https:\/\/aslan-invest.com\/typography\/#primaryimage\",\"url\":\"https:\/\/demo04.houzez.co\/wp-content\/uploads\/2016\/03\/205-1024x683.jpg\",\"contentUrl\":\"https:\/\/demo04.houzez.co\/wp-content\/uploads\/2016\/03\/205-1024x683.jpg\"},{\"@type\":\"BreadcrumbList\",\"@id\":\"https:\/\/aslan-invest.com\/typography\/#breadcrumb\",\"itemListElement\":[{\"@type\":\"ListItem\",\"position\":1,\"name\":\"Anasayfa\",\"item\":\"https:\/\/aslan-invest.com\/\"},{\"@type\":\"ListItem\",\"position\":2,\"name\":\"Typography\"}]},{\"@type\":\"WebSite\",\"@id\":\"https:\/\/aslan-invest.com\/#website\",\"url\":\"https:\/\/aslan-invest.com\/\",\"name\":\"Aslan Invest Real Estate\",\"description\":\"Alanya Real Estate | Investment\",\"publisher\":{\"@id\":\"https:\/\/aslan-invest.com\/#organization\"},\"potentialAction\":[{\"@type\":\"SearchAction\",\"target\":{\"@type\":\"EntryPoint\",\"urlTemplate\":\"https:\/\/aslan-invest.com\/?s={search_term_string}\"},\"query-input\":{\"@type\":\"PropertyValueSpecification\",\"valueRequired\":true,\"valueName\":\"search_term_string\"}}],\"inLanguage\":\"tr\"},{\"@type\":\"Organization\",\"@id\":\"https:\/\/aslan-invest.com\/#organization\",\"name\":\"Aslan Invest Real Estate\",\"url\":\"https:\/\/aslan-invest.com\/\",\"logo\":{\"@type\":\"ImageObject\",\"inLanguage\":\"tr\",\"@id\":\"https:\/\/aslan-invest.com\/#\/schema\/logo\/image\/\",\"url\":\"https:\/\/aslan-invest.com\/wp-content\/uploads\/2026\/01\/aslan-invest-LOGO-1-1-scaled-e1769624144110.png\",\"contentUrl\":\"https:\/\/aslan-invest.com\/wp-content\/uploads\/2026\/01\/aslan-invest-LOGO-1-1-scaled-e1769624144110.png\",\"width\":2517,\"height\":1479,\"caption\":\"Aslan Invest Real Estate\"},\"image\":{\"@id\":\"https:\/\/aslan-invest.com\/#\/schema\/logo\/image\/\"},\"sameAs\":[\"https:\/\/www.instagram.com\/.aslaninvest.realestate\"]}]}<\/script>\n<!-- \/ Yoast SEO plugin. -->","yoast_head_json":{"title":"Typography - Aslan Invest Real Estate","robots":{"index":"index","follow":"follow","max-snippet":"max-snippet:-1","max-image-preview":"max-image-preview:large","max-video-preview":"max-video-preview:-1"},"canonical":"https:\/\/aslan-invest.com\/tr\/typography\/","og_locale":"tr_TR","og_type":"article","og_title":"Typography - Aslan Invest Real Estate","og_description":"Consectetur adipisicing elit, sed do eiusmod tempor incididunt ut labore et dolore magna aliqua.&nbsp;Ut enim ad minim veniam, quis nostrud&nbsp;text link&nbsp;exercitation ullamco laboris nisi ut aliquip ex ea commodo consequat. Duis aute irure dolor in reprehenderit in voluptate velit esse cillum dolore eu fugiat nulla pariatur. Excepteur sint occaecat cupidatat non proident, sunt in culpa [&hellip;]","og_url":"https:\/\/aslan-invest.com\/tr\/typography\/","og_site_name":"Aslan Invest Real Estate","og_image":[{"url":"https:\/\/demo04.houzez.co\/wp-content\/uploads\/2016\/03\/205-1024x683.jpg"}],"twitter_card":"summary_large_image","twitter_misc":{"Tahmini okuma s\u00fcresi":"3 dakika"},"schema":{"@context":"https:\/\/schema.org","@graph":[{"@type":"WebPage","@id":"https:\/\/aslan-invest.com\/typography\/","url":"https:\/\/aslan-invest.com\/typography\/","name":"Typography - Aslan Invest Real Estate","isPartOf":{"@id":"https:\/\/aslan-invest.com\/#website"},"primaryImageOfPage":{"@id":"https:\/\/aslan-invest.com\/typography\/#primaryimage"},"image":{"@id":"https:\/\/aslan-invest.com\/typography\/#primaryimage"},"thumbnailUrl":"https:\/\/demo04.houzez.co\/wp-content\/uploads\/2016\/03\/205-1024x683.jpg","datePublished":"2020-03-02T19:35:06+00:00","dateModified":"2020-03-02T19:35:06+00:00","breadcrumb":{"@id":"https:\/\/aslan-invest.com\/typography\/#breadcrumb"},"inLanguage":"tr","potentialAction":[{"@type":"ReadAction","target":["https:\/\/aslan-invest.com\/typography\/"]}]},{"@type":"ImageObject","inLanguage":"tr","@id":"https:\/\/aslan-invest.com\/typography\/#primaryimage","url":"https:\/\/demo04.houzez.co\/wp-content\/uploads\/2016\/03\/205-1024x683.jpg","contentUrl":"https:\/\/demo04.houzez.co\/wp-content\/uploads\/2016\/03\/205-1024x683.jpg"},{"@type":"BreadcrumbList","@id":"https:\/\/aslan-invest.com\/typography\/#breadcrumb","itemListElement":[{"@type":"ListItem","position":1,"name":"Anasayfa","item":"https:\/\/aslan-invest.com\/"},{"@type":"ListItem","position":2,"name":"Typography"}]},{"@type":"WebSite","@id":"https:\/\/aslan-invest.com\/#website","url":"https:\/\/aslan-invest.com\/","name":"Aslan Invest Real Estate","description":"Alanya Real Estate | Investment","publisher":{"@id":"https:\/\/aslan-invest.com\/#organization"},"potentialAction":[{"@type":"SearchAction","target":{"@type":"EntryPoint","urlTemplate":"https:\/\/aslan-invest.com\/?s={search_term_string}"},"query-input":{"@type":"PropertyValueSpecification","valueRequired":true,"valueName":"search_term_string"}}],"inLanguage":"tr"},{"@type":"Organization","@id":"https:\/\/aslan-invest.com\/#organization","name":"Aslan Invest Real Estate","url":"https:\/\/aslan-invest.com\/","logo":{"@type":"ImageObject","inLanguage":"tr","@id":"https:\/\/aslan-invest.com\/#\/schema\/logo\/image\/","url":"https:\/\/aslan-invest.com\/wp-content\/uploads\/2026\/01\/aslan-invest-LOGO-1-1-scaled-e1769624144110.png","contentUrl":"https:\/\/aslan-invest.com\/wp-content\/uploads\/2026\/01\/aslan-invest-LOGO-1-1-scaled-e1769624144110.png","width":2517,"height":1479,"caption":"Aslan Invest Real Estate"},"image":{"@id":"https:\/\/aslan-invest.com\/#\/schema\/logo\/image\/"},"sameAs":["https:\/\/www.instagram.com\/.aslaninvest.realestate"]}]}},"_links":{"self":[{"href":"https:\/\/aslan-invest.com\/tr\/wp-json\/wp\/v2\/pages\/17112","targetHints":{"allow":["GET"]}}],"collection":[{"href":"https:\/\/aslan-invest.com\/tr\/wp-json\/wp\/v2\/pages"}],"about":[{"href":"https:\/\/aslan-invest.com\/tr\/wp-json\/wp\/v2\/types\/page"}],"author":[{"embeddable":true,"href":"https:\/\/aslan-invest.com\/tr\/wp-json\/wp\/v2\/users\/1"}],"replies":[{"embeddable":true,"href":"https:\/\/aslan-invest.com\/tr\/wp-json\/wp\/v2\/comments?post=17112"}],"version-history":[{"count":0,"href":"https:\/\/aslan-invest.com\/tr\/wp-json\/wp\/v2\/pages\/17112\/revisions"}],"wp:attachment":[{"href":"https:\/\/aslan-invest.com\/tr\/wp-json\/wp\/v2\/media?parent=17112"}],"curies":[{"name":"wp","href":"https:\/\/api.w.org\/{rel}","templated":true}]}}