{"id":16650,"date":"2020-02-24T22:15:15","date_gmt":"2020-02-24T22:15:15","guid":{"rendered":"https:\/\/demo04.houzez.co\/?page_id=16650"},"modified":"2026-02-09T13:26:50","modified_gmt":"2026-02-09T10:26:50","slug":"about","status":"publish","type":"page","link":"https:\/\/aslan-invest.com\/tr\/about\/","title":{"rendered":"Hakk\u0131nda"},"content":{"rendered":"<div data-elementor-type=\"wp-page\" data-elementor-id=\"16650\" class=\"elementor elementor-16650\" data-elementor-post-type=\"page\">\n\t\t\t\t\t\t<section class=\"elementor-section elementor-top-section elementor-element elementor-element-5b81e21 elementor-section-height-min-height animated-slow elementor-section-boxed elementor-section-height-default elementor-section-items-middle elementor-invisible\" data-id=\"5b81e21\" data-element_type=\"section\" data-settings=\"{&quot;background_background&quot;:&quot;classic&quot;,&quot;animation&quot;:&quot;fadeIn&quot;}\">\n\t\t\t\t\t\t\t<div class=\"elementor-background-overlay\"><\/div>\n\t\t\t\t\t\t\t<div class=\"elementor-container elementor-column-gap-default\">\n\t\t\t\t\t<div class=\"elementor-column elementor-col-100 elementor-top-column elementor-element elementor-element-ad367f8\" data-id=\"ad367f8\" data-element_type=\"column\">\n\t\t\t<div class=\"elementor-widget-wrap elementor-element-populated\">\n\t\t\t\t\t\t<div class=\"elementor-element elementor-element-0e7939f elementor-widget elementor-widget-heading\" data-id=\"0e7939f\" data-element_type=\"widget\" data-widget_type=\"heading.default\">\n\t\t\t\t<div class=\"elementor-widget-container\">\n\t\t\t<style>\/*! elementor - v3.23.0 - 05-08-2024 *\/\n.elementor-heading-title{padding:0;margin:0;line-height:1}.elementor-widget-heading .elementor-heading-title[class*=elementor-size-]>a{color:inherit;font-size:inherit;line-height:inherit}.elementor-widget-heading .elementor-heading-title.elementor-size-small{font-size:15px}.elementor-widget-heading .elementor-heading-title.elementor-size-medium{font-size:19px}.elementor-widget-heading .elementor-heading-title.elementor-size-large{font-size:29px}.elementor-widget-heading .elementor-heading-title.elementor-size-xl{font-size:39px}.elementor-widget-heading .elementor-heading-title.elementor-size-xxl{font-size:59px}<\/style><h1 class=\"elementor-heading-title elementor-size-default\">Hakk\u0131m\u0131zda<\/h1>\t\t<\/div>\n\t\t\t\t<\/div>\n\t\t\t\t\t<\/div>\n\t\t<\/div>\n\t\t\t\t\t<\/div>\n\t\t<\/section>\n\t\t\t\t<section class=\"elementor-section elementor-top-section elementor-element elementor-element-09038dc elementor-section-boxed elementor-section-height-default elementor-section-height-default\" data-id=\"09038dc\" data-element_type=\"section\" data-settings=\"{&quot;background_background&quot;:&quot;classic&quot;}\">\n\t\t\t\t\t\t<div class=\"elementor-container elementor-column-gap-default\">\n\t\t\t\t\t<div class=\"elementor-column elementor-col-100 elementor-top-column elementor-element elementor-element-c8278ac\" data-id=\"c8278ac\" data-element_type=\"column\">\n\t\t\t<div class=\"elementor-widget-wrap elementor-element-populated\">\n\t\t\t\t\t\t<div class=\"elementor-element elementor-element-e7372b6 animated-slow elementor-invisible elementor-widget elementor-widget-houzez_elementor_section_title\" data-id=\"e7372b6\" data-element_type=\"widget\" data-settings=\"{&quot;_animation&quot;:&quot;fadeIn&quot;}\" data-widget_type=\"houzez_elementor_section_title.default\">\n\t\t\t\t<div class=\"elementor-widget-container\">\n\t\t\t            <div class=\"houzez_section_title_wrap section-title-module\">\n                                    <h2 class=\"houzez_section_title\">Hakk\u0131m\u0131zda\n<\/h2>\n                \n                            <\/div>\n            \t\t<\/div>\n\t\t\t\t<\/div>\n\t\t\t\t<div class=\"elementor-element elementor-element-69fe9b8 elementor-widget elementor-widget-text-editor\" data-id=\"69fe9b8\" data-element_type=\"widget\" data-widget_type=\"text-editor.default\">\n\t\t\t\t<div class=\"elementor-widget-container\">\n\t\t\t<style>\/*! elementor - v3.23.0 - 05-08-2024 *\/\n.elementor-widget-text-editor.elementor-drop-cap-view-stacked .elementor-drop-cap{background-color:#69727d;color:#fff}.elementor-widget-text-editor.elementor-drop-cap-view-framed .elementor-drop-cap{color:#69727d;border:3px solid;background-color:transparent}.elementor-widget-text-editor:not(.elementor-drop-cap-view-default) .elementor-drop-cap{margin-top:8px}.elementor-widget-text-editor:not(.elementor-drop-cap-view-default) .elementor-drop-cap-letter{width:1em;height:1em}.elementor-widget-text-editor .elementor-drop-cap{float:left;text-align:center;line-height:1;font-size:50px}.elementor-widget-text-editor .elementor-drop-cap-letter{display:inline-block}<\/style>\t\t\t\t<p>Aslan Invest olarak, yakla\u015f\u0131k 10 y\u0131ld\u0131r Alanya ve \u00e7evresinde gayrimenkul sekt\u00f6r\u00fcnde aktif olarak hizmet veriyoruz.<br \/>Bizim i\u00e7in gayrimenkul; yaln\u0131zca bir al\u0131m-sat\u0131m s\u00fcreci de\u011fil, g\u00fcvenle ba\u015flayan ve uzun vadeli memnuniyetle devam eden bir yolculuktur.<\/p><p>Yeni projelerden ikinci el gayrimenkullere kadar; do\u011fru lokasyonu se\u00e7menize, m\u00fclk\u00fcn ger\u00e7ek de\u011ferini anlaman\u0131za ve sizin i\u00e7in en do\u011fru yat\u0131r\u0131m\u0131 yapman\u0131za rehberlik ediyoruz.<br \/>Her m\u00fc\u015fterimizin beklentisinin farkl\u0131 oldu\u011funun bilinciyle, ki\u015fiye \u00f6zel dan\u0131\u015fmanl\u0131k sunuyoruz.<\/p><p>Hukuki s\u00fcre\u00e7lerden tapu i\u015flemlerine, sat\u0131\u015f \u00f6ncesinden sat\u0131\u015f sonras\u0131na kadar t\u00fcm a\u015famalarda yan\u0131n\u0131zday\u0131z.<br \/>Yurt d\u0131\u015f\u0131nda ya\u015fayan veya T\u00fcrkiye'ye gelmeden yat\u0131r\u0131m yapmak isteyen m\u00fc\u015fterilerimiz i\u00e7in online sunum ve uzaktan dan\u0131\u015fmanl\u0131k hizmetleri de sa\u011fl\u0131yoruz.<\/p><p>Aslan Invest ile \u00e7al\u0131\u015ft\u0131\u011f\u0131n\u0131zda, yaln\u0131zca bir dan\u0131\u015fman de\u011fil; T\u00fcrkiye'deki g\u00fcvenilir i\u015f orta\u011f\u0131n\u0131z\u0131 kazan\u0131rs\u0131n\u0131z.<\/p>\t\t\t\t\t\t<\/div>\n\t\t\t\t<\/div>\n\t\t\t\t\t<\/div>\n\t\t<\/div>\n\t\t\t\t\t<\/div>\n\t\t<\/section>\n\t\t\t\t<section class=\"elementor-section elementor-top-section elementor-element elementor-element-c9dca78 elementor-section-boxed elementor-section-height-default elementor-section-height-default\" data-id=\"c9dca78\" data-element_type=\"section\" data-settings=\"{&quot;background_background&quot;:&quot;classic&quot;}\">\n\t\t\t\t\t\t<div class=\"elementor-container elementor-column-gap-default\">\n\t\t\t\t\t<div class=\"elementor-column elementor-col-50 elementor-top-column elementor-element elementor-element-9739350\" data-id=\"9739350\" data-element_type=\"column\">\n\t\t\t<div class=\"elementor-widget-wrap elementor-element-populated\">\n\t\t\t\t\t\t<div class=\"elementor-element elementor-element-f5c181d animated-slow elementor-invisible elementor-widget elementor-widget-houzez_elementor_section_title\" data-id=\"f5c181d\" data-element_type=\"widget\" data-settings=\"{&quot;_animation&quot;:&quot;fadeIn&quot;}\" data-widget_type=\"houzez_elementor_section_title.default\">\n\t\t\t\t<div class=\"elementor-widget-container\">\n\t\t\t            <div class=\"houzez_section_title_wrap section-title-module\">\n                                    <h2 class=\"houzez_section_title\">Misyon\n<\/h2>\n                \n                            <\/div>\n            \t\t<\/div>\n\t\t\t\t<\/div>\n\t\t\t\t<div class=\"elementor-element elementor-element-1eb013a elementor-widget elementor-widget-text-editor\" data-id=\"1eb013a\" data-element_type=\"widget\" data-widget_type=\"text-editor.default\">\n\t\t\t\t<div class=\"elementor-widget-container\">\n\t\t\t\t\t\t\t<p>Misyonumuz; m\u00fc\u015fterilerimize g\u00fcven veren, \u015feffaf ve profesyonel bir gayrimenkul dan\u0131\u015fmanl\u0131\u011f\u0131 sunarak, do\u011fru yat\u0131r\u0131m\u0131 g\u00f6n\u00fcl rahatl\u0131\u011f\u0131yla yapmalar\u0131n\u0131 sa\u011flamakt\u0131r.<br \/>Bilgi, tecr\u00fcbe ve etik de\u011ferleri bir araya getirerek; her s\u00fcreci a\u00e7\u0131k, anla\u015f\u0131l\u0131r ve sorunsuz bir \u015fekilde y\u00f6netmeyi hedefliyoruz.<\/p>\t\t\t\t\t\t<\/div>\n\t\t\t\t<\/div>\n\t\t\t\t\t<\/div>\n\t\t<\/div>\n\t\t\t\t<div class=\"elementor-column elementor-col-50 elementor-top-column elementor-element elementor-element-88f2d6f\" data-id=\"88f2d6f\" data-element_type=\"column\">\n\t\t\t<div class=\"elementor-widget-wrap elementor-element-populated\">\n\t\t\t\t\t\t<div class=\"elementor-element elementor-element-647a2f7 animated-slow elementor-invisible elementor-widget elementor-widget-houzez_elementor_section_title\" data-id=\"647a2f7\" data-element_type=\"widget\" data-settings=\"{&quot;_animation&quot;:&quot;fadeIn&quot;}\" data-widget_type=\"houzez_elementor_section_title.default\">\n\t\t\t\t<div class=\"elementor-widget-container\">\n\t\t\t            <div class=\"houzez_section_title_wrap section-title-module\">\n                                    <h2 class=\"houzez_section_title\">Vizyon<\/h2>\n                \n                            <\/div>\n            \t\t<\/div>\n\t\t\t\t<\/div>\n\t\t\t\t<div class=\"elementor-element elementor-element-5a27135 elementor-widget elementor-widget-text-editor\" data-id=\"5a27135\" data-element_type=\"widget\" data-widget_type=\"text-editor.default\">\n\t\t\t\t<div class=\"elementor-widget-container\">\n\t\t\t\t\t\t\t<p>Vizyonumuz; <strong>Aslan<\/strong> <strong>Invest'i<\/strong> T\u00fcrkiye genelinde ve uluslararas\u0131 alanda, d\u00fcr\u00fcstl\u00fc\u011f\u00fc, g\u00fcvenilirli\u011fi ve kaliteli hizmet anlay\u0131\u015f\u0131yla tercih edilen bir gayrimenkul markas\u0131 haline getirmektir.<br \/>S\u00fcrekli geli\u015fen yap\u0131m\u0131zla, m\u00fc\u015fterilerimize yaln\u0131zca bug\u00fcn\u00fcn de\u011fil, gelece\u011fin de do\u011fru yat\u0131r\u0131mlar\u0131n\u0131 sunmay\u0131 ama\u00e7l\u0131yoruz.<\/p>\t\t\t\t\t\t<\/div>\n\t\t\t\t<\/div>\n\t\t\t\t\t<\/div>\n\t\t<\/div>\n\t\t\t\t\t<\/div>\n\t\t<\/section>\n\t\t\t\t<\/div>","protected":false},"excerpt":{"rendered":"<p>About Us About Us At Aslan Invest, we have been actively operating in the real estate sector in Alanya and its surroundings for nearly 10 years.For us, real estate is not just about buying and selling properties \u2014 it is a journey built on trust and long-term satisfaction. From new developments to resale properties, we [&hellip;]<\/p>","protected":false},"author":1,"featured_media":0,"parent":0,"menu_order":0,"comment_status":"closed","ping_status":"closed","template":"template\/template-homepage.php","meta":{"_monsterinsights_skip_tracking":false,"_monsterinsights_sitenote_active":false,"_monsterinsights_sitenote_note":"","_monsterinsights_sitenote_category":0,"footnotes":""},"class_list":["post-16650","page","type-page","status-publish","hentry"],"yoast_head":"<!-- This site is optimized with the Yoast SEO plugin v23.4 - https:\/\/yoast.com\/wordpress\/plugins\/seo\/ -->\n<title>About - Aslan Invest Real Estate<\/title>\n<meta name=\"robots\" content=\"index, follow, max-snippet:-1, max-image-preview:large, max-video-preview:-1\" \/>\n<link rel=\"canonical\" href=\"https:\/\/aslan-invest.com\/tr\/about\/\" \/>\n<meta property=\"og:locale\" content=\"tr_TR\" \/>\n<meta property=\"og:type\" content=\"article\" \/>\n<meta property=\"og:title\" content=\"About - Aslan Invest Real Estate\" \/>\n<meta property=\"og:description\" content=\"About Us About Us At Aslan Invest, we have been actively operating in the real estate sector in Alanya and its surroundings for nearly 10 years.For us, real estate is not just about buying and selling properties \u2014 it is a journey built on trust and long-term satisfaction. From new developments to resale properties, we [&hellip;]\" \/>\n<meta property=\"og:url\" content=\"https:\/\/aslan-invest.com\/tr\/about\/\" \/>\n<meta property=\"og:site_name\" content=\"Aslan Invest Real Estate\" \/>\n<meta property=\"article:modified_time\" content=\"2026-02-09T10:26:50+00:00\" \/>\n<meta name=\"twitter:card\" content=\"summary_large_image\" \/>\n<meta name=\"twitter:label1\" content=\"Tahmini okuma s\u00fcresi\" \/>\n\t<meta name=\"twitter:data1\" content=\"2 dakika\" \/>\n<script type=\"application\/ld+json\" class=\"yoast-schema-graph\">{\"@context\":\"https:\/\/schema.org\",\"@graph\":[{\"@type\":\"WebPage\",\"@id\":\"https:\/\/aslan-invest.com\/about\/\",\"url\":\"https:\/\/aslan-invest.com\/about\/\",\"name\":\"About - Aslan Invest Real Estate\",\"isPartOf\":{\"@id\":\"https:\/\/aslan-invest.com\/#website\"},\"datePublished\":\"2020-02-24T22:15:15+00:00\",\"dateModified\":\"2026-02-09T10:26:50+00:00\",\"breadcrumb\":{\"@id\":\"https:\/\/aslan-invest.com\/about\/#breadcrumb\"},\"inLanguage\":\"tr\",\"potentialAction\":[{\"@type\":\"ReadAction\",\"target\":[\"https:\/\/aslan-invest.com\/about\/\"]}]},{\"@type\":\"BreadcrumbList\",\"@id\":\"https:\/\/aslan-invest.com\/about\/#breadcrumb\",\"itemListElement\":[{\"@type\":\"ListItem\",\"position\":1,\"name\":\"Anasayfa\",\"item\":\"https:\/\/aslan-invest.com\/\"},{\"@type\":\"ListItem\",\"position\":2,\"name\":\"About\"}]},{\"@type\":\"WebSite\",\"@id\":\"https:\/\/aslan-invest.com\/#website\",\"url\":\"https:\/\/aslan-invest.com\/\",\"name\":\"Aslan Invest Real Estate\",\"description\":\"Alanya Real Estate | Investment\",\"publisher\":{\"@id\":\"https:\/\/aslan-invest.com\/#organization\"},\"potentialAction\":[{\"@type\":\"SearchAction\",\"target\":{\"@type\":\"EntryPoint\",\"urlTemplate\":\"https:\/\/aslan-invest.com\/?s={search_term_string}\"},\"query-input\":{\"@type\":\"PropertyValueSpecification\",\"valueRequired\":true,\"valueName\":\"search_term_string\"}}],\"inLanguage\":\"tr\"},{\"@type\":\"Organization\",\"@id\":\"https:\/\/aslan-invest.com\/#organization\",\"name\":\"Aslan Invest Real Estate\",\"url\":\"https:\/\/aslan-invest.com\/\",\"logo\":{\"@type\":\"ImageObject\",\"inLanguage\":\"tr\",\"@id\":\"https:\/\/aslan-invest.com\/#\/schema\/logo\/image\/\",\"url\":\"https:\/\/aslan-invest.com\/wp-content\/uploads\/2026\/01\/aslan-invest-LOGO-1-1-scaled-e1769624144110.png\",\"contentUrl\":\"https:\/\/aslan-invest.com\/wp-content\/uploads\/2026\/01\/aslan-invest-LOGO-1-1-scaled-e1769624144110.png\",\"width\":2517,\"height\":1479,\"caption\":\"Aslan Invest Real Estate\"},\"image\":{\"@id\":\"https:\/\/aslan-invest.com\/#\/schema\/logo\/image\/\"},\"sameAs\":[\"https:\/\/www.instagram.com\/.aslaninvest.realestate\"]}]}<\/script>\n<!-- \/ Yoast SEO plugin. -->","yoast_head_json":{"title":"About - Aslan Invest Real Estate","robots":{"index":"index","follow":"follow","max-snippet":"max-snippet:-1","max-image-preview":"max-image-preview:large","max-video-preview":"max-video-preview:-1"},"canonical":"https:\/\/aslan-invest.com\/tr\/about\/","og_locale":"tr_TR","og_type":"article","og_title":"About - Aslan Invest Real Estate","og_description":"About Us About Us At Aslan Invest, we have been actively operating in the real estate sector in Alanya and its surroundings for nearly 10 years.For us, real estate is not just about buying and selling properties \u2014 it is a journey built on trust and long-term satisfaction. From new developments to resale properties, we [&hellip;]","og_url":"https:\/\/aslan-invest.com\/tr\/about\/","og_site_name":"Aslan Invest Real Estate","article_modified_time":"2026-02-09T10:26:50+00:00","twitter_card":"summary_large_image","twitter_misc":{"Tahmini okuma s\u00fcresi":"2 dakika"},"schema":{"@context":"https:\/\/schema.org","@graph":[{"@type":"WebPage","@id":"https:\/\/aslan-invest.com\/about\/","url":"https:\/\/aslan-invest.com\/about\/","name":"About - Aslan Invest Real Estate","isPartOf":{"@id":"https:\/\/aslan-invest.com\/#website"},"datePublished":"2020-02-24T22:15:15+00:00","dateModified":"2026-02-09T10:26:50+00:00","breadcrumb":{"@id":"https:\/\/aslan-invest.com\/about\/#breadcrumb"},"inLanguage":"tr","potentialAction":[{"@type":"ReadAction","target":["https:\/\/aslan-invest.com\/about\/"]}]},{"@type":"BreadcrumbList","@id":"https:\/\/aslan-invest.com\/about\/#breadcrumb","itemListElement":[{"@type":"ListItem","position":1,"name":"Anasayfa","item":"https:\/\/aslan-invest.com\/"},{"@type":"ListItem","position":2,"name":"About"}]},{"@type":"WebSite","@id":"https:\/\/aslan-invest.com\/#website","url":"https:\/\/aslan-invest.com\/","name":"Aslan Invest Real Estate","description":"Alanya Real Estate | Investment","publisher":{"@id":"https:\/\/aslan-invest.com\/#organization"},"potentialAction":[{"@type":"SearchAction","target":{"@type":"EntryPoint","urlTemplate":"https:\/\/aslan-invest.com\/?s={search_term_string}"},"query-input":{"@type":"PropertyValueSpecification","valueRequired":true,"valueName":"search_term_string"}}],"inLanguage":"tr"},{"@type":"Organization","@id":"https:\/\/aslan-invest.com\/#organization","name":"Aslan Invest Real Estate","url":"https:\/\/aslan-invest.com\/","logo":{"@type":"ImageObject","inLanguage":"tr","@id":"https:\/\/aslan-invest.com\/#\/schema\/logo\/image\/","url":"https:\/\/aslan-invest.com\/wp-content\/uploads\/2026\/01\/aslan-invest-LOGO-1-1-scaled-e1769624144110.png","contentUrl":"https:\/\/aslan-invest.com\/wp-content\/uploads\/2026\/01\/aslan-invest-LOGO-1-1-scaled-e1769624144110.png","width":2517,"height":1479,"caption":"Aslan Invest Real Estate"},"image":{"@id":"https:\/\/aslan-invest.com\/#\/schema\/logo\/image\/"},"sameAs":["https:\/\/www.instagram.com\/.aslaninvest.realestate"]}]}},"_links":{"self":[{"href":"https:\/\/aslan-invest.com\/tr\/wp-json\/wp\/v2\/pages\/16650","targetHints":{"allow":["GET"]}}],"collection":[{"href":"https:\/\/aslan-invest.com\/tr\/wp-json\/wp\/v2\/pages"}],"about":[{"href":"https:\/\/aslan-invest.com\/tr\/wp-json\/wp\/v2\/types\/page"}],"author":[{"embeddable":true,"href":"https:\/\/aslan-invest.com\/tr\/wp-json\/wp\/v2\/users\/1"}],"replies":[{"embeddable":true,"href":"https:\/\/aslan-invest.com\/tr\/wp-json\/wp\/v2\/comments?post=16650"}],"version-history":[{"count":19,"href":"https:\/\/aslan-invest.com\/tr\/wp-json\/wp\/v2\/pages\/16650\/revisions"}],"predecessor-version":[{"id":29467,"href":"https:\/\/aslan-invest.com\/tr\/wp-json\/wp\/v2\/pages\/16650\/revisions\/29467"}],"wp:attachment":[{"href":"https:\/\/aslan-invest.com\/tr\/wp-json\/wp\/v2\/media?parent=16650"}],"curies":[{"name":"wp","href":"https:\/\/api.w.org\/{rel}","templated":true}]}}