{"id":27888,"date":"2024-11-22T21:25:15","date_gmt":"2024-11-22T18:25:15","guid":{"rendered":"https:\/\/aslan-invest.com\/?page_id=27888"},"modified":"2024-12-10T20:45:57","modified_gmt":"2024-12-10T17:45:57","slug":"buypropertyinalanya","status":"publish","type":"page","link":"https:\/\/aslan-invest.com\/de\/buypropertyinalanya\/","title":{"rendered":"Immobilien in Alanya kaufen"},"content":{"rendered":"<div data-elementor-type=\"wp-page\" data-elementor-id=\"27888\" class=\"elementor elementor-27888\" data-elementor-post-type=\"page\">\n\t\t\t\t<div class=\"elementor-element elementor-element-6ab3da4 e-flex e-con-boxed e-con e-parent\" data-id=\"6ab3da4\" data-element_type=\"container\">\n\t\t\t\t\t<div class=\"e-con-inner\">\n\t\t\t\t<div class=\"elementor-element elementor-element-e849469 elementor-widget elementor-widget-heading\" data-id=\"e849469\" data-element_type=\"widget\" data-widget_type=\"heading.default\">\n\t\t\t\t<div class=\"elementor-widget-container\">\n\t\t\t<style>\/*! elementor - v3.23.0 - 05-08-2024 *\/\n.elementor-heading-title{padding:0;margin:0;line-height:1}.elementor-widget-heading .elementor-heading-title[class*=elementor-size-]>a{color:inherit;font-size:inherit;line-height:inherit}.elementor-widget-heading .elementor-heading-title.elementor-size-small{font-size:15px}.elementor-widget-heading .elementor-heading-title.elementor-size-medium{font-size:19px}.elementor-widget-heading .elementor-heading-title.elementor-size-large{font-size:29px}.elementor-widget-heading .elementor-heading-title.elementor-size-xl{font-size:39px}.elementor-widget-heading .elementor-heading-title.elementor-size-xxl{font-size:59px}<\/style><h2 class=\"elementor-heading-title elementor-size-default\"><h1>Warum Immobilien in Alanya kaufen: Eine kluge Investition im Mittelmeer<span style=\"font-size: 2rem; text-align: var(--text-align);\"><\/span><\/h1><\/h2>\t\t<\/div>\n\t\t\t\t<\/div>\n\t\t\t\t<div class=\"elementor-element elementor-element-6b0ea29 elementor-widget elementor-widget-text-editor\" data-id=\"6b0ea29\" data-element_type=\"widget\" data-widget_type=\"text-editor.default\">\n\t\t\t\t<div class=\"elementor-widget-container\">\n\t\t\t<style>\/*! elementor - v3.23.0 - 05-08-2024 *\/\n.elementor-widget-text-editor.elementor-drop-cap-view-stacked .elementor-drop-cap{background-color:#69727d;color:#fff}.elementor-widget-text-editor.elementor-drop-cap-view-framed .elementor-drop-cap{color:#69727d;border:3px solid;background-color:transparent}.elementor-widget-text-editor:not(.elementor-drop-cap-view-default) .elementor-drop-cap{margin-top:8px}.elementor-widget-text-editor:not(.elementor-drop-cap-view-default) .elementor-drop-cap-letter{width:1em;height:1em}.elementor-widget-text-editor .elementor-drop-cap{float:left;text-align:center;line-height:1;font-size:50px}.elementor-widget-text-editor .elementor-drop-cap-letter{display:inline-block}<\/style>\t\t\t\t<p>Kaufen Sie Immobilien in Alanya. Alanya, an der atemberaubenden Mittelmeerk\u00fcste der T\u00fcrkei gelegen, ist zu einem Top-Reiseziel f\u00fcr Urlauber und Immobilieninvestoren geworden. Egal, ob Sie ein Ferienhaus, einen dauerhaften Wohnsitz oder eine rentable Investition suchen, <strong>Immobilienkauf in Alanya<\/strong> ist eine gro\u00dfartige Wahl. Mit seinem ganzj\u00e4hrigen Sonnenschein, den erschwinglichen Immobilienpreisen und der florierenden Tourismusbranche ist Alanya der perfekte Ort, um in Ihre Traumimmobilie zu investieren.<\/p><h2>Warum Immobilien in Alanya kaufen?<\/h2><p>Es gibt zahlreiche Gr\u00fcnde, warum Alanya zu einem der beliebtesten Ziele f\u00fcr Immobilieninvestitionen geworden ist. Hier sind einige der wichtigsten Vorteile von <strong>Immobilienkauf in Alanya<\/strong>:<\/p><ul><li><strong>Erschwingliche Immobilienpreise:<\/strong> Im Vergleich zu anderen Reisezielen am Mittelmeer bietet Alanya erschwingliche Immobilienpreise, sodass Sie hochwertige H\u00e4user und Wohnungen zu wettbewerbsf\u00e4higen Preisen kaufen k\u00f6nnen.<\/li><li><strong>Mieteinnahmenpotenzial:<\/strong> Alanya ist bei Touristen sehr beliebt und bietet vor allem in den Sommermonaten eine hohe Nachfrage nach Mietobjekten. Dies macht es zu einer hervorragenden Option f\u00fcr diejenigen, die Mieteinnahmen erzielen m\u00f6chten.<\/li><li><strong>Sonnenschein das ganze Jahr \u00fcber:<\/strong> Alanya kann mit mehr als 300 Sonnentagen im Jahr aufwarten und ist somit der ideale Ort f\u00fcr alle, die ein w\u00e4rmeres Klima bevorzugen.<\/li><li><strong>Moderne Annehmlichkeiten:<\/strong> Die Stadt verf\u00fcgt \u00fcber eine moderne Infrastruktur mit hervorragenden Gesundheitseinrichtungen, internationalen Schulen sowie einem vielf\u00e4ltigen Unterhaltungs- und Einkaufsangebot, die den Einwohnern eine hohe Lebensqualit\u00e4t gew\u00e4hrleistet.<\/li><li><strong>Starke Expat-Community:<\/strong> Alanya ist die Heimat einer wachsenden internationalen Gemeinschaft und bietet ein einladendes Umfeld f\u00fcr Auswanderer aus aller Welt.<\/li><\/ul><h3>Arten von Immobilien in Alanya verf\u00fcgbar<\/h3><p>Der Immobilienmarkt in Alanya bietet eine vielf\u00e4ltige Auswahl an Immobilien f\u00fcr unterschiedliche Bed\u00fcrfnisse und Budgets. Ob Sie eine moderne Wohnung, eine Luxusvilla oder ein traditionelles t\u00fcrkisches Haus suchen, in Alanya werden Sie f\u00fcndig:<\/p><ul><li><strong>Wohnungen:<\/strong> Moderne Wohnungen in Alanya sind ideal f\u00fcr diejenigen, die einen pflegeleichten Lebensstil suchen. Viele verf\u00fcgen \u00fcber Gemeinschaftseinrichtungen wie Schwimmb\u00e4der, Fitnessstudios und 24-Stunden-Sicherheitsdienst. <strong>Wohnungen zum Verkauf in Alanya, T\u00fcrkei<\/strong> sind sowohl bei Anwohnern als auch bei Investoren beliebt, die w\u00e4hrend der Touristensaison Immobilien vermieten m\u00f6chten.<\/li><li><strong>Villen:<\/strong> F\u00fcr diejenigen, die mehr Privatsph\u00e4re und Luxus suchen, bietet Alanya eine gro\u00dfe Auswahl an Villen, oft mit privaten Pools, G\u00e4rten und atemberaubender Aussicht auf das Meer oder die Berge. Egal, ob Sie suchen <strong>Kaufen Sie eine Villa in Alanya<\/strong> Als Dauerwohnsitz oder als Ferienhaus stehen Ihnen zahlreiche M\u00f6glichkeiten zur Auswahl.<\/li><li><strong>Immobilien am Meer:<\/strong> Eine der gefragtesten Immobilienarten in Alanya sind H\u00e4user am Meer. Diese Immobilien bieten einen atemberaubenden Blick auf das Mittelmeer und einfachen Zugang zum Strand, was sie ideal f\u00fcr diejenigen macht, die einen luxuri\u00f6sen Lebensstil am Meer suchen.<\/li><li><strong>Familienh\u00e4user:<\/strong> Alanya bietet auch ger\u00e4umige Einfamilienh\u00e4user in ruhigen Wohngegenden. Diese Immobilien sind ideal f\u00fcr Familien, die sich in einer sicheren, freundlichen Umgebung mit Zugang zu Schulen und Parks niederlassen m\u00f6chten.<\/li><\/ul><h2>Vorteile einer Immobilieninvestition in Alanya<\/h2><p>Beim Immobilienkauf in Alanya geht es nicht nur darum, einen sch\u00f6nen Ort zum Leben zu finden \u2013 es ist auch eine kluge finanzielle Investition. Hier sind einige wichtige Gr\u00fcnde, warum Sie in <strong>Immobilien in Alanya, T\u00fcrkei<\/strong> macht Sinn:<\/p><ul><li><strong>Steigende Immobilienwerte:<\/strong> Da Alanya immer beliebter wird, steigen die Immobilienwerte stetig. Dies macht den Kauf einer Immobilie jetzt zu einer gro\u00dfartigen langfristigen Investition mit hohem Potenzial f\u00fcr eine Wertsteigerung.<\/li><li><strong>Hohe Mietnachfrage:<\/strong> Alanyas Status als Top-Touristenziel sorgt f\u00fcr eine hohe Nachfrage nach Mietobjekten und bietet Investoren das ganze Jahr \u00fcber eine verl\u00e4ssliche Quelle f\u00fcr Mieteinnahmen.<\/li><li><strong>G\u00fcnstige Wechselkurse:<\/strong> F\u00fcr internationale K\u00e4ufer sind Immobilieninvestitionen in der T\u00fcrkei aufgrund g\u00fcnstiger Wechselkurse erschwinglicher und maximieren so den Wert Ihrer Investition.<\/li><li><strong>Wiederverkaufspotenzial:<\/strong> Aufgrund der wachsenden Beliebtheit und Nachfrage ist zu erwarten, dass Immobilien in Alanya in Zukunft einen hohen Wiederverkaufswert haben werden und somit eine lukrative Ausstiegsstrategie f\u00fcr Investoren darstellen.<\/li><\/ul><h3>Top-Gebiete zum Immobilienkauf in Alanya<\/h3><p>Alanya bietet eine Vielzahl von Vierteln, jedes mit seinem eigenen Charme und Reiz. Egal, ob Sie eine gesch\u00e4ftige Stadtatmosph\u00e4re oder einen ruhigen R\u00fcckzugsort an der K\u00fcste suchen, in Alanya gibt es f\u00fcr jeden das richtige Viertel. Hier sind einige der wichtigsten Gebiete, die Sie in Betracht ziehen sollten, wenn Sie nach <strong>Immobilien in Alanya kaufen<\/strong>:<\/p><ul><li><strong>Kleopatra-Strand:<\/strong> Kleopatra Beach ist f\u00fcr seinen goldenen Sand und das t\u00fcrkisfarbene Wasser bekannt und eine der begehrtesten Gegenden Alanyas. Immobilien hier sind ideal f\u00fcr diejenigen, die in Strandn\u00e4he wohnen und das pulsierende Stadtleben genie\u00dfen m\u00f6chten.<\/li><li><strong>Mahmutlar:<\/strong> Mahmutlar ist bei Expats beliebt und bietet eine gro\u00dfe Auswahl an erschwinglichen Immobilien, von modernen Wohnungen bis hin zu Luxusvillen. Die Gegend hat eine lebendige Atmosph\u00e4re mit zahlreichen Gesch\u00e4ften, Restaurants und Unterhaltungsm\u00f6glichkeiten.<\/li><li><strong>Oba:<\/strong> Oba ist f\u00fcr seine friedliche, familienfreundliche Umgebung bekannt und bietet eine Mischung aus modernen H\u00e4usern und traditionellen t\u00fcrkischen H\u00e4usern. Es ist ein idealer Ort f\u00fcr Familien, die ein ruhigeres Viertel mit einfachem Zugang zum Stadtzentrum suchen.<\/li><li><strong>Karg\u0131cak:<\/strong> Wenn Sie Luxus und Privatsph\u00e4re suchen, bietet Karg\u0131cak gehobene Villen mit Panoramablick auf das Mittelmeer und das Taurusgebirge. Diese Gegend ist perfekt f\u00fcr diejenigen, die einen gehobenen Lebensstil in einer ruhigen Umgebung suchen.<\/li><\/ul><h2>So kaufen Sie Immobilien in Alanya<\/h2><p>Kauf <strong>Immobilien in Alanya<\/strong> ist ein unkomplizierter Prozess, insbesondere mit der Hilfe eines erfahrenen Immobilienmaklers wie Aslan Invest. Hier ist eine Schritt-f\u00fcr-Schritt-Anleitung, die Sie durch den Kaufprozess f\u00fchrt:<\/p><ul><li><strong>Erforschen Sie den Markt:<\/strong> Beginnen Sie mit der Recherche unterschiedlicher Stadtteile und Immobilienarten in Alanya, um die Immobilie zu finden, die am besten zu Ihrem Lebensstil und Ihren Anlagezielen passt.<\/li><li><strong>Arbeiten Sie mit einem vertrauensw\u00fcrdigen Immobilienmakler zusammen:<\/strong> Ein sachkundiger Immobilienmakler kann Ihnen helfen, die beste <strong>Immobilien zum Verkauf in Alanya T\u00fcrkei<\/strong> und f\u00fchren Sie durch die rechtlichen und finanziellen Aspekte des Kaufs.<\/li><li><strong>Rechtsberatung:<\/strong> Bei Aslan Invest bieten wir umfassende rechtliche Unterst\u00fctzung, um sicherzustellen, dass alle Unterlagen in Ordnung sind und die Transaktion reibungslos verl\u00e4uft.<\/li><li><strong>Finanzierungsm\u00f6glichkeiten:<\/strong> Wenn Sie eine Finanzierung ben\u00f6tigen, k\u00f6nnen wir Ihnen dabei helfen, die f\u00fcr ausl\u00e4ndische K\u00e4ufer verf\u00fcgbaren Hypothekenoptionen zu pr\u00fcfen, sodass Ihnen die Investition in Ihre Traumimmobilie leichter f\u00e4llt.<\/li><\/ul><h3>Warum sollten Sie sich f\u00fcr Aslan Invest entscheiden?<\/h3><p>Bei Aslan Invest sind wir darauf spezialisiert, internationalen K\u00e4ufern zu helfen, ihre ideale <strong>Immobilien in Alanya<\/strong>. Mit jahrelanger Erfahrung auf dem lokalen Immobilienmarkt bieten wir pers\u00f6nlichen Service und kompetente Beratung, um sicherzustellen, dass Ihre Immobiliensuche erfolgreich ist. Egal, ob Sie eine Strandvilla, ein modernes Apartment oder ein Einfamilienhaus suchen, wir begleiten Sie bei jedem Schritt.<\/p><h2>Fazit: T\u00e4tigen Sie noch heute Ihre Investition in Alanya<\/h2><p>Wenn Sie bereit sind, die Vorteile des mediterranen Lebens zu genie\u00dfen, ist jetzt der perfekte Zeitpunkt daf\u00fcr <strong>Immobilien in Alanya kaufen<\/strong>. Mit seinen erschwinglichen Preisen, dem wachsenden Immobilienmarkt und der atemberaubenden Natursch\u00f6nheit bietet Alanya die perfekte Mischung aus Lebensstil und Investitionspotenzial.<\/p><p>Kontaktieren Sie Aslan Invest noch heute und entdecken Sie unsere gro\u00dfe Auswahl an <strong>Immobilien zum Verkauf in Alanya<\/strong> und beginnen Sie Ihre Reise zu Ihrem eigenen St\u00fcck Paradies in der T\u00fcrkei.<\/p><p><a href=\"https:\/\/aslan-invest.com\/de\/contact\/\"><strong>Ein Name, dem Sie vertrauen k\u00f6nnen<\/strong><\/a><br \/>Unser Ziel ist es nicht nur, Ihnen bei der Suche nach einer Immobilie zu helfen; wir m\u00f6chten Ihnen dabei helfen, Investitionen zu t\u00e4tigen, die langfristige Gewinne abwerfen. Bei Aslan Invest sind wir bestrebt, Ihnen durch starke Kundenbeziehungen und genaue Informationen den besten Service zu bieten. Egal, ob Sie nach einem neuen Wohnort suchen oder Investitionsm\u00f6glichkeiten erkunden, Aslan Invest ist immer f\u00fcr Sie da!<\/p><p><a href=\"https:\/\/www.instagram.com\/aslaninvestrealestate\/\"><strong>Investieren Sie mit uns in die Zukunft<\/strong><\/a><br \/>Wenn Sie im Immobiliensektor die Nase vorn haben m\u00f6chten, sind Sie bei uns richtig. Bei Aslan Invest konzentrieren wir uns nicht nur auf das Heute, sondern darauf, langfristigen Erfolg f\u00fcr morgen aufzubauen. Jedes unserer Projekte ist zukunftsorientiert konzipiert. Wenn Sie einen zuverl\u00e4ssigen und professionellen Partner f\u00fcr Ihre Immobilienbed\u00fcrfnisse suchen, investieren Sie mit Aslan Invest vertrauensvoll in Ihre Zukunft.<\/p>\t\t\t\t\t\t<\/div>\n\t\t\t\t<\/div>\n\t\t\t\t\t<\/div>\n\t\t\t\t<\/div>\n\t\t\t\t<\/div>","protected":false},"excerpt":{"rendered":"<p>Warum Immobilien in Alanya kaufen: Eine kluge Investition im Mittelmeerraum. Immobilien in Alanya kaufen. Alanya, an der atemberaubenden Mittelmeerk\u00fcste der T\u00fcrkei gelegen, hat sich zu einem Top-Reiseziel f\u00fcr Urlauber und Immobilieninvestoren entwickelt. Ob Sie ein Ferienhaus, einen dauerhaften Wohnsitz oder eine rentable Investition suchen, der Kauf einer Immobilie in Alanya ist eine gro\u00dfartige [\u2026]<\/p>","protected":false},"author":1,"featured_media":27999,"parent":0,"menu_order":0,"comment_status":"closed","ping_status":"closed","template":"elementor_header_footer","meta":{"_monsterinsights_skip_tracking":false,"_monsterinsights_sitenote_active":false,"_monsterinsights_sitenote_note":"","_monsterinsights_sitenote_category":0,"footnotes":""},"class_list":["post-27888","page","type-page","status-publish","has-post-thumbnail","hentry"],"yoast_head":"<!-- This site is optimized with the Yoast SEO plugin v23.4 - https:\/\/yoast.com\/wordpress\/plugins\/seo\/ -->\n<title>Buy Property in Alanya - Aslan Invest<\/title>\n<meta name=\"description\" content=\"Explore the Alanya For Sale Property market with Aslan Invest. From luxury villas to modern apartments, find your dream home or investment today!\" \/>\n<meta name=\"robots\" content=\"index, follow, max-snippet:-1, max-image-preview:large, max-video-preview:-1\" \/>\n<link rel=\"canonical\" href=\"https:\/\/aslan-invest.com\/de\/buypropertyinalanya\/\" \/>\n<meta property=\"og:locale\" content=\"de_DE\" \/>\n<meta property=\"og:type\" content=\"article\" \/>\n<meta property=\"og:title\" content=\"Buy Property in Alanya - Aslan Invest\" \/>\n<meta property=\"og:description\" content=\"Explore the Alanya For Sale Property market with Aslan Invest. From luxury villas to modern apartments, find your dream home or investment today!\" \/>\n<meta property=\"og:url\" content=\"https:\/\/aslan-invest.com\/de\/buypropertyinalanya\/\" \/>\n<meta property=\"og:site_name\" content=\"Aslan Invest Real Estate\" \/>\n<meta property=\"article:modified_time\" content=\"2024-12-10T17:45:57+00:00\" \/>\n<meta property=\"og:image\" content=\"https:\/\/aslan-invest.com\/wp-content\/uploads\/2024\/11\/2-12.png\" \/>\n\t<meta property=\"og:image:width\" content=\"1080\" \/>\n\t<meta property=\"og:image:height\" content=\"1080\" \/>\n\t<meta property=\"og:image:type\" content=\"image\/png\" \/>\n<meta name=\"twitter:card\" content=\"summary_large_image\" \/>\n<meta name=\"twitter:label1\" content=\"Gesch\u00e4tzte Lesezeit\" \/>\n\t<meta name=\"twitter:data1\" content=\"8\u00a0Minuten\" \/>\n<script type=\"application\/ld+json\" class=\"yoast-schema-graph\">{\"@context\":\"https:\/\/schema.org\",\"@graph\":[{\"@type\":\"WebPage\",\"@id\":\"https:\/\/aslan-invest.com\/buypropertyinalanya\/\",\"url\":\"https:\/\/aslan-invest.com\/buypropertyinalanya\/\",\"name\":\"Buy Property in Alanya - Aslan Invest\",\"isPartOf\":{\"@id\":\"https:\/\/aslan-invest.com\/#website\"},\"primaryImageOfPage\":{\"@id\":\"https:\/\/aslan-invest.com\/buypropertyinalanya\/#primaryimage\"},\"image\":{\"@id\":\"https:\/\/aslan-invest.com\/buypropertyinalanya\/#primaryimage\"},\"thumbnailUrl\":\"https:\/\/aslan-invest.com\/wp-content\/uploads\/2024\/11\/2-12.png\",\"datePublished\":\"2024-11-22T18:25:15+00:00\",\"dateModified\":\"2024-12-10T17:45:57+00:00\",\"description\":\"Explore the Alanya For Sale Property market with Aslan Invest. From luxury villas to modern apartments, find your dream home or investment today!\",\"breadcrumb\":{\"@id\":\"https:\/\/aslan-invest.com\/buypropertyinalanya\/#breadcrumb\"},\"inLanguage\":\"de\",\"potentialAction\":[{\"@type\":\"ReadAction\",\"target\":[\"https:\/\/aslan-invest.com\/buypropertyinalanya\/\"]}]},{\"@type\":\"ImageObject\",\"inLanguage\":\"de\",\"@id\":\"https:\/\/aslan-invest.com\/buypropertyinalanya\/#primaryimage\",\"url\":\"https:\/\/aslan-invest.com\/wp-content\/uploads\/2024\/11\/2-12.png\",\"contentUrl\":\"https:\/\/aslan-invest.com\/wp-content\/uploads\/2024\/11\/2-12.png\",\"width\":1080,\"height\":1080,\"caption\":\"Alanya Real Estate\"},{\"@type\":\"BreadcrumbList\",\"@id\":\"https:\/\/aslan-invest.com\/buypropertyinalanya\/#breadcrumb\",\"itemListElement\":[{\"@type\":\"ListItem\",\"position\":1,\"name\":\"Anasayfa\",\"item\":\"https:\/\/aslan-invest.com\/\"},{\"@type\":\"ListItem\",\"position\":2,\"name\":\"Buy Property in Alanya\"}]},{\"@type\":\"WebSite\",\"@id\":\"https:\/\/aslan-invest.com\/#website\",\"url\":\"https:\/\/aslan-invest.com\/\",\"name\":\"Aslan Invest Real Estate\",\"description\":\"Alanya Real Estate | Investment\",\"publisher\":{\"@id\":\"https:\/\/aslan-invest.com\/#organization\"},\"potentialAction\":[{\"@type\":\"SearchAction\",\"target\":{\"@type\":\"EntryPoint\",\"urlTemplate\":\"https:\/\/aslan-invest.com\/?s={search_term_string}\"},\"query-input\":{\"@type\":\"PropertyValueSpecification\",\"valueRequired\":true,\"valueName\":\"search_term_string\"}}],\"inLanguage\":\"de\"},{\"@type\":\"Organization\",\"@id\":\"https:\/\/aslan-invest.com\/#organization\",\"name\":\"Aslan Invest Real Estate\",\"url\":\"https:\/\/aslan-invest.com\/\",\"logo\":{\"@type\":\"ImageObject\",\"inLanguage\":\"de\",\"@id\":\"https:\/\/aslan-invest.com\/#\/schema\/logo\/image\/\",\"url\":\"https:\/\/aslan-invest.com\/wp-content\/uploads\/2026\/01\/aslan-invest-LOGO-1-1-scaled-e1769624144110.png\",\"contentUrl\":\"https:\/\/aslan-invest.com\/wp-content\/uploads\/2026\/01\/aslan-invest-LOGO-1-1-scaled-e1769624144110.png\",\"width\":2517,\"height\":1479,\"caption\":\"Aslan Invest Real Estate\"},\"image\":{\"@id\":\"https:\/\/aslan-invest.com\/#\/schema\/logo\/image\/\"},\"sameAs\":[\"https:\/\/www.instagram.com\/.aslaninvest.realestate\"]}]}<\/script>\n<!-- \/ Yoast SEO plugin. -->","yoast_head_json":{"title":"Buy Property in Alanya - Aslan Invest","description":"Explore the Alanya For Sale Property market with Aslan Invest. From luxury villas to modern apartments, find your dream home or investment today!","robots":{"index":"index","follow":"follow","max-snippet":"max-snippet:-1","max-image-preview":"max-image-preview:large","max-video-preview":"max-video-preview:-1"},"canonical":"https:\/\/aslan-invest.com\/de\/buypropertyinalanya\/","og_locale":"de_DE","og_type":"article","og_title":"Buy Property in Alanya - Aslan Invest","og_description":"Explore the Alanya For Sale Property market with Aslan Invest. From luxury villas to modern apartments, find your dream home or investment today!","og_url":"https:\/\/aslan-invest.com\/de\/buypropertyinalanya\/","og_site_name":"Aslan Invest Real Estate","article_modified_time":"2024-12-10T17:45:57+00:00","og_image":[{"width":1080,"height":1080,"url":"https:\/\/aslan-invest.com\/wp-content\/uploads\/2024\/11\/2-12.png","type":"image\/png"}],"twitter_card":"summary_large_image","twitter_misc":{"Gesch\u00e4tzte Lesezeit":"8\u00a0Minuten"},"schema":{"@context":"https:\/\/schema.org","@graph":[{"@type":"WebPage","@id":"https:\/\/aslan-invest.com\/buypropertyinalanya\/","url":"https:\/\/aslan-invest.com\/buypropertyinalanya\/","name":"Buy Property in Alanya - Aslan Invest","isPartOf":{"@id":"https:\/\/aslan-invest.com\/#website"},"primaryImageOfPage":{"@id":"https:\/\/aslan-invest.com\/buypropertyinalanya\/#primaryimage"},"image":{"@id":"https:\/\/aslan-invest.com\/buypropertyinalanya\/#primaryimage"},"thumbnailUrl":"https:\/\/aslan-invest.com\/wp-content\/uploads\/2024\/11\/2-12.png","datePublished":"2024-11-22T18:25:15+00:00","dateModified":"2024-12-10T17:45:57+00:00","description":"Explore the Alanya For Sale Property market with Aslan Invest. From luxury villas to modern apartments, find your dream home or investment today!","breadcrumb":{"@id":"https:\/\/aslan-invest.com\/buypropertyinalanya\/#breadcrumb"},"inLanguage":"de","potentialAction":[{"@type":"ReadAction","target":["https:\/\/aslan-invest.com\/buypropertyinalanya\/"]}]},{"@type":"ImageObject","inLanguage":"de","@id":"https:\/\/aslan-invest.com\/buypropertyinalanya\/#primaryimage","url":"https:\/\/aslan-invest.com\/wp-content\/uploads\/2024\/11\/2-12.png","contentUrl":"https:\/\/aslan-invest.com\/wp-content\/uploads\/2024\/11\/2-12.png","width":1080,"height":1080,"caption":"Alanya Real Estate"},{"@type":"BreadcrumbList","@id":"https:\/\/aslan-invest.com\/buypropertyinalanya\/#breadcrumb","itemListElement":[{"@type":"ListItem","position":1,"name":"Anasayfa","item":"https:\/\/aslan-invest.com\/"},{"@type":"ListItem","position":2,"name":"Buy Property in Alanya"}]},{"@type":"WebSite","@id":"https:\/\/aslan-invest.com\/#website","url":"https:\/\/aslan-invest.com\/","name":"Aslan Invest Real Estate","description":"Alanya Real Estate | Investment","publisher":{"@id":"https:\/\/aslan-invest.com\/#organization"},"potentialAction":[{"@type":"SearchAction","target":{"@type":"EntryPoint","urlTemplate":"https:\/\/aslan-invest.com\/?s={search_term_string}"},"query-input":{"@type":"PropertyValueSpecification","valueRequired":true,"valueName":"search_term_string"}}],"inLanguage":"de"},{"@type":"Organization","@id":"https:\/\/aslan-invest.com\/#organization","name":"Aslan Invest Real Estate","url":"https:\/\/aslan-invest.com\/","logo":{"@type":"ImageObject","inLanguage":"de","@id":"https:\/\/aslan-invest.com\/#\/schema\/logo\/image\/","url":"https:\/\/aslan-invest.com\/wp-content\/uploads\/2026\/01\/aslan-invest-LOGO-1-1-scaled-e1769624144110.png","contentUrl":"https:\/\/aslan-invest.com\/wp-content\/uploads\/2026\/01\/aslan-invest-LOGO-1-1-scaled-e1769624144110.png","width":2517,"height":1479,"caption":"Aslan Invest Real Estate"},"image":{"@id":"https:\/\/aslan-invest.com\/#\/schema\/logo\/image\/"},"sameAs":["https:\/\/www.instagram.com\/.aslaninvest.realestate"]}]}},"_links":{"self":[{"href":"https:\/\/aslan-invest.com\/de\/wp-json\/wp\/v2\/pages\/27888","targetHints":{"allow":["GET"]}}],"collection":[{"href":"https:\/\/aslan-invest.com\/de\/wp-json\/wp\/v2\/pages"}],"about":[{"href":"https:\/\/aslan-invest.com\/de\/wp-json\/wp\/v2\/types\/page"}],"author":[{"embeddable":true,"href":"https:\/\/aslan-invest.com\/de\/wp-json\/wp\/v2\/users\/1"}],"replies":[{"embeddable":true,"href":"https:\/\/aslan-invest.com\/de\/wp-json\/wp\/v2\/comments?post=27888"}],"version-history":[{"count":7,"href":"https:\/\/aslan-invest.com\/de\/wp-json\/wp\/v2\/pages\/27888\/revisions"}],"predecessor-version":[{"id":28002,"href":"https:\/\/aslan-invest.com\/de\/wp-json\/wp\/v2\/pages\/27888\/revisions\/28002"}],"wp:featuredmedia":[{"embeddable":true,"href":"https:\/\/aslan-invest.com\/de\/wp-json\/wp\/v2\/media\/27999"}],"wp:attachment":[{"href":"https:\/\/aslan-invest.com\/de\/wp-json\/wp\/v2\/media?parent=27888"}],"curies":[{"name":"wp","href":"https:\/\/api.w.org\/{rel}","templated":true}]}}