{"id":17112,"date":"2020-03-02T19:35:06","date_gmt":"2020-03-02T19:35:06","guid":{"rendered":"https:\/\/demo04.houzez.co\/?page_id=17112"},"modified":"2020-03-02T19:35:06","modified_gmt":"2020-03-02T19:35:06","slug":"typography","status":"publish","type":"page","link":"https:\/\/aslan-invest.com\/de\/typography\/","title":{"rendered":"Typografie"},"content":{"rendered":"<p><strong>Konsectetur adipisicing elit, sed eiusmod tempor\u00e4r incididunt ut m\u00fche und dolore gro\u00df aliqua.<\/strong>&nbsp;Ut enim ad minim veniam, quis nostrud&nbsp;<a href=\"https:\/\/demo01.gethomey.io\/typography\/#\">Textlink<\/a>&nbsp;\u00dcbung ullamco laboris nisi ut aliquip ex ea commodo consequat. Duis aute irure dolor in reprehenderit in voluptate velit esse cillum dolore eu fgiat nulla pariatur. Excepteur sint occaecat cupidatat non proident, sunt in culpa qui officia deserunt mollit anim. Konsectetur adipisicing elit, sed eiusmod tempor\u00e4r incididunt ut m\u00fche und dolore gro\u00df aliqua.<\/p>\n\n\n\n<h1 class=\"wp-block-heading\">\u00dcberschrift H1<\/h1>\n\n\n\n<h2 class=\"wp-block-heading\">\u00dcberschrift H2<\/h2>\n\n\n\n<h3 class=\"wp-block-heading\">\u00dcberschrift H3<\/h3>\n\n\n\n<h4 class=\"wp-block-heading\">\u00dcberschrift H4<\/h4>\n\n\n\n<h5 class=\"wp-block-heading\">\u00dcberschrift H5<\/h5>\n\n\n\n<h6 class=\"wp-block-heading\">\u00dcberschrift H6<\/h6>\n\n\n\n<p>Pellentesque Bewohner morbi tristique Senectus et Netus et Malesuada Fames Ac Turpis Egestas. Vestibulum tortor quam, feugiat vitae, ultricies eget, tempor sit amet, ante. Donec eu libero sit amet quam egestas semper. Aenean ultricies mi vitae est. Mauris placerat eleifend leo.<\/p>\n\n\n\n<h4 class=\"wp-block-heading\">Ungeordnete Listen<\/h4>\n\n\n\n<ul class=\"wp-block-list\"><li>Lorem ipsum dolor sit amet, consectetuer adipiscing elit.<\/li><li>Pellentesque Bewohner morbi tristique Senectus et Netus et Malesuada Fames Ac Turpis Egestas.<ul><li>Vestibulum tortor quam, feugiat vitae, ultricies eget, tempor sit amet, ante.<\/li><li>Donec eu libero sit amet quam egestas semper.<\/li><li>Aenean ultricies mi vitae est. Mauris placerat eleifend leo.<\/li><\/ul><\/li><li>Aliquam tincidunt mauris eu risus.<\/li><li>Vestibulum auctor dapibus neque.<\/li><\/ul>\n\n\n\n<h4 class=\"wp-block-heading\">Sortierte Listen<\/h4>\n\n\n\n<ol class=\"wp-block-list\"><li>Lorem ipsum dolor sit amet, consectetuer adipiscing elit.<\/li><li>Pellentesque Bewohner morbi tristique Senectus et Netus et Malesuada Fames Ac Turpis Egestas.<ul><li>Vestibulum tortor quam, feugiat vitae, ultricies eget, tempor sit amet, ante.<\/li><li>Donec eu libero sit amet quam egestas semper.<\/li><li>Aenean ultricies mi vitae est. Mauris placerat eleifend leo.<\/li><\/ul><\/li><li>Aliquam tincidunt mauris eu risus.<\/li><li>Vestibulum auctor dapibus neque.<\/li><\/ol>\n\n\n\n<p>DefinitionslisteConsectetur adipisicing elit, sed do eiusmod temporary incididunt ut labore and dolore gro\u00df Aliqua. Bis zu einem gewissen Grad ist es uns gelungen, unsere Arbeit zu verrichten, bevor sie von einem Kommandeur \u00fcbernommen wird. Lorem ipsum dolor sit ametConsectetur adipisicing elit, sed do eiusmod temporary incididunt ut labore and dolore magna<br>Aliqua. <\/p>\n\n\n\n<h4 class=\"wp-block-heading\">Absatz mit Bildern<\/h4>\n\n\n\n<div class=\"wp-block-image\"><figure class=\"alignleft size-large is-resized\"><img fetchpriority=\"high\" decoding=\"async\" src=\"https:\/\/demo04.houzez.co\/wp-content\/uploads\/2016\/03\/205-1024x683.jpg\" alt=\"\" class=\"wp-image-16175\" width=\"294\" height=\"195\" srcset=\"https:\/\/aslan-invest.com\/wp-content\/uploads\/2016\/03\/205-1024x683.jpg 1024w, https:\/\/aslan-invest.com\/wp-content\/uploads\/2016\/03\/205-300x200.jpg 300w, https:\/\/aslan-invest.com\/wp-content\/uploads\/2016\/03\/205-768x512.jpg 768w, https:\/\/aslan-invest.com\/wp-content\/uploads\/2016\/03\/205-900x600.jpg 900w, https:\/\/aslan-invest.com\/wp-content\/uploads\/2016\/03\/205-496x331.jpg 496w, https:\/\/aslan-invest.com\/wp-content\/uploads\/2016\/03\/205.jpg 1440w\" sizes=\"(max-width: 294px) 100vw, 294px\" \/><figcaption>Beschriftungstext<\/figcaption><\/figure><\/div>\n\n\n\n<p>Lorem ipsum dolor sit amet, consectetur adipiscing elit. Donec non consectetur nulla, eu viverra diam. Etiam vitae est vel dolor porttitor mattis a eget enim. Mauris fermentum sed eros in venenatis. Aliquam fringilla, orci sed eleifend dapibus, turpis leo blandit libero, non sagittis neque sem non nisl. Praesent id pretium nibh. Interdum et malesuada famouses ac ante ipsum primis in faucibus. Nullam dolor felis, Lobortis ac leo eu, suscipit interdum purus. Praesent varius auctor ligula, ut laoreet lectus egestas ut. Sed in nibh sed odio dapibus ultricies. Cras sit nunc sem. Integer ornare, sapien posuere laoreet luctus, dolor odio faucibus ligula, sit amet pulvinar diam erat eget augue. Vivamus elementum eget lorem id aliquam. Maecenas vel nisl lorem. Etiam purus justo, Commodo eget erat vitae, mattis euismod ex.<\/p>\n\n\n\n<p>Aliquam ligula felis, consectetur quis interdum et, posuere maximus nunc. Sed tristique mollis ex. Aliquam erat volutpat. Nulla pellentesque nunc sed consequat tincidunt. Suspendisse potenti. Name eu mollis velit, maximus vestibulum est. Proin rutrum suscipit sem, volutpat imperdiet risus pulvinar vitae.<\/p>\n\n\n\n<div class=\"wp-block-image\"><figure class=\"alignright size-large is-resized\"><img decoding=\"async\" src=\"https:\/\/demo04.houzez.co\/wp-content\/uploads\/2016\/03\/205-1024x683.jpg\" alt=\"\" class=\"wp-image-16175\" width=\"306\" height=\"203\" srcset=\"https:\/\/aslan-invest.com\/wp-content\/uploads\/2016\/03\/205-1024x683.jpg 1024w, https:\/\/aslan-invest.com\/wp-content\/uploads\/2016\/03\/205-300x200.jpg 300w, https:\/\/aslan-invest.com\/wp-content\/uploads\/2016\/03\/205-768x512.jpg 768w, https:\/\/aslan-invest.com\/wp-content\/uploads\/2016\/03\/205-900x600.jpg 900w, https:\/\/aslan-invest.com\/wp-content\/uploads\/2016\/03\/205-496x331.jpg 496w, https:\/\/aslan-invest.com\/wp-content\/uploads\/2016\/03\/205.jpg 1440w\" sizes=\"(max-width: 306px) 100vw, 306px\" \/><figcaption>Beschriftungstext<\/figcaption><\/figure><\/div>\n\n\n\n<p>Phasellus vehicula massa eros, eu cursus mauris faucibus quis. Pellentesque-Einrichtungen eliminieren die Orci congue rutrum. Suspendisse laoreet urna tellus, in volutpat justo porta at. Cras mattis luctus egestas. Nam diam nisi, condimentum at tortor in, dictum porttitor ipsum. Aliquam sit amet aliquam dui. Nam accumsan egestas ligula non ornare. Vivamus ex sem, lacinia ac lacus a, consectetur aliquet dui. Vivamus non justo Tortor. Nunc interdum aliquet diam vel ultrices. Aenean vel ex vehicula purus aliquet condimentum eget sed mauris. Curabitur ut dui porttitor, iaculis sem id, aliquam est. <\/p>\n\n\n\n<p>Duis arcu purus, sollicitudin et libero vitae, luctus bibendum ante. Nun werden Sie aufgefordert, Ihre geplante Konsektion nicht aufzugeben. Fusce at odio nec magna scelerisque elementum id et massa. <\/p>\n\n\n\n<div class=\"wp-block-image\"><figure class=\"aligncenter size-large\"><img decoding=\"async\" width=\"1024\" height=\"683\" src=\"https:\/\/demo04.houzez.co\/wp-content\/uploads\/2016\/03\/205-1024x683.jpg\" alt=\"\" class=\"wp-image-16175\" srcset=\"https:\/\/aslan-invest.com\/wp-content\/uploads\/2016\/03\/205-1024x683.jpg 1024w, https:\/\/aslan-invest.com\/wp-content\/uploads\/2016\/03\/205-300x200.jpg 300w, https:\/\/aslan-invest.com\/wp-content\/uploads\/2016\/03\/205-768x512.jpg 768w, https:\/\/aslan-invest.com\/wp-content\/uploads\/2016\/03\/205-900x600.jpg 900w, https:\/\/aslan-invest.com\/wp-content\/uploads\/2016\/03\/205-496x331.jpg 496w, https:\/\/aslan-invest.com\/wp-content\/uploads\/2016\/03\/205.jpg 1440w\" sizes=\"(max-width: 1024px) 100vw, 1024px\" \/><figcaption>Beschriftungstext<\/figcaption><\/figure><\/div>\n\n\n\n<p>Donec lacinia ex in bibendum auctor. Pr\u00e4sent eget arcu ut my viverra cursus. Vestibulum egestas elementum mi, et posuere nibh iaculis sed. Duis ac dapibus metus, sed vulputate purus tesque und folter nunc. Donec vel est velit<\/p>","protected":false},"excerpt":{"rendered":"<p>Konsectetur adipisicing elit, sed eiusmod tempor\u00e4r incididunt ut m\u00fche und dolore gro\u00df aliqua. Bis zu einem gewissen Grad m\u00fcssen wir die Textlink-\u00dcbungen durchf\u00fchren, die von der jeweiligen Kommode \u00fcbernommen werden. Duis aute irure dolor in reprehenderit in voluptate velit esse cillum dolore eu fgiat nulla pariatur. Excepteur sint occaecat cupidatat non proident, sunt in culpa [\u2026]<\/p>","protected":false},"author":1,"featured_media":0,"parent":0,"menu_order":0,"comment_status":"closed","ping_status":"closed","template":"","meta":{"_monsterinsights_skip_tracking":false,"_monsterinsights_sitenote_active":false,"_monsterinsights_sitenote_note":"","_monsterinsights_sitenote_category":0,"footnotes":""},"class_list":["post-17112","page","type-page","status-publish","hentry"],"yoast_head":"<!-- This site is optimized with the Yoast SEO plugin v23.4 - https:\/\/yoast.com\/wordpress\/plugins\/seo\/ -->\n<title>Typography - Aslan Invest Real Estate<\/title>\n<meta name=\"robots\" content=\"index, follow, max-snippet:-1, max-image-preview:large, max-video-preview:-1\" \/>\n<link rel=\"canonical\" href=\"https:\/\/aslan-invest.com\/de\/typography\/\" \/>\n<meta property=\"og:locale\" content=\"de_DE\" \/>\n<meta property=\"og:type\" content=\"article\" \/>\n<meta property=\"og:title\" content=\"Typography - Aslan Invest Real Estate\" \/>\n<meta property=\"og:description\" content=\"Consectetur adipisicing elit, sed do eiusmod tempor incididunt ut labore et dolore magna aliqua.&nbsp;Ut enim ad minim veniam, quis nostrud&nbsp;text link&nbsp;exercitation ullamco laboris nisi ut aliquip ex ea commodo consequat. Duis aute irure dolor in reprehenderit in voluptate velit esse cillum dolore eu fugiat nulla pariatur. Excepteur sint occaecat cupidatat non proident, sunt in culpa [&hellip;]\" \/>\n<meta property=\"og:url\" content=\"https:\/\/aslan-invest.com\/de\/typography\/\" \/>\n<meta property=\"og:site_name\" content=\"Aslan Invest Real Estate\" \/>\n<meta property=\"og:image\" content=\"https:\/\/demo04.houzez.co\/wp-content\/uploads\/2016\/03\/205-1024x683.jpg\" \/>\n<meta name=\"twitter:card\" content=\"summary_large_image\" \/>\n<meta name=\"twitter:label1\" content=\"Gesch\u00e4tzte Lesezeit\" \/>\n\t<meta name=\"twitter:data1\" content=\"3\u00a0Minuten\" \/>\n<script type=\"application\/ld+json\" class=\"yoast-schema-graph\">{\"@context\":\"https:\/\/schema.org\",\"@graph\":[{\"@type\":\"WebPage\",\"@id\":\"https:\/\/aslan-invest.com\/typography\/\",\"url\":\"https:\/\/aslan-invest.com\/typography\/\",\"name\":\"Typography - Aslan Invest Real Estate\",\"isPartOf\":{\"@id\":\"https:\/\/aslan-invest.com\/#website\"},\"primaryImageOfPage\":{\"@id\":\"https:\/\/aslan-invest.com\/typography\/#primaryimage\"},\"image\":{\"@id\":\"https:\/\/aslan-invest.com\/typography\/#primaryimage\"},\"thumbnailUrl\":\"https:\/\/demo04.houzez.co\/wp-content\/uploads\/2016\/03\/205-1024x683.jpg\",\"datePublished\":\"2020-03-02T19:35:06+00:00\",\"dateModified\":\"2020-03-02T19:35:06+00:00\",\"breadcrumb\":{\"@id\":\"https:\/\/aslan-invest.com\/typography\/#breadcrumb\"},\"inLanguage\":\"de\",\"potentialAction\":[{\"@type\":\"ReadAction\",\"target\":[\"https:\/\/aslan-invest.com\/typography\/\"]}]},{\"@type\":\"ImageObject\",\"inLanguage\":\"de\",\"@id\":\"https:\/\/aslan-invest.com\/typography\/#primaryimage\",\"url\":\"https:\/\/demo04.houzez.co\/wp-content\/uploads\/2016\/03\/205-1024x683.jpg\",\"contentUrl\":\"https:\/\/demo04.houzez.co\/wp-content\/uploads\/2016\/03\/205-1024x683.jpg\"},{\"@type\":\"BreadcrumbList\",\"@id\":\"https:\/\/aslan-invest.com\/typography\/#breadcrumb\",\"itemListElement\":[{\"@type\":\"ListItem\",\"position\":1,\"name\":\"Anasayfa\",\"item\":\"https:\/\/aslan-invest.com\/\"},{\"@type\":\"ListItem\",\"position\":2,\"name\":\"Typography\"}]},{\"@type\":\"WebSite\",\"@id\":\"https:\/\/aslan-invest.com\/#website\",\"url\":\"https:\/\/aslan-invest.com\/\",\"name\":\"Aslan Invest Real Estate\",\"description\":\"Alanya Real Estate | Investment\",\"publisher\":{\"@id\":\"https:\/\/aslan-invest.com\/#organization\"},\"potentialAction\":[{\"@type\":\"SearchAction\",\"target\":{\"@type\":\"EntryPoint\",\"urlTemplate\":\"https:\/\/aslan-invest.com\/?s={search_term_string}\"},\"query-input\":{\"@type\":\"PropertyValueSpecification\",\"valueRequired\":true,\"valueName\":\"search_term_string\"}}],\"inLanguage\":\"de\"},{\"@type\":\"Organization\",\"@id\":\"https:\/\/aslan-invest.com\/#organization\",\"name\":\"Aslan Invest Real Estate\",\"url\":\"https:\/\/aslan-invest.com\/\",\"logo\":{\"@type\":\"ImageObject\",\"inLanguage\":\"de\",\"@id\":\"https:\/\/aslan-invest.com\/#\/schema\/logo\/image\/\",\"url\":\"https:\/\/aslan-invest.com\/wp-content\/uploads\/2026\/01\/aslan-invest-LOGO-1-1-scaled-e1769624144110.png\",\"contentUrl\":\"https:\/\/aslan-invest.com\/wp-content\/uploads\/2026\/01\/aslan-invest-LOGO-1-1-scaled-e1769624144110.png\",\"width\":2517,\"height\":1479,\"caption\":\"Aslan Invest Real Estate\"},\"image\":{\"@id\":\"https:\/\/aslan-invest.com\/#\/schema\/logo\/image\/\"},\"sameAs\":[\"https:\/\/www.instagram.com\/.aslaninvest.realestate\"]}]}<\/script>\n<!-- \/ Yoast SEO plugin. -->","yoast_head_json":{"title":"Typography - Aslan Invest Real Estate","robots":{"index":"index","follow":"follow","max-snippet":"max-snippet:-1","max-image-preview":"max-image-preview:large","max-video-preview":"max-video-preview:-1"},"canonical":"https:\/\/aslan-invest.com\/de\/typography\/","og_locale":"de_DE","og_type":"article","og_title":"Typography - Aslan Invest Real Estate","og_description":"Consectetur adipisicing elit, sed do eiusmod tempor incididunt ut labore et dolore magna aliqua.&nbsp;Ut enim ad minim veniam, quis nostrud&nbsp;text link&nbsp;exercitation ullamco laboris nisi ut aliquip ex ea commodo consequat. Duis aute irure dolor in reprehenderit in voluptate velit esse cillum dolore eu fugiat nulla pariatur. Excepteur sint occaecat cupidatat non proident, sunt in culpa [&hellip;]","og_url":"https:\/\/aslan-invest.com\/de\/typography\/","og_site_name":"Aslan Invest Real Estate","og_image":[{"url":"https:\/\/demo04.houzez.co\/wp-content\/uploads\/2016\/03\/205-1024x683.jpg"}],"twitter_card":"summary_large_image","twitter_misc":{"Gesch\u00e4tzte Lesezeit":"3\u00a0Minuten"},"schema":{"@context":"https:\/\/schema.org","@graph":[{"@type":"WebPage","@id":"https:\/\/aslan-invest.com\/typography\/","url":"https:\/\/aslan-invest.com\/typography\/","name":"Typography - Aslan Invest Real Estate","isPartOf":{"@id":"https:\/\/aslan-invest.com\/#website"},"primaryImageOfPage":{"@id":"https:\/\/aslan-invest.com\/typography\/#primaryimage"},"image":{"@id":"https:\/\/aslan-invest.com\/typography\/#primaryimage"},"thumbnailUrl":"https:\/\/demo04.houzez.co\/wp-content\/uploads\/2016\/03\/205-1024x683.jpg","datePublished":"2020-03-02T19:35:06+00:00","dateModified":"2020-03-02T19:35:06+00:00","breadcrumb":{"@id":"https:\/\/aslan-invest.com\/typography\/#breadcrumb"},"inLanguage":"de","potentialAction":[{"@type":"ReadAction","target":["https:\/\/aslan-invest.com\/typography\/"]}]},{"@type":"ImageObject","inLanguage":"de","@id":"https:\/\/aslan-invest.com\/typography\/#primaryimage","url":"https:\/\/demo04.houzez.co\/wp-content\/uploads\/2016\/03\/205-1024x683.jpg","contentUrl":"https:\/\/demo04.houzez.co\/wp-content\/uploads\/2016\/03\/205-1024x683.jpg"},{"@type":"BreadcrumbList","@id":"https:\/\/aslan-invest.com\/typography\/#breadcrumb","itemListElement":[{"@type":"ListItem","position":1,"name":"Anasayfa","item":"https:\/\/aslan-invest.com\/"},{"@type":"ListItem","position":2,"name":"Typography"}]},{"@type":"WebSite","@id":"https:\/\/aslan-invest.com\/#website","url":"https:\/\/aslan-invest.com\/","name":"Aslan Invest Real Estate","description":"Alanya Real Estate | Investment","publisher":{"@id":"https:\/\/aslan-invest.com\/#organization"},"potentialAction":[{"@type":"SearchAction","target":{"@type":"EntryPoint","urlTemplate":"https:\/\/aslan-invest.com\/?s={search_term_string}"},"query-input":{"@type":"PropertyValueSpecification","valueRequired":true,"valueName":"search_term_string"}}],"inLanguage":"de"},{"@type":"Organization","@id":"https:\/\/aslan-invest.com\/#organization","name":"Aslan Invest Real Estate","url":"https:\/\/aslan-invest.com\/","logo":{"@type":"ImageObject","inLanguage":"de","@id":"https:\/\/aslan-invest.com\/#\/schema\/logo\/image\/","url":"https:\/\/aslan-invest.com\/wp-content\/uploads\/2026\/01\/aslan-invest-LOGO-1-1-scaled-e1769624144110.png","contentUrl":"https:\/\/aslan-invest.com\/wp-content\/uploads\/2026\/01\/aslan-invest-LOGO-1-1-scaled-e1769624144110.png","width":2517,"height":1479,"caption":"Aslan Invest Real Estate"},"image":{"@id":"https:\/\/aslan-invest.com\/#\/schema\/logo\/image\/"},"sameAs":["https:\/\/www.instagram.com\/.aslaninvest.realestate"]}]}},"_links":{"self":[{"href":"https:\/\/aslan-invest.com\/de\/wp-json\/wp\/v2\/pages\/17112","targetHints":{"allow":["GET"]}}],"collection":[{"href":"https:\/\/aslan-invest.com\/de\/wp-json\/wp\/v2\/pages"}],"about":[{"href":"https:\/\/aslan-invest.com\/de\/wp-json\/wp\/v2\/types\/page"}],"author":[{"embeddable":true,"href":"https:\/\/aslan-invest.com\/de\/wp-json\/wp\/v2\/users\/1"}],"replies":[{"embeddable":true,"href":"https:\/\/aslan-invest.com\/de\/wp-json\/wp\/v2\/comments?post=17112"}],"version-history":[{"count":0,"href":"https:\/\/aslan-invest.com\/de\/wp-json\/wp\/v2\/pages\/17112\/revisions"}],"wp:attachment":[{"href":"https:\/\/aslan-invest.com\/de\/wp-json\/wp\/v2\/media?parent=17112"}],"curies":[{"name":"wp","href":"https:\/\/api.w.org\/{rel}","templated":true}]}}